{"id":13039,"date":"2024-10-14T11:46:58","date_gmt":"2024-10-14T09:46:58","guid":{"rendered":"https:\/\/smartcoworking.ad\/escriptori-calent\/"},"modified":"2026-04-14T16:44:03","modified_gmt":"2026-04-14T14:44:03","slug":"escriptori-calent","status":"publish","type":"page","link":"https:\/\/smartcoworking.ad\/ca\/escriptori-calent\/","title":{"rendered":"Hot Desk"},"content":{"rendered":"<p>[vc_row][vc_column]<div class=\"heading  default align-center subcolor-black transform-default icon-type-hidden heading-tag-h4\" id=\"like_sc_header_989346986\"><h4 class=\"header ltx-sr-id-like_sc_header_9893469861502384737 ltx-sr ltx-sr-effect-fade_in ltx-sr-el-block ltx-sr-delay-0 ltx-sr-duration-1000 ltx-sr-sequences-0\">Hot Desk \u2013 El teu espai per crear i connectar a Andorra la Vella<\/h4><\/div>[\/vc_column][\/vc_row][vc_row][vc_column][vc_custom_heading text=&#8221;Llogar un hot desk a SMART Coworking, a Andorra la Vella, et dona la llibertat de treballar en un entorn din\u00e0mic sense el comprom\u00eds d\u2019un contracte a llarg termini. \u00c9s la soluci\u00f3 ideal per a freelancers, startups i emprenedors que necessiten un espai professional a un preu assequible.<br \/>\nPreparat per donar un impuls a la teva productivitat?&#8221; font_container=&#8221;tag:p|font_size:18px|text_align:left|color:%23000000&#8243; use_theme_fonts=&#8221;yes&#8221; css=&#8221;.vc_custom_1742662665407{margin-top: 2rem !important;}&#8221;][vc_btn title=&#8221;Reserva ara&#8221; style=&#8221;custom&#8221; custom_background=&#8221;#800d20&#8243; custom_text=&#8221;#ffffff&#8221; shape=&#8221;square&#8221; align=&#8221;center&#8221; i_icon_fontawesome=&#8221;far fa-hand-point-right&#8221; css_animation=&#8221;none&#8221; add_icon=&#8221;true&#8221; el_class=&#8221;vc-coworking-andorra-hot-desk-btn&#8221; css=&#8221;.vc_custom_1732804631099{margin-top: 50px !important;}&#8221; link=&#8221;url:https%3A%2F%2Fsmartcoworking.ad%2Fca%2Fcontacte%2F|title:Contacte|target:_blank|&#8221;][\/vc_column][\/vc_row][vc_section full_width=&#8221;stretch_row_content&#8221; css=&#8221;.vc_custom_1729680872255{margin-top: 60px !important;}&#8221;][vc_row equal_height=&#8221;yes&#8221; css=&#8221;.vc_custom_1730809936267{background-color: #ededed !important;}&#8221; el_class=&#8221;andorra-desk-col&#8221;][vc_column width=&#8221;1\/2&#8243; css=&#8221;.vc_custom_1736965031306{padding-top: 0px !important;padding-right: 0px !important;padding-bottom: 0px !important;padding-left: 0px !important;background-image: url(https:\/\/smartcoworking.ad\/wp-content\/uploads\/2025\/01\/COWORKING-ALTA-24-scaled-e1736964999524.jpg?id=13725) !important;background-position: center !important;background-repeat: no-repeat !important;background-size: cover !important;}&#8221;][vc_empty_space height=&#8221;200px&#8221;][\/vc_column][vc_column width=&#8221;1\/2&#8243; css=&#8221;.vc_custom_1730796531799{padding-top: 50px !important;padding-right: 30px !important;padding-bottom: 50px !important;padding-left: 30px !important;}&#8221;][vc_custom_heading text=&#8221;Descobreix tot el que inclou un Hot Desk a SMART Coworking&#8221; font_container=&#8221;tag:h5|font_size:25px|text_align:left|color:%23880015|line_height:35px&#8221; google_fonts=&#8221;font_family:Roboto%3A100%2C100italic%2C300%2C300italic%2Cregular%2Citalic%2C500%2C500italic%2C700%2C700italic%2C900%2C900italic|font_style:700%20bold%20regular%3A700%3Anormal&#8221; css=&#8221;.vc_custom_1737717472095{margin-top: 1rem !important;}&#8221;][vc_column_text]<\/p>\n<ul>\n<li><strong>Horari flexible: <\/strong>Gaudeix de la llibertat de venir quan ho necessitis, sense compromisos a llarg termini.<\/li>\n<li><strong>Serveis essencials: <\/strong>Wi-Fi d\u2019alta velocitat, acc\u00e9s a impressores i seients confortables \u2014 tot incl\u00f2s.<\/li>\n<li><strong>Opci\u00f3 econ\u00f2mica: <\/strong>Un preu m\u00e9s assequible en comparaci\u00f3 amb les oficines privades o els escriptoris fixos.<\/li>\n<li><strong>Beneficis de la comunitat:<\/strong> Connecta amb altres emprenedors, freelancers i professionals en un entorn din\u00e0mic.<\/li>\n<\/ul>\n<p>[\/vc_column_text][vc_row_inner equal_height=&#8221;yes&#8221; gap=&#8221;15&#8243; css=&#8221;.vc_custom_1729681218899{padding-top: 30px !important;}&#8221;][vc_column_inner width=&#8221;1\/2&#8243; css=&#8221;.vc_custom_1729680953535{padding-bottom: 20px !important;background-color: #ffffff !important;}&#8221;][vc_icon icon_fontawesome=&#8221;fas fa-calendar-check&#8221; color=&#8221;black&#8221; align=&#8221;center&#8221; css=&#8221;.vc_custom_1729775257186{margin-bottom: 0px !important;padding-top: 20px !important;}&#8221;][vc_custom_heading text=&#8221;Mai no ha estat tan f\u00e0cil reservar el teu Hot Desk&#8221; font_container=&#8221;tag:h6|font_size:18px|text_align:center|color:%23000000&#8243; use_theme_fonts=&#8221;yes&#8221; css=&#8221;.vc_custom_1736964542628{margin-top: 0px !important;}&#8221;][vc_column_text]<\/p>\n<p class=\"p1\"><strong>Reservar un hot desk \u00e9s ben f\u00e0cil<\/strong>: nom\u00e9s cal que ens envi\u00efs un correu o ens truquis per comprovar la disponibilitat. <strong>No cal cap subscripci\u00f3 m\u00ednima<\/strong>, aix\u00ed que vine quan necessitis un espai per treballar.<\/p>\n<p class=\"p1\">Nom\u00e9s has de facilitar les teves dades a l\u2019arribada i ja podr\u00e0s gaudir de les nostres instal\u00b7lacions.<\/p>\n<p>[\/vc_column_text][\/vc_column_inner][vc_column_inner width=&#8221;1\/2&#8243; css=&#8221;.vc_custom_1729680964479{padding-bottom: 20px !important;background-color: #ffffff !important;}&#8221;][vc_icon icon_fontawesome=&#8221;fas fa-map-pin&#8221; color=&#8221;black&#8221; align=&#8221;center&#8221; css=&#8221;.vc_custom_1736964631224{margin-top: 20px !important;margin-bottom: 0px !important;}&#8221;][vc_custom_heading text=&#8221;Al cor d\u2019Andorra la Vella&#8221; font_container=&#8221;tag:h6|font_size:18px|text_align:center&#8221; use_theme_fonts=&#8221;yes&#8221; css=&#8221;.vc_custom_1736963318312{margin-top: 0px !important;}&#8221;][vc_column_text]<\/p>\n<p class=\"p1\">SMART Coworking es troba<strong> a pocs minuts a peu del centre hist\u00f2ric d\u2019Andorra la Vella i dels principals edificis governamentals<\/strong>, fet que el converteix en una opci\u00f3 ideal per gestionar tr\u00e0mits administratius.<\/p>\n<p class=\"p1\">A m\u00e9s, <strong>tens a prop cafeteries, restaurants i tota mena de serveis<\/strong> perqu\u00e8 no et falti de res.<\/p>\n<p>[\/vc_column_text][\/vc_column_inner][\/vc_row_inner][\/vc_column][\/vc_row][\/vc_section][vc_row full_width=&#8221;stretch_row&#8221; css=&#8221;.vc_custom_1729681396920{margin-bottom: 60px !important;}&#8221;][vc_column]<div class=\"heading  default align-center color-black subcolor-black transform-default icon-type-hidden heading-tag-h4\" id=\"like_sc_header_100053315\"><h4 class=\"header ltx-sr-id-like_sc_header_1000533151252788841 ltx-sr ltx-sr-effect-fade_in ltx-sr-el-block ltx-sr-delay-0 ltx-sr-duration-1000 ltx-sr-sequences-0\">Les nostres tarifes per a Hot Desks<\/h4><\/div>[vc_separator color=&#8221;custom&#8221; border_width=&#8221;3&#8243; el_width=&#8221;10&#8243; accent_color=&#8221;#800d20&#8243;][\/vc_column][vc_column][vc_tta_tabs alignment=&#8221;center&#8221; active_section=&#8221;1&#8243; css=&#8221;.vc_custom_1729773161410{padding-top: 40px !important;}&#8221;][vc_tta_section title=&#8221;Preu 1\/2 dia&#8221; tab_id=&#8221;1729674664347-87d25a72-7e30&#8243;]<div class=\"heading  default align-left transform-default icon-type-hidden   vc_custom_1744810895073 heading-tag-h5\" id=\"like_sc_header_2072684416\"><h5 class=\"header \">Preu 1\/2 dia: 13\u202f\u20ac <span>sense IGI<\/span><\/h5><\/div>[vc_column_text]<\/p>\n<ul>\n<li>Acc\u00e9s sota reserva<\/li>\n<li>Ubicaci\u00f3 subjecta a disponibilitat\n<div id=\"price-1-2-day\" class=\"kc-elm kc-css-491273 kc_tab ui-tabs-panel kc_ui-tabs-hide kc_clearfix ui-tabs-body-active kc-section-active\"><\/div>\n<\/li>\n<li>Espai compartit<\/li>\n<li>Acc\u00e9s a la impressora<\/li>\n<li>Wifi<\/li>\n<li>Electricitat<\/li>\n<li>Servei de neteja<\/li>\n<li>40% de descompte en la reserva de la sala de reunions<\/li>\n<\/ul>\n<p>[\/vc_column_text][\/vc_tta_section][vc_tta_section title=&#8221;Preu 1 dia&#8221; tab_id=&#8221;1729674664347-83afcd4c-8beb&#8221;]<div class=\"heading  default align-left transform-default icon-type-hidden   vc_custom_1744810958922 heading-tag-h5\" id=\"like_sc_header_264820233\"><h5 class=\"header \">Preu 1 dia: 20\u20ac <span>sense IGI<\/span><\/h5><\/div>[vc_column_text el_class=&#8221;vc-coworking-andorra-hot-desk-tab-price-1-day&#8221;]<\/p>\n<ul class=\"content-desc\">\n<li>Acc\u00e9s sota reserva<\/li>\n<li>Ubicaci\u00f3 subjecta a disponibilitat\n<div id=\"price-1-day\" class=\"kc-elm kc-css-83878 kc_tab ui-tabs-panel kc_ui-tabs-hide kc_clearfix ui-tabs-body-active kc-section-active\"><\/div>\n<\/li>\n<li>Espai compartit<\/li>\n<li>Acc\u00e9s a la impressora<\/li>\n<li>Wifi<\/li>\n<li>Electricitat<\/li>\n<li>Servei de neteja<\/li>\n<li>40% de descompte en la reserva de la sala de reunions<\/li>\n<\/ul>\n<p>[\/vc_column_text][\/vc_tta_section][vc_tta_section title=&#8221;Preu 1 mes&#8221; tab_id=&#8221;1729675618335-c726ca59-afb6&#8243;]<div class=\"heading  default align-left transform-default icon-type-hidden   vc_custom_1744810949189 heading-tag-h5\" id=\"like_sc_header_2091716514\"><h5 class=\"header \">Preu 1 mes: 105\u20ac <span>sense IGI<\/span><\/h5><\/div>[vc_column_text]<\/p>\n<ul>\n<li>Acc\u00e9s il\u00b7limitat en un espai compartit<\/li>\n<li>2 hores de sala de reunions al mes<\/li>\n<li>50 impressions en blanc i negre al mes<\/li>\n<li>Ubicaci\u00f3 subjecta a disponibilitat<\/li>\n<li>Wifi<\/li>\n<li>Electricitat<\/li>\n<li>Servei de neteja<\/li>\n<li>40% de descompte en la reserva de la sala de reunions<\/li>\n<\/ul>\n<p>[\/vc_column_text][\/vc_tta_section][\/vc_tta_tabs][\/vc_column][\/vc_row][vc_section full_width=&#8221;stretch_row_content&#8221; disable_element=&#8221;yes&#8221; bg_overlay=&#8221;half&#8221; css=&#8221;.vc_custom_1738342016267{background-image: url(https:\/\/smartcoworking.ad\/wp-content\/uploads\/2024\/10\/smart-executive-coworking-banner-1-1.jpg?id=9986) !important;background-position: center !important;background-repeat: no-repeat !important;background-size: cover !important;}&#8221;][vc_row disable_element=&#8221;yes&#8221; css=&#8221;.vc_custom_1738341945585{padding-top: 100px !important;padding-bottom: 100px !important;}&#8221;][vc_column width=&#8221;1\/3&#8243;][\/vc_column][vc_column width=&#8221;1\/3&#8243; css=&#8221;.vc_custom_1729678814105{padding-top: 100px !important;padding-bottom: 100px !important;}&#8221;]<div class=\"heading  header-underline align-center color-white transform-default icon-type-hidden   vc_custom_1729678920575 heading-tag-h3\" id=\"like_sc_header_1292277950\"><h3 class=\"header ltx-sr-id-like_sc_header_12922779501071565627 ltx-sr ltx-sr-effect-fade_in ltx-sr-el-block ltx-sr-delay-0 ltx-sr-duration-1000 ltx-sr-sequences-0\">Our prices include<\/h3><\/div>[vc_column_text el_class=&#8221;vc-coworking-andorra-hot-desk-our-prices-include-li&#8221;]<\/p>\n<ul>\n<li>Espai compartit<\/li>\n<li>Acc\u00e9s a la impressora<\/li>\n<li>Wifi<\/li>\n<li>Electricitat<\/li>\n<li>Servei de neteja<\/li>\n<li>40% de descompte en la reserva de la sala de reunions<\/li>\n<\/ul>\n<p>[\/vc_column_text][\/vc_column][vc_column width=&#8221;1\/3&#8243;][\/vc_column][\/vc_row][\/vc_section][vc_row][vc_column]<div class=\"heading  default align-center transform-default icon-type-hidden heading-tag-h2\" id=\"like_sc_header_494123704\"><h2 class=\"header ltx-sr-id-like_sc_header_494123704759491468 ltx-sr ltx-sr-effect-fade_in ltx-sr-el-block ltx-sr-delay-0 ltx-sr-duration-1000 ltx-sr-sequences-0\">FAQ<\/h2><\/div>[vc_tta_accordion active_section=&#8221;1&#8243; css=&#8221;.vc_custom_1729681848303{padding-top: 30px !important;}&#8221;][vc_tta_section title=&#8221;Qu\u00e8 \u00e9s un Hot Desk? Com \u00e9s a Andorra?&#8221; tab_id=&#8221;1729601777771-cc663d68-72aa&#8221;][vc_custom_heading text=&#8221;El sistema de hot desking funciona igual arreu. En un espai de coworking ocupar\u00e0s qualsevol escriptori disponible en aquell moment, sense tenir un lloc assignat. Si hi ha disponibilitat, pots venir a SMART Coworking Andorra quan ho necessitis. Tot i aix\u00f2, et recomanem avisar amb antelaci\u00f3.&#8221; font_container=&#8221;tag:p|font_size:16px|text_align:left|color:%23000000&#8243; use_theme_fonts=&#8221;yes&#8221;][vc_custom_heading text=&#8221;No ocupar\u00e0s el mateix lloc cada dia quan treballis en un espai coworking amb altres professionals. A SMART Coworking Andorra t\u2019oferim un espai net i ordenat perqu\u00e8 puguis concentrar-te i ser productiu. A m\u00e9s, al nostre espai compartit pots descobrir les habilitats d\u2019altres persones, generar nous contactes i trobar oportunitats interessants.&#8221; font_container=&#8221;tag:p|font_size:16px|text_align:left|color:%23000000&#8243; use_theme_fonts=&#8221;yes&#8221;][\/vc_tta_section][vc_tta_section title=&#8221;SMART Coworking t\u00e9 subscripci\u00f3 per als hot desks?&#8221; tab_id=&#8221;1729601925181-2e54cf0a-f92d&#8221;][vc_custom_heading text=&#8221;A SMART Coworking Andorra no cobrem cap quota de membres per fer servir els hot desks. Per qu\u00e8 hauries de pagar-ne una? Entenem que ja no vols estar lligat a un escriptori fix. El que vols \u00e9s flexibilitat, autonomia i poder planificar el teu dia com millor et convingui.&#8221; font_container=&#8221;tag:p|font_size:16px|text_align:left|color:%23000000&#8243; use_theme_fonts=&#8221;yes&#8221;][vc_custom_heading text=&#8221;En comptes de fer-te soci, tria el paquet que millor s\u2019adapti al teu negoci. Pots pujar, baixar o cancel\u00b7lar el teu pla actual en qualsevol moment. Vine a l\u2019oficina quan vulguis i fes servir un escriptori segons les teves necessitats.&#8221; font_container=&#8221;tag:p|font_size:16px|text_align:left|color:%23000000&#8243; use_theme_fonts=&#8221;yes&#8221;][\/vc_tta_section][vc_tta_section title=&#8221;Puc registrar la meva empresa amb un Hot Desk?&#8221; tab_id=&#8221;1736963769498-31c4a722-21a8&#8243;][vc_custom_heading text=&#8221;No, a Andorra necessites un espai dedicat i permanent per registrar la teva empresa. Visita les nostres seccions de \u201cDedicated Desk\u201d o \u201cOficina Privada\u201d per trobar una soluci\u00f3 que compleixi amb els requisits legals.&#8221; font_container=&#8221;tag:p|font_size:16px|text_align:left|color:%23000000&#8243; use_theme_fonts=&#8221;yes&#8221;][\/vc_tta_section][\/vc_tta_accordion]<div class=\"es-resp\">\t<div class=\"visible-xl\" style=\"height: 140px;\"><\/div>\t<div class=\"hidden-xl hidden-md hidden-sm hidden-ms hidden-xs\" style=\"height: 140px;\"><\/div>\t<div class=\"visible-md\" style=\"height: 140px;\"><\/div>\t<div class=\"visible-sm \" style=\"height: 140px;\"><\/div>\t<div class=\"visible-ms\" style=\"height: 32px;\"><\/div>\t<div class=\"visible-xs\" style=\"height: 32px;\"><\/div><\/div>[\/vc_column][\/vc_row][vc_row][vc_column width=&#8221;1\/3&#8243;][\/vc_column][vc_column width=&#8221;1\/3&#8243;][vc_gallery type=&#8221;flexslider_slide&#8221; interval=&#8221;3&#8243; images=&#8221;14120,14126,14132,14138,14144,14150&#8243; img_size=&#8221;500&#215;333&#8243; onclick=&#8221;&#8221;][\/vc_column][vc_column width=&#8221;1\/3&#8243;][\/vc_column][\/vc_row]<\/p>\n","protected":false},"excerpt":{"rendered":"<p>[vc_row][vc_column][\/vc_column][\/vc_row][vc_row][vc_column][vc_custom_heading text=&#8221;Llogar un hot desk a SMART Coworking, a Andorra la Vella, et dona la llibertat de treballar en un entorn din\u00e0mic sense el comprom\u00eds d\u2019un contracte a llarg termini. \u00c9s la soluci\u00f3 ideal per a freelancers, startups i emprenedors que necessiten un espai professional a un preu assequible. Preparat per donar un impuls a la teva productivitat?&#8221; font_container=&#8221;tag:p|font_size:18px|text_align:left|color:%23000000&#8243; use_theme_fonts=&#8221;yes&#8221; css=&#8221;.vc_custom_1742662665407{margin-top: 2rem !important;}&#8221;][vc_btn title=&#8221;Reserva ara&#8221; style=&#8221;custom&#8221; custom_background=&#8221;#800d20&#8243; custom_text=&#8221;#ffffff&#8221; shape=&#8221;square&#8221; align=&#8221;center&#8221; i_icon_fontawesome=&#8221;far fa-hand-point-right&#8221; css_animation=&#8221;none&#8221; add_icon=&#8221;true&#8221; el_class=&#8221;vc-coworking-andorra-hot-desk-btn&#8221; css=&#8221;.vc_custom_1732804631099{margin-top: 50px !important;}&#8221; link=&#8221;url:https%3A%2F%2Fsmartcoworking.ad%2Fca%2Fcontacte%2F|title:Contacte|target:_blank|&#8221;][\/vc_column][\/vc_row][vc_section full_width=&#8221;stretch_row_content&#8221; css=&#8221;.vc_custom_1729680872255{margin-top: 60px !important;}&#8221;][vc_row equal_height=&#8221;yes&#8221; css=&#8221;.vc_custom_1730809936267{background-color: #ededed !important;}&#8221; el_class=&#8221;andorra-desk-col&#8221;][vc_column width=&#8221;1\/2&#8243; css=&#8221;.vc_custom_1736965031306{padding-top: 0px !important;padding-right: 0px !important;padding-bottom: 0px !important;padding-left: 0px !important;background-image: url(https:\/\/smartcoworking.ad\/wp-content\/uploads\/2025\/01\/COWORKING-ALTA-24-scaled-e1736964999524.jpg?id=13725) !important;background-position: center !important;background-repeat: no-repeat !important;background-size: cover !important;}&#8221;][vc_empty_space height=&#8221;200px&#8221;][\/vc_column][vc_column width=&#8221;1\/2&#8243; css=&#8221;.vc_custom_1730796531799{padding-top: 50px !important;padding-right: 30px !important;padding-bottom: 50px !important;padding-left: 30px !important;}&#8221;][vc_custom_heading text=&#8221;Descobreix tot el [&hellip;]<\/p>\n","protected":false},"author":2,"featured_media":0,"parent":0,"menu_order":0,"comment_status":"closed","ping_status":"closed","template":"page-templates\/full-width.php","meta":{"_acf_changed":false,"_coblocks_attr":"","_coblocks_dimensions":"","_coblocks_responsive_height":"","_coblocks_accordion_ie_support":"","footnotes":""},"class_list":["post-13039","page","type-page","status-publish","hentry"],"acf":[],"yoast_head":"<!-- This site is optimized with the Yoast SEO plugin v27.4 - https:\/\/yoast.com\/product\/yoast-seo-wordpress\/ -->\n<title>SMART Coworking Andorra Hot Desk<\/title>\n<meta name=\"description\" content=\"Hot Desk, el teu espai per crear i connectar a Andorra la Vella. Horari flexible, serveis essencials, opci\u00f3 econ\u00f2mica, entorn din\u00e0mic.\" \/>\n<meta name=\"robots\" content=\"index, follow, max-snippet:-1, max-image-preview:large, max-video-preview:-1\" \/>\n<link rel=\"canonical\" href=\"https:\/\/smartcoworking.ad\/ca\/escriptori-calent\/\" \/>\n<meta property=\"og:locale\" content=\"ca_ES\" \/>\n<meta property=\"og:type\" content=\"article\" \/>\n<meta property=\"og:title\" content=\"SMART Coworking Andorra Hot Desk\" \/>\n<meta property=\"og:description\" content=\"Hot Desk, el teu espai per crear i connectar a Andorra la Vella. Horari flexible, serveis essencials, opci\u00f3 econ\u00f2mica, entorn din\u00e0mic.\" \/>\n<meta property=\"og:url\" content=\"https:\/\/smartcoworking.ad\/ca\/escriptori-calent\/\" \/>\n<meta property=\"og:site_name\" content=\"SMART Coworking\" \/>\n<meta property=\"article:publisher\" content=\"https:\/\/www.facebook.com\/smartexecutiveandorra\" \/>\n<meta property=\"article:modified_time\" content=\"2026-04-14T14:44:03+00:00\" \/>\n<meta name=\"twitter:card\" content=\"summary_large_image\" \/>\n<meta name=\"twitter:site\" content=\"@smart_exe_and\" \/>\n<meta name=\"twitter:label1\" content=\"Temps estimat de lectura\" \/>\n\t<meta name=\"twitter:data1\" content=\"5 minuts\" \/>\n<script type=\"application\/ld+json\" class=\"yoast-schema-graph\">{\"@context\":\"https:\\\/\\\/schema.org\",\"@graph\":[{\"@type\":\"WebPage\",\"@id\":\"https:\\\/\\\/smartcoworking.ad\\\/ca\\\/escriptori-calent\\\/\",\"url\":\"https:\\\/\\\/smartcoworking.ad\\\/ca\\\/escriptori-calent\\\/\",\"name\":\"SMART Coworking Andorra Hot Desk\",\"isPartOf\":{\"@id\":\"https:\\\/\\\/smartcoworking.ad\\\/ca\\\/#website\"},\"datePublished\":\"2024-10-14T09:46:58+00:00\",\"dateModified\":\"2026-04-14T14:44:03+00:00\",\"description\":\"Hot Desk, el teu espai per crear i connectar a Andorra la Vella. Horari flexible, serveis essencials, opci\u00f3 econ\u00f2mica, entorn din\u00e0mic.\",\"breadcrumb\":{\"@id\":\"https:\\\/\\\/smartcoworking.ad\\\/ca\\\/escriptori-calent\\\/#breadcrumb\"},\"inLanguage\":\"ca\",\"potentialAction\":[{\"@type\":\"ReadAction\",\"target\":[\"https:\\\/\\\/smartcoworking.ad\\\/ca\\\/escriptori-calent\\\/\"]}]},{\"@type\":\"BreadcrumbList\",\"@id\":\"https:\\\/\\\/smartcoworking.ad\\\/ca\\\/escriptori-calent\\\/#breadcrumb\",\"itemListElement\":[{\"@type\":\"ListItem\",\"position\":1,\"name\":\"A casa\",\"item\":\"https:\\\/\\\/smartcoworking.ad\\\/ca\\\/\"},{\"@type\":\"ListItem\",\"position\":2,\"name\":\"Hot Desk\"}]},{\"@type\":\"WebSite\",\"@id\":\"https:\\\/\\\/smartcoworking.ad\\\/ca\\\/#website\",\"url\":\"https:\\\/\\\/smartcoworking.ad\\\/ca\\\/\",\"name\":\"SMART Coworking\",\"description\":\"Coworking Spaces in Andorra\",\"potentialAction\":[{\"@type\":\"SearchAction\",\"target\":{\"@type\":\"EntryPoint\",\"urlTemplate\":\"https:\\\/\\\/smartcoworking.ad\\\/ca\\\/?s={search_term_string}\"},\"query-input\":{\"@type\":\"PropertyValueSpecification\",\"valueRequired\":true,\"valueName\":\"search_term_string\"}}],\"inLanguage\":\"ca\"}]}<\/script>\n<!-- \/ Yoast SEO plugin. -->","yoast_head_json":{"title":"SMART Coworking Andorra Hot Desk","description":"Hot Desk, el teu espai per crear i connectar a Andorra la Vella. Horari flexible, serveis essencials, opci\u00f3 econ\u00f2mica, entorn din\u00e0mic.","robots":{"index":"index","follow":"follow","max-snippet":"max-snippet:-1","max-image-preview":"max-image-preview:large","max-video-preview":"max-video-preview:-1"},"canonical":"https:\/\/smartcoworking.ad\/ca\/escriptori-calent\/","og_locale":"ca_ES","og_type":"article","og_title":"SMART Coworking Andorra Hot Desk","og_description":"Hot Desk, el teu espai per crear i connectar a Andorra la Vella. Horari flexible, serveis essencials, opci\u00f3 econ\u00f2mica, entorn din\u00e0mic.","og_url":"https:\/\/smartcoworking.ad\/ca\/escriptori-calent\/","og_site_name":"SMART Coworking","article_publisher":"https:\/\/www.facebook.com\/smartexecutiveandorra","article_modified_time":"2026-04-14T14:44:03+00:00","twitter_card":"summary_large_image","twitter_site":"@smart_exe_and","twitter_misc":{"Temps estimat de lectura":"5 minuts"},"schema":{"@context":"https:\/\/schema.org","@graph":[{"@type":"WebPage","@id":"https:\/\/smartcoworking.ad\/ca\/escriptori-calent\/","url":"https:\/\/smartcoworking.ad\/ca\/escriptori-calent\/","name":"SMART Coworking Andorra Hot Desk","isPartOf":{"@id":"https:\/\/smartcoworking.ad\/ca\/#website"},"datePublished":"2024-10-14T09:46:58+00:00","dateModified":"2026-04-14T14:44:03+00:00","description":"Hot Desk, el teu espai per crear i connectar a Andorra la Vella. Horari flexible, serveis essencials, opci\u00f3 econ\u00f2mica, entorn din\u00e0mic.","breadcrumb":{"@id":"https:\/\/smartcoworking.ad\/ca\/escriptori-calent\/#breadcrumb"},"inLanguage":"ca","potentialAction":[{"@type":"ReadAction","target":["https:\/\/smartcoworking.ad\/ca\/escriptori-calent\/"]}]},{"@type":"BreadcrumbList","@id":"https:\/\/smartcoworking.ad\/ca\/escriptori-calent\/#breadcrumb","itemListElement":[{"@type":"ListItem","position":1,"name":"A casa","item":"https:\/\/smartcoworking.ad\/ca\/"},{"@type":"ListItem","position":2,"name":"Hot Desk"}]},{"@type":"WebSite","@id":"https:\/\/smartcoworking.ad\/ca\/#website","url":"https:\/\/smartcoworking.ad\/ca\/","name":"SMART Coworking","description":"Coworking Spaces in Andorra","potentialAction":[{"@type":"SearchAction","target":{"@type":"EntryPoint","urlTemplate":"https:\/\/smartcoworking.ad\/ca\/?s={search_term_string}"},"query-input":{"@type":"PropertyValueSpecification","valueRequired":true,"valueName":"search_term_string"}}],"inLanguage":"ca"}]}},"_links":{"self":[{"href":"https:\/\/smartcoworking.ad\/ca\/wp-json\/wp\/v2\/pages\/13039","targetHints":{"allow":["GET"]}}],"collection":[{"href":"https:\/\/smartcoworking.ad\/ca\/wp-json\/wp\/v2\/pages"}],"about":[{"href":"https:\/\/smartcoworking.ad\/ca\/wp-json\/wp\/v2\/types\/page"}],"author":[{"embeddable":true,"href":"https:\/\/smartcoworking.ad\/ca\/wp-json\/wp\/v2\/users\/2"}],"replies":[{"embeddable":true,"href":"https:\/\/smartcoworking.ad\/ca\/wp-json\/wp\/v2\/comments?post=13039"}],"version-history":[{"count":21,"href":"https:\/\/smartcoworking.ad\/ca\/wp-json\/wp\/v2\/pages\/13039\/revisions"}],"predecessor-version":[{"id":15374,"href":"https:\/\/smartcoworking.ad\/ca\/wp-json\/wp\/v2\/pages\/13039\/revisions\/15374"}],"wp:attachment":[{"href":"https:\/\/smartcoworking.ad\/ca\/wp-json\/wp\/v2\/media?parent=13039"}],"curies":[{"name":"wp","href":"https:\/\/api.w.org\/{rel}","templated":true}]}}