{"id":13091,"date":"2024-10-14T11:49:25","date_gmt":"2024-10-14T09:49:25","guid":{"rendered":"https:\/\/smartcoworking.ad\/oficina-virtual\/"},"modified":"2026-04-16T12:32:02","modified_gmt":"2026-04-16T10:32:02","slug":"oficina-virtual","status":"publish","type":"page","link":"https:\/\/smartcoworking.ad\/ca\/oficina-virtual\/","title":{"rendered":"Oficina Virtual"},"content":{"rendered":"<p>[vc_section][vc_row][vc_column]<div class=\"heading  default align-center transform-default icon-type-hidden heading-tag-h4\" id=\"like_sc_header_622401312\"><h4 class=\"header ltx-sr-id-like_sc_header_6224013121460643615 ltx-sr ltx-sr-effect-fade_in ltx-sr-el-block ltx-sr-delay-0 ltx-sr-duration-1000 ltx-sr-sequences-0\">Oficina Virtual - <span>Andorra la Vella<\/span><\/h4><\/div>[vc_separator color=&#8221;custom&#8221; border_width=&#8221;3&#8243; el_width=&#8221;10&#8243; accent_color=&#8221;#800d20&#8243;]<div class=\"es-resp\">\t<div class=\"visible-xl\" style=\"height: 64px;\"><\/div>\t<div class=\"hidden-xl hidden-md hidden-sm hidden-ms hidden-xs\" style=\"height: 64px;\"><\/div>\t<div class=\"visible-md\" style=\"height: 64px;\"><\/div>\t<div class=\"visible-sm \" style=\"height: 64px;\"><\/div>\t<div class=\"visible-ms\" style=\"height: 32px;\"><\/div>\t<div class=\"visible-xs\" style=\"height: 32px;\"><\/div><\/div>[vc_column_text]Una Oficina Virtual et permet tenir una adre\u00e7a professional, igual que la domiciliaci\u00f3 d&#8217;empresa, per\u00f2 amb l&#8217;avantatge afegit d&#8217;acc\u00e9s mensual a sales de reunions per rebre clients i prove\u00efdors. Pots registrar la teva empresa, per\u00f2 no la llic\u00e8ncia comercial amb aquesta opci\u00f3.[\/vc_column_text][\/vc_column][\/vc_row][\/vc_section][vc_section css=&#8221;.vc_custom_1729502367698{margin-top: 60px !important;}&#8221;][vc_row][vc_column]<div class=\"heading  default align-center transform-default icon-type-hidden   vc_custom_1744820546999 heading-tag-h4\" id=\"like_sc_header_1053219640\"><h4 class=\"header ltx-sr-id-like_sc_header_1053219640495446541 ltx-sr ltx-sr-effect-fade_in ltx-sr-el-block ltx-sr-delay-0 ltx-sr-duration-1000 ltx-sr-sequences-0\">Els avantatges d'una oficina virtual<\/h4><\/div>[vc_separator color=&#8221;custom&#8221; border_width=&#8221;3&#8243; el_width=&#8221;10&#8243; accent_color=&#8221;#800d20&#8243;][\/vc_column][\/vc_row][\/vc_section][vc_row css=&#8221;.vc_custom_1729503867410{margin-top: 40px !important;}&#8221;][vc_column]<ul class=\"ltx-block-icon  andorra-comapny-page has-descr  icons-count-4 align-center ltx-icon-color-main ltx-icon-size-default ltx-header-color-default ltx-icon-type-circle ltx-bg-color-transparent layout-cols4 ltx-icon-top  row centered\"  id=\"like_sc_block_icon_419691422\"><li class=\" col-lg-3 col-md-6 col-sm-6 col-ms-12 col-xs-12\" ><div  data-mh=\"ltx-block-icon-in-1455\" class=\"in matchHeight\"><span class=\"ltx-icon far fa-gem bg-transparent\" data-mh=\"ltx-icon-span-like_sc_block_icon_419691422\"><\/span> <h6 class=\"header\"> Imatge corporativa <\/h6> <div class=\"descr\">Perqu\u00e8 els seus clients i prove\u00efdors sentin que \u00e9s una empresa consolidada.<\/div><\/div><\/li><li class=\" col-lg-3 col-md-6 col-sm-6 col-ms-12 col-xs-12\" ><div  data-mh=\"ltx-block-icon-in-1455\" class=\"in matchHeight\"><span class=\"ltx-icon fas fa-euro-sign bg-transparent\" data-mh=\"ltx-icon-span-like_sc_block_icon_419691422\"><\/span> <h6 class=\"header\"> Assequibilitat <\/h6> <div class=\"descr\">En optar per una oficina virtual, pot mantenir el seu negoci a casa i beneficiar-se dinstal lacions dalta gamma quan sigui necessari.<\/div><\/div><\/li><li class=\" col-lg-3 col-md-6 col-sm-6 col-ms-12 col-xs-12\" ><div  data-mh=\"ltx-block-icon-in-1455\" class=\"in matchHeight\"><span class=\"ltx-icon icon-cabinet bg-transparent\" data-mh=\"ltx-icon-span-like_sc_block_icon_419691422\"><\/span> <h6 class=\"header\"> Flexibilitat <\/h6> <div class=\"descr\">Sense quota de soci ni contracte de llarga durada. Podeu ajustar l'oferta a les vostres necessitats.<\/div><\/div><\/li><li class=\" col-lg-3 col-md-6 col-sm-6 col-ms-12 col-xs-12\" ><div  data-mh=\"ltx-block-icon-in-1455\" class=\"in matchHeight\"><span class=\"ltx-icon icon-printer bg-transparent\" data-mh=\"ltx-icon-span-like_sc_block_icon_419691422\"><\/span> <h6 class=\"header\"> Acc\u00e9s a una \u00e0mplia gamma d'ofertes <\/h6> <div class=\"descr\">Aprofiteu tarifes excepcionals per accedir a l'espai de coworking o milloreu el vostre paquet d'hores de sala de reunions. Tamb\u00e9 podeu utilitzar el nostre servei d'assistent administratiu.<\/div><\/div><\/li><\/ul>[vc_btn title=&#8221;Vull rebre m\u00e9s informaci\u00f3&#8221; style=&#8221;custom&#8221; custom_background=&#8221;#800d20&#8243; custom_text=&#8221;#ffffff&#8221; align=&#8221;center&#8221; i_icon_fontawesome=&#8221;far fa-arrow-alt-circle-right&#8221; add_icon=&#8221;true&#8221; link=&#8221;url:https%3A%2F%2Fsmartcoworking.ad%2Fca%2Fcontacte%2F|target:_blank|&#8221;][\/vc_column][\/vc_row][vc_section css=&#8221;.vc_custom_1729505854881{margin-top: 60px !important;margin-bottom: 60px !important;}&#8221;][vc_row][vc_column][vc_tta_tabs alignment=&#8221;center&#8221; active_section=&#8221;1&#8243;][vc_tta_section title=&#8221;Oficina virtual b\u00e0sica&#8221; tab_id=&#8221;1729505870523-474fd387-fc27&#8243;][vc_column_text]<\/p>\n<h6>Oficina virtual b\u00e0sica<\/h6>\n<div class=\"content-sub-title\">\n<p><span class=\"content-price\" style=\"font-size: 18px;\">Des de 50<\/span><span class=\"content-currency\" style=\"font-size: 18px;\">\u20ac <\/span><span class=\"content-duration\" style=\"font-size: 18px;\">sense IGI<\/span><\/p>\n<p style=\"text-align: left;\">\u2713 Domicili social i domicili fiscal<\/p>\n<p>\u2713 2 hores de sala de reunions al mes incloses<\/p>\n<p style=\"text-align: left;\">\u2713 \u00das de l&#8217;adre\u00e7a als vostres documents i targetes<\/p>\n<p style=\"text-align: left;\">\u2713 Recepci\u00f3 de correspond\u00e8ncia<\/p>\n<p style=\"text-align: left;\">\u2713 Notificaci\u00f3 immediata per correu electr\u00f2nic del vostre servei de correu expr\u00e9s, correu certificat i paquet<\/p>\n<p style=\"text-align: left;\">\u2713 Acc\u00e9s al coworking i a altres serveis exclusius de SMART Coworking a un preu redu\u00eft<\/p>\n<p>No apte per a fins de registre mercantil (Registre de comer\u00e7)<\/p>\n<\/div>\n<p>[\/vc_column_text][\/vc_tta_section][vc_tta_section title=&#8221;Oficina virtual avan\u00e7ada&#8221; tab_id=&#8221;1729505870523-fc773db4-b767&#8243;][vc_column_text]<\/p>\n<h6>Oficina virtual avan\u00e7ada<\/h6>\n<div class=\"content-sub-title\">\n<p>Des de <span class=\"content-price\" style=\"font-size: 18px;\">80<\/span><span class=\"content-currency\" style=\"font-size: 18px;\">\u20ac <\/span><span class=\"content-duration\" style=\"font-size: 18px;\">sense IGI<\/span><\/p>\n<p style=\"text-align: left;\">\u2713 Domicili social i domicili fiscal<\/p>\n<p>\u2713 4 hores de sala de reunions al mes incloses<\/p>\n<p style=\"text-align: left;\">\u2713 \u00das de l&#8217;adre\u00e7a als vostres documents i targetes<\/p>\n<p style=\"text-align: left;\">\u2713 Recepci\u00f3 de correspond\u00e8ncia<\/p>\n<p style=\"text-align: left;\">\u2713 Notificaci\u00f3 immediata per correu electr\u00f2nic del vostre servei de correu expr\u00e9s, correu certificat i paquet<\/p>\n<p style=\"text-align: left;\">\u2713 Acc\u00e9s al coworking i altres serveis exclusius de SMART Coworking a un preu redu\u00eft<\/p>\n<p>No apte per a fins de registre mercantil (Registre de comer\u00e7)<\/p>\n<\/div>\n<p>[\/vc_column_text][\/vc_tta_section][\/vc_tta_tabs][\/vc_column][\/vc_row][\/vc_section][vc_section][vc_row][vc_column]<div class=\"heading  default align-center transform-default icon-type-hidden heading-tag-h4\" id=\"like_sc_header_1146727598\"><h4 class=\"header ltx-sr-id-like_sc_header_1146727598852703983 ltx-sr ltx-sr-effect-fade_in ltx-sr-el-block ltx-sr-delay-0 ltx-sr-duration-1000 ltx-sr-sequences-0\">SMART Coworking<\/h4><\/div>[\/vc_column][\/vc_row][\/vc_section][vc_section full_width=&#8221;stretch_row&#8221; css=&#8221;.vc_custom_1729745352385{margin-top: 0px !important;background-color: #f9f9f9 !important;}&#8221;][vc_row gap=&#8221;25&#8243; equal_height=&#8221;yes&#8221; css=&#8221;.vc_custom_1729745384976{padding-top: 40px !important;padding-bottom: 40px !important;}&#8221;][vc_column width=&#8221;1\/2&#8243; el_class=&#8221;andorra-home-col1&#8243;][vc_single_image image=&#8221;12751&#8243; img_size=&#8221;full&#8221; style=&#8221;vc_box_outline&#8221;][\/vc_column][vc_column width=&#8221;1\/2&#8243; el_class=&#8221;andorra-home-col2&#8243;]<div class=\"heading  default align-left transform-default icon-type-hidden heading-tag-h4\" id=\"like_sc_header_1587741241\"><h4 class=\"header ltx-sr-id-like_sc_header_15877412411124566158 ltx-sr ltx-sr-effect-fade_in ltx-sr-el-block ltx-sr-delay-0 ltx-sr-duration-1000 ltx-sr-sequences-0\">Sol\u00b7licita la teva oficina virtual a SMART Coworking<\/h4><\/div>[vc_separator color=&#8221;custom&#8221; align=&#8221;align_left&#8221; border_width=&#8221;3&#8243; el_width=&#8221;10&#8243; accent_color=&#8221;#800d20&#8243;][vc_column_text css=&#8221;.vc_custom_1776335500072{margin-top: 20px !important;}&#8221;]Un cop hagis registrat el teu compte de client amb nosaltres, podr\u00e0s accedir a tots els nostres serveis des del nostre centre de negocis a <strong>Andorra<\/strong>. Per exemple, pots llogar un espai de treball per preparar una reuni\u00f3 o reservar una oficina dedicada.[\/vc_column_text][\/vc_column][\/vc_row][vc_row gap=&#8221;25&#8243; equal_height=&#8221;yes&#8221;][vc_column width=&#8221;1\/2&#8243; el_class=&#8221;andorra-home-col2&#8243;]<div class=\"heading  default align-left transform-default icon-type-hidden heading-tag-h4\" id=\"like_sc_header_1660495433\"><h4 class=\"header ltx-sr-id-like_sc_header_1660495433254565340 ltx-sr ltx-sr-effect-fade_in ltx-sr-el-block ltx-sr-delay-0 ltx-sr-duration-1000 ltx-sr-sequences-0\">Reserva de sala de reunions \u2013 <span>Oficina Virtual<\/span><\/h4><\/div>[vc_separator color=&#8221;custom&#8221; align=&#8221;align_left&#8221; border_width=&#8221;3&#8243; el_width=&#8221;10&#8243; accent_color=&#8221;#800d20&#8243;][vc_column_text css=&#8221;.vc_custom_1729505242195{margin-top: 20px !important;}&#8221;]El contracte d&#8217;oficina virtual et permet accedir a un paquet d&#8217;hores mensuals incl\u00f2s. Teniu la possibilitat de modificar aquest contracte en qualsevol moment segons les vostres necessitats.<\/p>\n<p>Per reservar una sala de reunions, simplement contacta&#8217;ns. <strong>Et recomanem que facis la reserva amb antelaci\u00f3<\/strong> per garantir la disponibilitat de la sala.[\/vc_column_text][\/vc_column][vc_column width=&#8221;1\/2&#8243; el_class=&#8221;andorra-home-col1&#8243;][vc_single_image image=&#8221;12596&#8243; img_size=&#8221;full&#8221; style=&#8221;vc_box_outline&#8221;][\/vc_column][\/vc_row][vc_row gap=&#8221;25&#8243; equal_height=&#8221;yes&#8221; content_placement=&#8221;middle&#8221; css=&#8221;.vc_custom_1729509735581{margin-top: 20px !important;padding-bottom: 60px !important;}&#8221;][vc_column width=&#8221;1\/2&#8243; el_class=&#8221;andorra-home-col1&#8243;][vc_single_image image=&#8221;12591&#8243; img_size=&#8221;full&#8221; style=&#8221;vc_box_outline&#8221;][\/vc_column][vc_column width=&#8221;1\/2&#8243; el_class=&#8221;andorra-home-col2&#8243;]<div class=\"heading  default align-left transform-default icon-type-hidden heading-tag-h4\" id=\"like_sc_header_1631002911\"><h4 class=\"header ltx-sr-id-like_sc_header_1631002911961341392 ltx-sr ltx-sr-effect-fade_in ltx-sr-el-block ltx-sr-delay-0 ltx-sr-duration-1000 ltx-sr-sequences-0\">Tarifes d'oficina virtual <span>a SMART Coworking<\/span><\/h4><\/div>[vc_separator color=&#8221;custom&#8221; align=&#8221;align_left&#8221; border_width=&#8221;3&#8243; el_width=&#8221;10&#8243; accent_color=&#8221;#800d20&#8243;][vc_column_text css=&#8221;.vc_custom_1739985809553{margin-top: 20px !important;}&#8221;]<\/p>\n<div class=\"kc-elm kc-css-101774 kc_text_block\">\n<p>La ubicaci\u00f3 i la qualitat de les instal\u00b7lacions fan que les nostres tarifes d&#8217;oficina virtual siguin <strong>molt competitives<\/strong>. Els contractes s\u00f3n flexibles segons les teves necessitats i van de 6 mesos a 2 anys.<\/p>\n<\/div>\n<p>[\/vc_column_text][\/vc_column][\/vc_row][\/vc_section][vc_row css=&#8221;.vc_custom_1729510240716{margin-top: 40px !important;}&#8221;][vc_column][vc_tta_accordion active_section=&#8221;1&#8243;][vc_tta_section title=&#8221;Qu\u00e8 \u00e9s una oficina virtual?&#8221; tab_id=&#8221;1729501787020-40e61859-f9ce&#8221;][vc_column_text]El concepte d&#8217;oficina virtual es pot percebre de manera diferent en diferents pa\u00efsos. Tant a Espanya com a Andorra, un contracte d&#8217;oficina virtual t\u00e9 moltes similituds. Permet a les empreses tenir una adre\u00e7a de prestigi, sense haver d&#8217;invertir en locals dedicats. Tamb\u00e9 beneficiar\u00e0s de serveis com la gesti\u00f3 del correu i la recepci\u00f3 de les teves trucades. Finalment, tindr\u00e0s acc\u00e9s a les instal\u00b7lacions del coworking i altres serveis com sales de reunions o assist\u00e8ncia administrativa.[\/vc_column_text][\/vc_tta_section][vc_tta_section title=&#8221;Quins serveis inclou una Oficina Virtual?&#8221; tab_id=&#8221;1729501787028-815ce135-950d&#8221;][vc_column_text]A SMART Coworking, els contractes d&#8217;oficina virtual s&#8217;adapten a les vostres necessitats i inclouen:<\/p>\n<ul>\n<li>Adre\u00e7a professional a Andorra<\/li>\n<li>\u00das de l&#8217;adre\u00e7a als vostres documents i targetes de visita<\/li>\n<li>Recepci\u00f3 de correspond\u00e8ncia<\/li>\n<li>Notificaci\u00f3 immediata per correu electr\u00f2nic del vostre servei de correu expr\u00e9s, correu certificat i paquet<\/li>\n<li>Paquet d&#8217;hores de sala de reunions al mes incl\u00f2s<\/li>\n<li>Preu redu\u00eft per serveis i espai de coworking<\/li>\n<li>Servei telef\u00f2nic (opcional)<\/li>\n<\/ul>\n<p>[\/vc_column_text][\/vc_tta_section][vc_tta_section title=&#8221;Qui \u00e9s pot beneficiar d&#8217;una Oficina Virtual?&#8221; tab_id=&#8221;1729501820982-08220864-0ff1&#8243;][vc_column_text]<\/p>\n<div class=\"kc-elm kc-css-887125 kc_text_block\">\n<p>Una oficina virtual ofereix flexibilitat i un ventall de serveis tan ampli que pot ser d&#8217;inter\u00e8s per a qualsevol tipus d&#8217;emprenedor. Aix\u00ed, les persones que treballen des de casa, des de les instal\u00b7lacions dels seus clients o als suburbis poden beneficiar-se d&#8217;una imatge de marca sense augmentar els seus costos fixos. En general, \u00e9s l&#8217;alternativa ideal per a qualsevol empresari que vulgui <strong>donar credibilitat al seu negoci<\/strong>, sense haver de llogar un local al centre de la ciutat.<\/p>\n<\/div>\n<div class=\"kc-elm kc-css-556811 kc-title-wrap \"><\/div>\n<p>[\/vc_column_text][\/vc_tta_section][\/vc_tta_accordion][\/vc_column][\/vc_row][vc_section full_width=&#8221;stretch_row&#8221; bg_pos=&#8221;center-top&#8221; css=&#8221;.vc_custom_1739985868488{margin-top: 0px !important;background-position: center !important;background-repeat: no-repeat !important;background-size: cover !important;}&#8221;][vc_row][vc_column width=&#8221;1\/4&#8243;][\/vc_column][vc_column width=&#8221;1\/2&#8243;][vc_gallery type=&#8221;flexslider_slide&#8221; interval=&#8221;3&#8243; images=&#8221;12641,12646,12651,12686,12681,12676,12691,12666&#8243; img_size=&#8221;full&#8221;][\/vc_column][vc_column width=&#8221;1\/4&#8243;][\/vc_column][\/vc_row][\/vc_section]<\/p>\n","protected":false},"excerpt":{"rendered":"<p>[vc_section][vc_row][vc_column][vc_separator color=&#8221;custom&#8221; border_width=&#8221;3&#8243; el_width=&#8221;10&#8243; accent_color=&#8221;#800d20&#8243;][vc_column_text]Una Oficina Virtual et permet tenir una adre\u00e7a professional, igual que la domiciliaci\u00f3 d&#8217;empresa, per\u00f2 amb l&#8217;avantatge afegit d&#8217;acc\u00e9s mensual a sales de reunions per rebre clients i prove\u00efdors. Pots registrar la teva empresa, per\u00f2 no la llic\u00e8ncia comercial amb aquesta opci\u00f3.[\/vc_column_text][\/vc_column][\/vc_row][\/vc_section][vc_section css=&#8221;.vc_custom_1729502367698{margin-top: 60px !important;}&#8221;][vc_row][vc_column][vc_separator color=&#8221;custom&#8221; border_width=&#8221;3&#8243; el_width=&#8221;10&#8243; accent_color=&#8221;#800d20&#8243;][\/vc_column][\/vc_row][\/vc_section][vc_row css=&#8221;.vc_custom_1729503867410{margin-top: 40px !important;}&#8221;][vc_column][vc_btn title=&#8221;Vull rebre m\u00e9s informaci\u00f3&#8221; style=&#8221;custom&#8221; custom_background=&#8221;#800d20&#8243; custom_text=&#8221;#ffffff&#8221; align=&#8221;center&#8221; i_icon_fontawesome=&#8221;far fa-arrow-alt-circle-right&#8221; add_icon=&#8221;true&#8221; link=&#8221;url:https%3A%2F%2Fsmartcoworking.ad%2Fca%2Fcontacte%2F|target:_blank|&#8221;][\/vc_column][\/vc_row][vc_section css=&#8221;.vc_custom_1729505854881{margin-top: 60px !important;margin-bottom: 60px !important;}&#8221;][vc_row][vc_column][vc_tta_tabs alignment=&#8221;center&#8221; active_section=&#8221;1&#8243;][vc_tta_section title=&#8221;Oficina virtual b\u00e0sica&#8221; tab_id=&#8221;1729505870523-474fd387-fc27&#8243;][vc_column_text] Oficina virtual b\u00e0sica Des de 50\u20ac sense IGI \u2713 Domicili social i domicili fiscal \u2713 2 hores de sala de reunions al mes incloses \u2713 \u00das de l&#8217;adre\u00e7a als vostres documents i targetes \u2713 Recepci\u00f3 de correspond\u00e8ncia \u2713 Notificaci\u00f3 immediata per [&hellip;]<\/p>\n","protected":false},"author":2,"featured_media":0,"parent":0,"menu_order":0,"comment_status":"closed","ping_status":"closed","template":"page-templates\/full-width.php","meta":{"_acf_changed":false,"_coblocks_attr":"","_coblocks_dimensions":"","_coblocks_responsive_height":"","_coblocks_accordion_ie_support":"","footnotes":""},"class_list":["post-13091","page","type-page","status-publish","hentry"],"acf":[],"yoast_head":"<!-- This site is optimized with the Yoast SEO plugin v27.4 - https:\/\/yoast.com\/product\/yoast-seo-wordpress\/ -->\n<title>SMART Coworking Andorra Oficina Virtual<\/title>\n<meta name=\"description\" content=\"Amb Oficina Virtual disposa de direcci\u00f3 professional, amb benefici afegit dacc\u00e9s mensual a sales de reunions amb fins empresarials.\" \/>\n<meta name=\"robots\" content=\"index, follow, max-snippet:-1, max-image-preview:large, max-video-preview:-1\" \/>\n<link rel=\"canonical\" href=\"https:\/\/smartcoworking.ad\/ca\/oficina-virtual\/\" \/>\n<meta property=\"og:locale\" content=\"ca_ES\" \/>\n<meta property=\"og:type\" content=\"article\" \/>\n<meta property=\"og:title\" content=\"SMART Coworking Andorra Oficina Virtual\" \/>\n<meta property=\"og:description\" content=\"Amb Oficina Virtual disposa de direcci\u00f3 professional, amb benefici afegit dacc\u00e9s mensual a sales de reunions amb fins empresarials.\" \/>\n<meta property=\"og:url\" content=\"https:\/\/smartcoworking.ad\/ca\/oficina-virtual\/\" \/>\n<meta property=\"og:site_name\" content=\"SMART Coworking\" \/>\n<meta property=\"article:publisher\" content=\"https:\/\/www.facebook.com\/smartexecutiveandorra\" \/>\n<meta property=\"article:modified_time\" content=\"2026-04-16T10:32:02+00:00\" \/>\n<meta name=\"twitter:card\" content=\"summary_large_image\" \/>\n<meta name=\"twitter:site\" content=\"@smart_exe_and\" \/>\n<meta name=\"twitter:label1\" content=\"Temps estimat de lectura\" \/>\n\t<meta name=\"twitter:data1\" content=\"7 minuts\" \/>\n<script type=\"application\/ld+json\" class=\"yoast-schema-graph\">{\"@context\":\"https:\\\/\\\/schema.org\",\"@graph\":[{\"@type\":\"WebPage\",\"@id\":\"https:\\\/\\\/smartcoworking.ad\\\/ca\\\/oficina-virtual\\\/\",\"url\":\"https:\\\/\\\/smartcoworking.ad\\\/ca\\\/oficina-virtual\\\/\",\"name\":\"SMART Coworking Andorra Oficina Virtual\",\"isPartOf\":{\"@id\":\"https:\\\/\\\/smartcoworking.ad\\\/ca\\\/#website\"},\"datePublished\":\"2024-10-14T09:49:25+00:00\",\"dateModified\":\"2026-04-16T10:32:02+00:00\",\"description\":\"Amb Oficina Virtual disposa de direcci\u00f3 professional, amb benefici afegit dacc\u00e9s mensual a sales de reunions amb fins empresarials.\",\"breadcrumb\":{\"@id\":\"https:\\\/\\\/smartcoworking.ad\\\/ca\\\/oficina-virtual\\\/#breadcrumb\"},\"inLanguage\":\"ca\",\"potentialAction\":[{\"@type\":\"ReadAction\",\"target\":[\"https:\\\/\\\/smartcoworking.ad\\\/ca\\\/oficina-virtual\\\/\"]}]},{\"@type\":\"BreadcrumbList\",\"@id\":\"https:\\\/\\\/smartcoworking.ad\\\/ca\\\/oficina-virtual\\\/#breadcrumb\",\"itemListElement\":[{\"@type\":\"ListItem\",\"position\":1,\"name\":\"A casa\",\"item\":\"https:\\\/\\\/smartcoworking.ad\\\/ca\\\/\"},{\"@type\":\"ListItem\",\"position\":2,\"name\":\"Oficina Virtual\"}]},{\"@type\":\"WebSite\",\"@id\":\"https:\\\/\\\/smartcoworking.ad\\\/ca\\\/#website\",\"url\":\"https:\\\/\\\/smartcoworking.ad\\\/ca\\\/\",\"name\":\"SMART Coworking\",\"description\":\"Coworking Spaces in Andorra\",\"potentialAction\":[{\"@type\":\"SearchAction\",\"target\":{\"@type\":\"EntryPoint\",\"urlTemplate\":\"https:\\\/\\\/smartcoworking.ad\\\/ca\\\/?s={search_term_string}\"},\"query-input\":{\"@type\":\"PropertyValueSpecification\",\"valueRequired\":true,\"valueName\":\"search_term_string\"}}],\"inLanguage\":\"ca\"}]}<\/script>\n<!-- \/ Yoast SEO plugin. -->","yoast_head_json":{"title":"SMART Coworking Andorra Oficina Virtual","description":"Amb Oficina Virtual disposa de direcci\u00f3 professional, amb benefici afegit dacc\u00e9s mensual a sales de reunions amb fins empresarials.","robots":{"index":"index","follow":"follow","max-snippet":"max-snippet:-1","max-image-preview":"max-image-preview:large","max-video-preview":"max-video-preview:-1"},"canonical":"https:\/\/smartcoworking.ad\/ca\/oficina-virtual\/","og_locale":"ca_ES","og_type":"article","og_title":"SMART Coworking Andorra Oficina Virtual","og_description":"Amb Oficina Virtual disposa de direcci\u00f3 professional, amb benefici afegit dacc\u00e9s mensual a sales de reunions amb fins empresarials.","og_url":"https:\/\/smartcoworking.ad\/ca\/oficina-virtual\/","og_site_name":"SMART Coworking","article_publisher":"https:\/\/www.facebook.com\/smartexecutiveandorra","article_modified_time":"2026-04-16T10:32:02+00:00","twitter_card":"summary_large_image","twitter_site":"@smart_exe_and","twitter_misc":{"Temps estimat de lectura":"7 minuts"},"schema":{"@context":"https:\/\/schema.org","@graph":[{"@type":"WebPage","@id":"https:\/\/smartcoworking.ad\/ca\/oficina-virtual\/","url":"https:\/\/smartcoworking.ad\/ca\/oficina-virtual\/","name":"SMART Coworking Andorra Oficina Virtual","isPartOf":{"@id":"https:\/\/smartcoworking.ad\/ca\/#website"},"datePublished":"2024-10-14T09:49:25+00:00","dateModified":"2026-04-16T10:32:02+00:00","description":"Amb Oficina Virtual disposa de direcci\u00f3 professional, amb benefici afegit dacc\u00e9s mensual a sales de reunions amb fins empresarials.","breadcrumb":{"@id":"https:\/\/smartcoworking.ad\/ca\/oficina-virtual\/#breadcrumb"},"inLanguage":"ca","potentialAction":[{"@type":"ReadAction","target":["https:\/\/smartcoworking.ad\/ca\/oficina-virtual\/"]}]},{"@type":"BreadcrumbList","@id":"https:\/\/smartcoworking.ad\/ca\/oficina-virtual\/#breadcrumb","itemListElement":[{"@type":"ListItem","position":1,"name":"A casa","item":"https:\/\/smartcoworking.ad\/ca\/"},{"@type":"ListItem","position":2,"name":"Oficina Virtual"}]},{"@type":"WebSite","@id":"https:\/\/smartcoworking.ad\/ca\/#website","url":"https:\/\/smartcoworking.ad\/ca\/","name":"SMART Coworking","description":"Coworking Spaces in Andorra","potentialAction":[{"@type":"SearchAction","target":{"@type":"EntryPoint","urlTemplate":"https:\/\/smartcoworking.ad\/ca\/?s={search_term_string}"},"query-input":{"@type":"PropertyValueSpecification","valueRequired":true,"valueName":"search_term_string"}}],"inLanguage":"ca"}]}},"_links":{"self":[{"href":"https:\/\/smartcoworking.ad\/ca\/wp-json\/wp\/v2\/pages\/13091","targetHints":{"allow":["GET"]}}],"collection":[{"href":"https:\/\/smartcoworking.ad\/ca\/wp-json\/wp\/v2\/pages"}],"about":[{"href":"https:\/\/smartcoworking.ad\/ca\/wp-json\/wp\/v2\/types\/page"}],"author":[{"embeddable":true,"href":"https:\/\/smartcoworking.ad\/ca\/wp-json\/wp\/v2\/users\/2"}],"replies":[{"embeddable":true,"href":"https:\/\/smartcoworking.ad\/ca\/wp-json\/wp\/v2\/comments?post=13091"}],"version-history":[{"count":15,"href":"https:\/\/smartcoworking.ad\/ca\/wp-json\/wp\/v2\/pages\/13091\/revisions"}],"predecessor-version":[{"id":15409,"href":"https:\/\/smartcoworking.ad\/ca\/wp-json\/wp\/v2\/pages\/13091\/revisions\/15409"}],"wp:attachment":[{"href":"https:\/\/smartcoworking.ad\/ca\/wp-json\/wp\/v2\/media?parent=13091"}],"curies":[{"name":"wp","href":"https:\/\/api.w.org\/{rel}","templated":true}]}}