{"id":13118,"date":"2024-10-14T11:49:43","date_gmt":"2024-10-14T09:49:43","guid":{"rendered":"https:\/\/smartcoworking.ad\/auxiliars-administratius\/"},"modified":"2026-04-14T16:36:25","modified_gmt":"2026-04-14T14:36:25","slug":"auxiliars-administratius","status":"publish","type":"page","link":"https:\/\/smartcoworking.ad\/ca\/auxiliars-administratius\/","title":{"rendered":"Assistents administratius"},"content":{"rendered":"<p>[vc_section css=&#8221;.vc_custom_1729684877448{margin-top: 60px !important;}&#8221;][vc_row][vc_column]<div class=\"heading  default align-center transform-default icon-type-hidden   vc_custom_1744385907003 heading-tag-h4\" id=\"like_sc_header_734173521\"><h4 class=\"header ltx-sr-id-like_sc_header_7341735211976384379 ltx-sr ltx-sr-effect-fade_in ltx-sr-el-block ltx-sr-delay-0 ltx-sr-duration-1000 ltx-sr-sequences-0\">Servei d'Assistents Administratius - <span>Andorra la Vella<\/span><\/h4><\/div>[vc_separator color=&#8221;custom&#8221; border_width=&#8221;3&#8243; el_width=&#8221;10&#8243; accent_color=&#8221;#800d20&#8243;][\/vc_column][\/vc_row][\/vc_section][vc_section full_width=&#8221;stretch_row&#8221; full_height=&#8221;yes&#8221; css=&#8221;.vc_custom_1729744681665{margin-bottom: 60px !important;padding-top: 0px !important;padding-right: 0px !important;padding-left: 0px !important;}&#8221;][vc_row full_width=&#8221;stretch_row_content&#8221; equal_height=&#8221;yes&#8221; content_placement=&#8221;middle&#8221; css=&#8221;.vc_custom_1730121546295{padding-top: 50px !important;padding-right: 0px !important;padding-left: 0px !important;}&#8221;][vc_column width=&#8221;1\/2&#8243; css=&#8221;.vc_custom_1730122119934{padding-right: 0px !important;padding-left: 0px !important;background-position: center !important;background-repeat: no-repeat !important;background-size: cover !important;}&#8221;][vc_single_image image=&#8221;13874&#8243; img_size=&#8221;large&#8221; alignment=&#8221;center&#8221;][\/vc_column][vc_column width=&#8221;1\/2&#8243; css=&#8221;.vc_custom_1729513122507{padding-right: 40px !important;padding-left: 40px !important;}&#8221;]<div class=\"heading  default align-left transform-default icon-type-hidden heading-tag-h4\" id=\"like_sc_header_1729892411\"><h4 class=\"header ltx-sr-id-like_sc_header_1729892411282076778 ltx-sr ltx-sr-effect-fade_in ltx-sr-el-block ltx-sr-delay-0 ltx-sr-duration-1000 ltx-sr-sequences-0\">Per qu\u00e8 un assistent administratiu externalitzat?<\/h4><\/div>[vc_column_text]Si ets responsable d\u2019una empresa, potser tens la sensaci\u00f3 que et falta temps. Quan fas una llista de les teves tasques di\u00e0ries, t\u2019adones que potser un ter\u00e7 d\u2019aquestes s\u00f3n tasques administratives. Ja has pensat a contractar alg\u00fa, per\u00f2 el proc\u00e9s pot ser llarg, cost\u00f3s i comporta un comprom\u00eds.<\/p>\n<p>Per aix\u00f2, a SMART Coworking t&#8217;oferim un servei de suport administratiu a mida. Et proporcionem un expert que et far\u00e0 acompanyament i et permetr\u00e0 centrar-te en el teu negoci.<\/p>\n<p>Tots els teus arxius estaran actualitzats i podr\u00e0s desenvolupar-te de manera eficient.[\/vc_column_text][vc_empty_space height=&#8221;40px&#8221;][\/vc_column][\/vc_row][vc_row full_width=&#8221;stretch_row_content&#8221; equal_height=&#8221;yes&#8221; content_placement=&#8221;middle&#8221;][vc_column width=&#8221;1\/2&#8243; css=&#8221;.vc_custom_1729513159285{padding-right: 40px !important;padding-left: 40px !important;}&#8221;]<div class=\"heading  default align-left transform-default icon-type-hidden heading-tag-h4\" id=\"like_sc_header_1412833982\"><h4 class=\"header ltx-sr-id-like_sc_header_1412833982487982859 ltx-sr ltx-sr-effect-fade_in ltx-sr-el-block ltx-sr-delay-0 ltx-sr-duration-1000 ltx-sr-sequences-0\">Qu\u00e8 inclou el servei de suport administratiu?<\/h4><\/div>[vc_column_text]Accedeix f\u00e0cilment a un servei personalitzat i flexible. Tant si necessites un assistent de gesti\u00f3, un executiu, un assistent comercial o una secret\u00e0ria, cobrim totes les teves necessitats.<\/p>\n<p>Ja no cal que contractis ning\u00fa, tens acc\u00e9s a un servei flexible basat en tarifes per hora. Per tant, pots utilitzar els nostres serveis de manera puntual o per a tasques recurrents, sense cap obligaci\u00f3.[\/vc_column_text][\/vc_column][vc_column width=&#8221;1\/2&#8243; css=&#8221;.vc_custom_1730122108399{padding-right: 0px !important;padding-left: 0px !important;background-position: center !important;background-repeat: no-repeat !important;background-size: cover !important;}&#8221;][vc_single_image image=&#8221;13880&#8243; img_size=&#8221;large&#8221; alignment=&#8221;center&#8221;][\/vc_column][\/vc_row][\/vc_section][vc_section full_width=&#8221;stretch_row&#8221; css=&#8221;.vc_custom_1729688433352{margin-top: 40px !important;margin-bottom: 60px !important;padding-top: 40px !important;background-color: #f3f4f6 !important;}&#8221;][vc_row][vc_column]<div class=\"heading  default align-center transform-default icon-type-hidden   vc_custom_1744385974941 heading-tag-h4\" id=\"like_sc_header_502638346\"><h4 class=\"header ltx-sr-id-like_sc_header_5026383461265383505 ltx-sr ltx-sr-effect-fade_in ltx-sr-el-block ltx-sr-delay-0 ltx-sr-duration-1000 ltx-sr-sequences-0\">Els avantatges del servei d\u2019assist\u00e8ncia administrativa externalitzada<\/h4><\/div>[vc_separator color=&#8221;custom&#8221; border_width=&#8221;3&#8243; el_width=&#8221;10&#8243; accent_color=&#8221;#800d20&#8243;][\/vc_column][\/vc_row][vc_row gap=&#8221;20&#8243; equal_height=&#8221;yes&#8221; css=&#8221;.vc_custom_1729688296270{margin-top: 60px !important;}&#8221;][vc_column width=&#8221;1\/2&#8243; css=&#8221;.vc_custom_1729688245439{padding-right: 40px !important;padding-left: 40px !important;background-color: #ffffff !important;}&#8221;]<ul class=\"ltx-block-icon  andorra-comapny-page has-descr  icons-count-1 align-center ltx-icon-color-main ltx-icon-size-default ltx-header-color-default ltx-icon-type-circle ltx-bg-color-transparent layout-cols1 ltx-icon-top \"  id=\"like_sc_block_icon_1882324973\"><li ><div  data-mh=\"ltx-block-icon-in-1603\" class=\"in matchHeight\"><span class=\"ltx-icon fas fa-atom bg-transparent\" data-mh=\"ltx-icon-span-like_sc_block_icon_1882324973\"><\/span> <h6 class=\"header\"> Professionals amb experi\u00e8ncia sense compromisos <\/h6> <div class=\"descr\">Comen\u00e7a a treballar r\u00e0pidament i sense comprom\u00eds amb els professionals adequats per a la teva empresa. Ja no est\u00e0s lligat a un contracte laboral. Responem de manera efica\u00e7 a les teves necessitats espec\u00edfiques.<\/div><\/div><\/li><\/ul>[\/vc_column][vc_column width=&#8221;1\/2&#8243; css=&#8221;.vc_custom_1729688263911{padding-right: 40px !important;padding-left: 40px !important;background-color: #ffffff !important;}&#8221;]<ul class=\"ltx-block-icon  andorra-comapny-page has-descr  icons-count-1 align-center ltx-icon-color-main ltx-icon-size-default ltx-header-color-default ltx-icon-type-circle ltx-bg-color-transparent layout-cols1 ltx-icon-top \"  id=\"like_sc_block_icon_1263000330\"><li ><div  data-mh=\"ltx-block-icon-in-1237\" class=\"in matchHeight\"><span class=\"ltx-icon far fa-bell bg-transparent\" data-mh=\"ltx-icon-span-like_sc_block_icon_1263000330\"><\/span> <h6 class=\"header\"> Estalvia temps per al teu negoci <\/h6> <div class=\"descr\">Allibera\u2019t de les funcions no estrat\u00e8giques envoltant-te dels millors professionals. Concentra\u2019t en desenvolupar el teu negoci. Elimina una font d\u2019estr\u00e8s i mol\u00e8sties.<\/div><\/div><\/li><\/ul>[\/vc_column][\/vc_row][vc_row gap=&#8221;20&#8243; equal_height=&#8221;yes&#8221; css=&#8221;.vc_custom_1729688378623{margin-top: 20px !important;margin-bottom: 20px !important;}&#8221;][vc_column width=&#8221;1\/2&#8243; css=&#8221;.vc_custom_1729688208391{padding-right: 40px !important;padding-left: 40px !important;background-color: #ffffff !important;}&#8221;]<ul class=\"ltx-block-icon  andorra-comapny-page has-descr  icons-count-1 align-center ltx-icon-color-main ltx-icon-size-default ltx-header-color-default ltx-icon-type-circle ltx-bg-color-transparent layout-cols1 ltx-icon-top \"  id=\"like_sc_block_icon_473521219\"><li ><div  data-mh=\"ltx-block-icon-in-1843\" class=\"in matchHeight\"><span class=\"ltx-icon fas fa-map-marked bg-transparent\" data-mh=\"ltx-icon-span-like_sc_block_icon_473521219\"><\/span> <h6 class=\"header\"> Proximitat <\/h6> <div class=\"descr\">Estem disponibles a SMART Coworking per reunir-nos i informar-te sobre les teves necessitats en qualsevol moment. La proximitat ens permet mantenir el contacte hum\u00e0 per entendre\u2019t millor.<\/div><\/div><\/li><\/ul>[\/vc_column][vc_column width=&#8221;1\/2&#8243; css=&#8221;.vc_custom_1729688215454{padding-right: 40px !important;padding-left: 40px !important;background-color: #ffffff !important;}&#8221;]<ul class=\"ltx-block-icon  andorra-comapny-page has-descr  icons-count-1 align-center ltx-icon-color-main ltx-icon-size-default ltx-header-color-default ltx-icon-type-circle ltx-bg-color-transparent layout-cols1 ltx-icon-top \"  id=\"like_sc_block_icon_149146501\"><li ><div  data-mh=\"ltx-block-icon-in-1641\" class=\"in matchHeight\"><span class=\"ltx-icon fas fa-chart-line bg-transparent\" data-mh=\"ltx-icon-span-like_sc_block_icon_149146501\"><\/span> <h6 class=\"header\"> Servei flexible <\/h6> <div class=\"descr\">Facturaci\u00f3 actual o facturaci\u00f3 a tarifa plana. Possibilitat de combinar amb altres serveis (lloguer d'oficines, domiciliaci\u00f3, etc.).<\/div><\/div><\/li><\/ul>[\/vc_column][\/vc_row][vc_row gap=&#8221;20&#8243; css=&#8221;.vc_custom_1729688336415{margin-top: 0px !important;margin-bottom: 60px !important;}&#8221;][vc_column][vc_btn title=&#8221;Demana el teu pressupost ara&#8221; style=&#8221;custom&#8221; custom_background=&#8221;#800d20&#8243; custom_text=&#8221;#ffffff&#8221; shape=&#8221;square&#8221; align=&#8221;center&#8221; i_icon_fontawesome=&#8221;far fa-hand-point-right&#8221; add_icon=&#8221;true&#8221; link=&#8221;url:https%3A%2F%2Fsmartcoworking.ad%2Fca%2Fcontacte%2F|target:_blank|&#8221;][\/vc_column][\/vc_row][\/vc_section][vc_section disable_element=&#8221;yes&#8221;][vc_row][vc_column]<div class=\"heading  default align-center transform-default icon-type-hidden   vc_custom_1729517318539 heading-tag-h4\" id=\"like_sc_header_1904064032\"><h4 class=\"header ltx-sr-id-like_sc_header_19040640321212407868 ltx-sr ltx-sr-effect-fade_in ltx-sr-el-block ltx-sr-delay-0 ltx-sr-duration-1000 ltx-sr-sequences-0\">SMART Coworking <span> - Administrative assistants <\/span><\/h4><\/div>[vc_separator color=&#8221;custom&#8221; border_width=&#8221;3&#8243; el_width=&#8221;10&#8243; accent_color=&#8221;#800d20&#8243;][vc_gallery type=&#8221;nivo&#8221; interval=&#8221;3&#8243; images=&#8221;12711,12716,12681,12686,12691,12676&#8243; img_size=&#8221;full&#8221; css=&#8221;.vc_custom_1730984466802{margin-top: 40px !important;}&#8221;][\/vc_column][\/vc_row][\/vc_section][vc_section full_width=&#8221;stretch_row&#8221; css=&#8221;.vc_custom_1729657757289{margin-top: 60px !important;padding-top: 50px !important;background-color: #800d20 !important;}&#8221;][vc_row css=&#8221;.vc_custom_1729687874800{padding-top: 0px !important;}&#8221;][vc_column]<div class=\"heading  default align-center color-white subcolor-main transform-default icon-type-hidden max-width  vc_custom_1744386166099 heading-tag-h4\" id=\"like_sc_header_3978494\"><h4 class=\"header ltx-sr-id-like_sc_header_3978494520499457 ltx-sr ltx-sr-effect-fade_in ltx-sr-el-block ltx-sr-delay-0 ltx-sr-duration-1000 ltx-sr-sequences-0\">Com utilitzar els serveis d'assistents administratius a SMART Coworking<\/h4><\/div>[vc_separator color=&#8221;custom&#8221; border_width=&#8221;3&#8243; el_width=&#8221;10&#8243; accent_color=&#8221;#ffffff&#8221;][\/vc_column][\/vc_row][vc_row gap=&#8221;25&#8243; equal_height=&#8221;yes&#8221; css=&#8221;.vc_custom_1729657801075{padding-top: 50px !important;padding-bottom: 50px !important;}&#8221;][vc_column width=&#8221;1\/2&#8243; css=&#8221;.vc_custom_1729520373516{padding-top: 30px !important;padding-right: 30px !important;padding-bottom: 30px !important;padding-left: 30px !important;background-color: #ffffff !important;}&#8221;]<div class=\"heading  header-underline align-left transform-default icon-type-hidden   vc_custom_1744386190115 heading-tag-h5\" id=\"like_sc_header_179660507\"><h5 class=\"header ltx-sr-id-like_sc_header_179660507162749724 ltx-sr ltx-sr-effect-fade_in ltx-sr-el-block ltx-sr-delay-0 ltx-sr-duration-1000 ltx-sr-sequences-0\">Com s'contracten els assistents administratius?<\/h5><\/div>[vc_column_text]<a href=\"https:\/\/www.executiveandorra.com\/contact-us\/\" target=\"_blank\" rel=\"noopener\">Contacta\u2019ns<\/a> per concertar una primera cita. Estudiarem junts les teves necessitats i t\u2019enviarem un pressupost personalitzat.<\/p>\n<p>Un cop confirmat el pressupost, t\u2019assignarem un assistent que es posar\u00e0 en contacte amb tu per establir el m\u00e8tode de treball i les eines que utilitzarem.<\/p>\n<p>El contracte \u00e9s sense comprom\u00eds i sense m\u00ednims, per tant, tens acc\u00e9s a un servei 100% flexible.[\/vc_column_text][\/vc_column][vc_column width=&#8221;1\/2&#8243; css=&#8221;.vc_custom_1729520397684{padding-top: 30px !important;padding-right: 30px !important;padding-bottom: 30px !important;padding-left: 30px !important;background-color: #ffffff !important;}&#8221;]<div class=\"heading  header-underline align-left transform-default icon-type-hidden   vc_custom_1744386208336 heading-tag-h5\" id=\"like_sc_header_2119197893\"><h5 class=\"header ltx-sr-id-like_sc_header_2119197893420455567 ltx-sr ltx-sr-effect-fade_in ltx-sr-el-block ltx-sr-delay-0 ltx-sr-duration-1000 ltx-sr-sequences-0\">Tarifes dels assistents administratius a SMART Coworking<\/h5><\/div>[vc_column_text]Les tarifes dels assistents administratius a SMART Coworking s\u00f3n molt competitives. A finals de mes no hi haur\u00e0 sorpreses, perqu\u00e8 la facturaci\u00f3 reflectir\u00e0 la seva activitat. De fet, se us facturar\u00e0 segons les vostres peticions (per hora) o a un preu fix.[\/vc_column_text][\/vc_column][\/vc_row][\/vc_section]<\/p>\n","protected":false},"excerpt":{"rendered":"<p>[vc_section css=&#8221;.vc_custom_1729684877448{margin-top: 60px !important;}&#8221;][vc_row][vc_column][vc_separator color=&#8221;custom&#8221; border_width=&#8221;3&#8243; el_width=&#8221;10&#8243; accent_color=&#8221;#800d20&#8243;][\/vc_column][\/vc_row][\/vc_section][vc_section full_width=&#8221;stretch_row&#8221; full_height=&#8221;yes&#8221; css=&#8221;.vc_custom_1729744681665{margin-bottom: 60px !important;padding-top: 0px !important;padding-right: 0px !important;padding-left: 0px !important;}&#8221;][vc_row full_width=&#8221;stretch_row_content&#8221; equal_height=&#8221;yes&#8221; content_placement=&#8221;middle&#8221; css=&#8221;.vc_custom_1730121546295{padding-top: 50px !important;padding-right: 0px !important;padding-left: 0px !important;}&#8221;][vc_column width=&#8221;1\/2&#8243; css=&#8221;.vc_custom_1730122119934{padding-right: 0px !important;padding-left: 0px !important;background-position: center !important;background-repeat: no-repeat !important;background-size: cover !important;}&#8221;][vc_single_image image=&#8221;13874&#8243; img_size=&#8221;large&#8221; alignment=&#8221;center&#8221;][\/vc_column][vc_column width=&#8221;1\/2&#8243; css=&#8221;.vc_custom_1729513122507{padding-right: 40px !important;padding-left: 40px !important;}&#8221;][vc_column_text]Si ets responsable d\u2019una empresa, potser tens la sensaci\u00f3 que et falta temps. Quan fas una llista de les teves tasques di\u00e0ries, t\u2019adones que potser un ter\u00e7 d\u2019aquestes s\u00f3n tasques administratives. Ja has pensat a contractar alg\u00fa, per\u00f2 el proc\u00e9s pot ser llarg, cost\u00f3s i comporta un comprom\u00eds. Per aix\u00f2, a SMART Coworking t&#8217;oferim un servei de suport administratiu a mida. Et proporcionem un expert que et far\u00e0 acompanyament i et [&hellip;]<\/p>\n","protected":false},"author":2,"featured_media":0,"parent":0,"menu_order":0,"comment_status":"closed","ping_status":"closed","template":"page-templates\/full-width.php","meta":{"_acf_changed":false,"_coblocks_attr":"","_coblocks_dimensions":"","_coblocks_responsive_height":"","_coblocks_accordion_ie_support":"","footnotes":""},"class_list":["post-13118","page","type-page","status-publish","hentry"],"acf":[],"yoast_head":"<!-- This site is optimized with the Yoast SEO plugin v27.4 - https:\/\/yoast.com\/product\/yoast-seo-wordpress\/ -->\n<title>SMART Coworking Assistents administratius<\/title>\n<meta name=\"description\" content=\"A SMART Coworking oferim servei de suport administratiu a mida. Posem a disposici\u00f3 experts perqu\u00e8 et centris en el teu negoci.\" \/>\n<meta name=\"robots\" content=\"index, follow, max-snippet:-1, max-image-preview:large, max-video-preview:-1\" \/>\n<link rel=\"canonical\" href=\"https:\/\/smartcoworking.ad\/ca\/auxiliars-administratius\/\" \/>\n<meta property=\"og:locale\" content=\"ca_ES\" \/>\n<meta property=\"og:type\" content=\"article\" \/>\n<meta property=\"og:title\" content=\"SMART Coworking Assistents administratius\" \/>\n<meta property=\"og:description\" content=\"A SMART Coworking oferim servei de suport administratiu a mida. Posem a disposici\u00f3 experts perqu\u00e8 et centris en el teu negoci.\" \/>\n<meta property=\"og:url\" content=\"https:\/\/smartcoworking.ad\/ca\/auxiliars-administratius\/\" \/>\n<meta property=\"og:site_name\" content=\"SMART Coworking\" \/>\n<meta property=\"article:publisher\" content=\"https:\/\/www.facebook.com\/smartexecutiveandorra\" \/>\n<meta property=\"article:modified_time\" content=\"2026-04-14T14:36:25+00:00\" \/>\n<meta name=\"twitter:card\" content=\"summary_large_image\" \/>\n<meta name=\"twitter:site\" content=\"@smart_exe_and\" \/>\n<meta name=\"twitter:label1\" content=\"Temps estimat de lectura\" \/>\n\t<meta name=\"twitter:data1\" content=\"5 minuts\" \/>\n<script type=\"application\/ld+json\" class=\"yoast-schema-graph\">{\"@context\":\"https:\\\/\\\/schema.org\",\"@graph\":[{\"@type\":\"WebPage\",\"@id\":\"https:\\\/\\\/smartcoworking.ad\\\/ca\\\/auxiliars-administratius\\\/\",\"url\":\"https:\\\/\\\/smartcoworking.ad\\\/ca\\\/auxiliars-administratius\\\/\",\"name\":\"SMART Coworking Assistents administratius\",\"isPartOf\":{\"@id\":\"https:\\\/\\\/smartcoworking.ad\\\/ca\\\/#website\"},\"datePublished\":\"2024-10-14T09:49:43+00:00\",\"dateModified\":\"2026-04-14T14:36:25+00:00\",\"description\":\"A SMART Coworking oferim servei de suport administratiu a mida. Posem a disposici\u00f3 experts perqu\u00e8 et centris en el teu negoci.\",\"breadcrumb\":{\"@id\":\"https:\\\/\\\/smartcoworking.ad\\\/ca\\\/auxiliars-administratius\\\/#breadcrumb\"},\"inLanguage\":\"ca\",\"potentialAction\":[{\"@type\":\"ReadAction\",\"target\":[\"https:\\\/\\\/smartcoworking.ad\\\/ca\\\/auxiliars-administratius\\\/\"]}]},{\"@type\":\"BreadcrumbList\",\"@id\":\"https:\\\/\\\/smartcoworking.ad\\\/ca\\\/auxiliars-administratius\\\/#breadcrumb\",\"itemListElement\":[{\"@type\":\"ListItem\",\"position\":1,\"name\":\"A casa\",\"item\":\"https:\\\/\\\/smartcoworking.ad\\\/ca\\\/\"},{\"@type\":\"ListItem\",\"position\":2,\"name\":\"Assistents administratius\"}]},{\"@type\":\"WebSite\",\"@id\":\"https:\\\/\\\/smartcoworking.ad\\\/ca\\\/#website\",\"url\":\"https:\\\/\\\/smartcoworking.ad\\\/ca\\\/\",\"name\":\"SMART Coworking\",\"description\":\"Coworking Spaces in Andorra\",\"potentialAction\":[{\"@type\":\"SearchAction\",\"target\":{\"@type\":\"EntryPoint\",\"urlTemplate\":\"https:\\\/\\\/smartcoworking.ad\\\/ca\\\/?s={search_term_string}\"},\"query-input\":{\"@type\":\"PropertyValueSpecification\",\"valueRequired\":true,\"valueName\":\"search_term_string\"}}],\"inLanguage\":\"ca\"}]}<\/script>\n<!-- \/ Yoast SEO plugin. -->","yoast_head_json":{"title":"SMART Coworking Assistents administratius","description":"A SMART Coworking oferim servei de suport administratiu a mida. Posem a disposici\u00f3 experts perqu\u00e8 et centris en el teu negoci.","robots":{"index":"index","follow":"follow","max-snippet":"max-snippet:-1","max-image-preview":"max-image-preview:large","max-video-preview":"max-video-preview:-1"},"canonical":"https:\/\/smartcoworking.ad\/ca\/auxiliars-administratius\/","og_locale":"ca_ES","og_type":"article","og_title":"SMART Coworking Assistents administratius","og_description":"A SMART Coworking oferim servei de suport administratiu a mida. Posem a disposici\u00f3 experts perqu\u00e8 et centris en el teu negoci.","og_url":"https:\/\/smartcoworking.ad\/ca\/auxiliars-administratius\/","og_site_name":"SMART Coworking","article_publisher":"https:\/\/www.facebook.com\/smartexecutiveandorra","article_modified_time":"2026-04-14T14:36:25+00:00","twitter_card":"summary_large_image","twitter_site":"@smart_exe_and","twitter_misc":{"Temps estimat de lectura":"5 minuts"},"schema":{"@context":"https:\/\/schema.org","@graph":[{"@type":"WebPage","@id":"https:\/\/smartcoworking.ad\/ca\/auxiliars-administratius\/","url":"https:\/\/smartcoworking.ad\/ca\/auxiliars-administratius\/","name":"SMART Coworking Assistents administratius","isPartOf":{"@id":"https:\/\/smartcoworking.ad\/ca\/#website"},"datePublished":"2024-10-14T09:49:43+00:00","dateModified":"2026-04-14T14:36:25+00:00","description":"A SMART Coworking oferim servei de suport administratiu a mida. Posem a disposici\u00f3 experts perqu\u00e8 et centris en el teu negoci.","breadcrumb":{"@id":"https:\/\/smartcoworking.ad\/ca\/auxiliars-administratius\/#breadcrumb"},"inLanguage":"ca","potentialAction":[{"@type":"ReadAction","target":["https:\/\/smartcoworking.ad\/ca\/auxiliars-administratius\/"]}]},{"@type":"BreadcrumbList","@id":"https:\/\/smartcoworking.ad\/ca\/auxiliars-administratius\/#breadcrumb","itemListElement":[{"@type":"ListItem","position":1,"name":"A casa","item":"https:\/\/smartcoworking.ad\/ca\/"},{"@type":"ListItem","position":2,"name":"Assistents administratius"}]},{"@type":"WebSite","@id":"https:\/\/smartcoworking.ad\/ca\/#website","url":"https:\/\/smartcoworking.ad\/ca\/","name":"SMART Coworking","description":"Coworking Spaces in Andorra","potentialAction":[{"@type":"SearchAction","target":{"@type":"EntryPoint","urlTemplate":"https:\/\/smartcoworking.ad\/ca\/?s={search_term_string}"},"query-input":{"@type":"PropertyValueSpecification","valueRequired":true,"valueName":"search_term_string"}}],"inLanguage":"ca"}]}},"_links":{"self":[{"href":"https:\/\/smartcoworking.ad\/ca\/wp-json\/wp\/v2\/pages\/13118","targetHints":{"allow":["GET"]}}],"collection":[{"href":"https:\/\/smartcoworking.ad\/ca\/wp-json\/wp\/v2\/pages"}],"about":[{"href":"https:\/\/smartcoworking.ad\/ca\/wp-json\/wp\/v2\/types\/page"}],"author":[{"embeddable":true,"href":"https:\/\/smartcoworking.ad\/ca\/wp-json\/wp\/v2\/users\/2"}],"replies":[{"embeddable":true,"href":"https:\/\/smartcoworking.ad\/ca\/wp-json\/wp\/v2\/comments?post=13118"}],"version-history":[{"count":13,"href":"https:\/\/smartcoworking.ad\/ca\/wp-json\/wp\/v2\/pages\/13118\/revisions"}],"predecessor-version":[{"id":15368,"href":"https:\/\/smartcoworking.ad\/ca\/wp-json\/wp\/v2\/pages\/13118\/revisions\/15368"}],"wp:attachment":[{"href":"https:\/\/smartcoworking.ad\/ca\/wp-json\/wp\/v2\/media?parent=13118"}],"curies":[{"name":"wp","href":"https:\/\/api.w.org\/{rel}","templated":true}]}}