{"id":13284,"date":"2024-10-23T05:43:44","date_gmt":"2024-10-23T05:43:44","guid":{"rendered":"https:\/\/smartcoworking.ad\/politica-de-privadesa\/"},"modified":"2025-04-28T08:30:32","modified_gmt":"2025-04-28T08:30:32","slug":"politica-de-privadesa","status":"publish","type":"page","link":"https:\/\/smartcoworking.ad\/ca\/politica-de-privadesa\/","title":{"rendered":"Pol\u00edtica de privadesa"},"content":{"rendered":"<p>[vc_row][vc_column][vc_custom_heading text=&#8221;Pol\u00edtica de privadesa &#8211; Primera capa&#8221; font_container=&#8221;tag:h6|font_size:25px|text_align:left|color:%23323c4c&#8221; google_fonts=&#8221;font_family:Roboto%3A100%2C100italic%2C300%2C300italic%2Cregular%2Citalic%2C500%2C500italic%2C700%2C700italic%2C900%2C900italic|font_style:500%20bold%20regular%3A500%3Anormal&#8221; css=&#8221;.vc_custom_1730727375040{margin-top: 2rem !important;margin-bottom: 1rem !important;}&#8221;][\/vc_column][\/vc_row][vc_row][vc_column][vc_column_text]<\/p>\n<ul>\n<li><strong>Responsable<\/strong> : Smart Executive Centers Am, S.L.<\/li>\n<li><strong>Finalitat<\/strong>: Gestionar les consultes dels USUARIS del Lloc Web.<\/li>\n<li><strong>Base legal<\/strong>: El consentiment de l&#8217;USUARI.<\/li>\n<li><strong>Dest\u00ed<\/strong>: les vostres dades no seran transferides.<\/li>\n<li><strong>Emmagatzematge<\/strong>: Termini m\u00e0xim legal establert.<\/li>\n<li><strong>Drets dels interessats<\/strong>: Accedir, rectificar i cancel\u00b7lar les dades que us concerneixen, oposar-vos al tractament de les dades, sol\u00b7licitar la limitaci\u00f3 del tractament o la portabilitat de les dades.<\/li>\n<\/ul>\n<p>[\/vc_column_text][\/vc_column][\/vc_row][vc_row][vc_column][vc_custom_heading text=&#8221;Pol\u00edtica de privadesa &#8211; Segona capa&#8221; font_container=&#8221;tag:h6|font_size:25px|text_align:left|color:%23323c4c&#8221; google_fonts=&#8221;font_family:Roboto%3A100%2C100italic%2C300%2C300italic%2Cregular%2Citalic%2C500%2C500italic%2C700%2C700italic%2C900%2C900italic|font_style:500%20bold%20regular%3A500%3Anormal&#8221; css=&#8221;.vc_custom_1729764544041{margin-top: 2rem !important;}&#8221;][vc_custom_heading text=&#8221;D&#8217;acord amb el que estableix la Llei 15\/2003, de 18 de desembre, Llei Qualificada de Protecci\u00f3 de Dades (LQPD) i el Reglament de l&#8217;Ag\u00e8ncia Andorrana de Protecci\u00f3 de Dades que la desenvolupa, aix\u00ed com el Reglament (UE) 2016\/679 del Parlament Europeu i del Consell, de 27 d&#8217;abril de 2016, Reglament General de Protecci\u00f3 de Dades (GDPR), l&#8217;informem que les seves dades personals recollides a trav\u00e9s del \u201cFormulari de contacte&#8220;, s&#8217;han incorporat als fitxers degudament registrats a l&#8217;Ag\u00e8ncia Andorrana de Protecci\u00f3 de Dades (APDA), i seran tractats pel Responsable del tractament:&#8221; font_container=&#8221;tag:p|font_size:16px|text_align:left|color:%23000000&#8243; google_fonts=&#8221;font_family:Roboto%3A100%2C100italic%2C300%2C300italic%2Cregular%2Citalic%2C500%2C500italic%2C700%2C700italic%2C900%2C900italic|font_style:400%20regular%3A400%3Anormal&#8221;][vc_custom_heading text=&#8221;\u2013 Responsable del tractament: SMART EXECUTIVE CENTERS AM, S.L.&#8221; font_container=&#8221;tag:p|font_size:16px|text_align:left|color:%23000000&#8243; google_fonts=&#8221;font_family:Roboto%3A100%2C100italic%2C300%2C300italic%2Cregular%2Citalic%2C500%2C500italic%2C700%2C700italic%2C900%2C900italic|font_style:400%20regular%3A400%3Anormal&#8221;][vc_column_text]<\/p>\n<ul>\n<li><strong>NRT<\/strong>: 712110-E<\/li>\n<li><strong>Adre\u00e7a postal <\/strong>: C\/Pere d\u2019Urg 10, 5. Edifici Montducal (AD500) Andorra la Vella, Principat d\u2019Andorra.<\/li>\n<li><strong>Telephone numbnumberer <\/strong>: (+376) 819 844<\/li>\n<li><strong>Adre\u00e7a de correu electr\u00f2nic<\/strong>: <a href=\"mailto:info@smartcoworking.ad\">info@smartcoworking.ad<\/a><\/li>\n<\/ul>\n<p>[\/vc_column_text][vc_custom_heading text=&#8221;Les teves dades seran tractades amb la finalitat de gestionar la sol\u00b7licitud i\/o consultes de l&#8217;usuari. Si \u00e9s necessari contactar amb tu, ho farem per correu electr\u00f2nic.&#8221; font_container=&#8221;tag:p|font_size:16px|text_align:left|color:%23000000&#8243; google_fonts=&#8221;font_family:Roboto%3A100%2C100italic%2C300%2C300italic%2Cregular%2Citalic%2C500%2C500italic%2C700%2C700italic%2C900%2C900italic|font_style:400%20regular%3A400%3Anormal&#8221; css=&#8221;.vc_custom_1729667649073{margin-top: 1rem !important;}&#8221;][vc_custom_heading text=&#8221;El tractament d&#8217;aquestes dades es basa en el consentiment de l&#8217;usuari. Les teves dades no seran cedides a tercers excepte en els casos en qu\u00e8 hi hagi una obligaci\u00f3 legal de fer-ho. Les dades facilitades es conservaran durant un per\u00edode m\u00e0xim de 12 mesos.&#8221; font_container=&#8221;tag:p|font_size:16px|text_align:left|color:%23000000&#8243; google_fonts=&#8221;font_family:Roboto%3A100%2C100italic%2C300%2C300italic%2Cregular%2Citalic%2C500%2C500italic%2C700%2C700italic%2C900%2C900italic|font_style:400%20regular%3A400%3Anormal&#8221;][vc_custom_heading text=&#8221;Se li informa especialment que SMART EXECUTIVE CENTERS AM, S.L. no pren decisions automatitzades sobre aquest tipus de dades.&#8221; font_container=&#8221;tag:p|font_size:16px|text_align:left|color:%23000000&#8243; google_fonts=&#8221;font_family:Roboto%3A100%2C100italic%2C300%2C300italic%2Cregular%2Citalic%2C500%2C500italic%2C700%2C700italic%2C900%2C900italic|font_style:400%20regular%3A400%3Anormal&#8221;][vc_custom_heading text=&#8221;Aix\u00ed mateix, us recordem que teniu dret en qualsevol moment a accedir, rectificar i cancel\u00b7lar les dades que us concerneixen, aix\u00ed com a oposar-vos al tractament d&#8217;aquestes dades en la forma i amb les limitacions previstes per la llei, a sol\u00b7licitar la limitaci\u00f3. de la portabilitat del tractament de les dades, posant-se en contacte amb el Responsable del tractament per correu electr\u00f2nic a info@executiveandorra.com. Es recorda als usuaris el seu dret a presentar una reclamaci\u00f3 davant l&#8217;Ag\u00e8ncia Andorrana de Protecci\u00f3 de Dades (ADPA) en el cas que considerin vulnerat algun dels seus drets en virtut de les disposicions legals vigents.&#8221; font_container=&#8221;tag:p|font_size:16px|text_align:left|color:%23000000&#8243; google_fonts=&#8221;font_family:Roboto%3A100%2C100italic%2C300%2C300italic%2Cregular%2Citalic%2C500%2C500italic%2C700%2C700italic%2C900%2C900italic|font_style:400%20regular%3A400%3Anormal&#8221;][\/vc_column][\/vc_row]<\/p>\n","protected":false},"excerpt":{"rendered":"<p>[vc_row][vc_column][vc_custom_heading text=&#8221;Pol\u00edtica de privadesa &#8211; Primera capa&#8221; font_container=&#8221;tag:h6|font_size:25px|text_align:left|color:%23323c4c&#8221; google_fonts=&#8221;font_family:Roboto%3A100%2C100italic%2C300%2C300italic%2Cregular%2Citalic%2C500%2C500italic%2C700%2C700italic%2C900%2C900italic|font_style:500%20bold%20regular%3A500%3Anormal&#8221; css=&#8221;.vc_custom_1730727375040{margin-top: 2rem !important;margin-bottom: 1rem !important;}&#8221;][\/vc_column][\/vc_row][vc_row][vc_column][vc_column_text] Responsable : Smart Executive Centers Am, S.L. Finalitat: Gestionar les consultes dels USUARIS del Lloc Web. Base legal: El consentiment de l&#8217;USUARI. Dest\u00ed: les vostres dades no seran transferides. Emmagatzematge: Termini m\u00e0xim legal establert. Drets dels interessats: Accedir, rectificar i cancel\u00b7lar les dades que us concerneixen, oposar-vos al tractament de les dades, sol\u00b7licitar la limitaci\u00f3 del tractament o la portabilitat de les dades. [\/vc_column_text][\/vc_column][\/vc_row][vc_row][vc_column][vc_custom_heading text=&#8221;Pol\u00edtica de privadesa &#8211; Segona capa&#8221; font_container=&#8221;tag:h6|font_size:25px|text_align:left|color:%23323c4c&#8221; google_fonts=&#8221;font_family:Roboto%3A100%2C100italic%2C300%2C300italic%2Cregular%2Citalic%2C500%2C500italic%2C700%2C700italic%2C900%2C900italic|font_style:500%20bold%20regular%3A500%3Anormal&#8221; css=&#8221;.vc_custom_1729764544041{margin-top: 2rem !important;}&#8221;][vc_custom_heading text=&#8221;D&#8217;acord amb el que estableix la Llei 15\/2003, de 18 de desembre, Llei Qualificada de Protecci\u00f3 de Dades (LQPD) i el Reglament de l&#8217;Ag\u00e8ncia Andorrana de Protecci\u00f3 de Dades que la [&hellip;]<\/p>\n","protected":false},"author":2,"featured_media":0,"parent":0,"menu_order":0,"comment_status":"closed","ping_status":"closed","template":"page-templates\/full-width.php","meta":{"_acf_changed":false,"_coblocks_attr":"","_coblocks_dimensions":"","_coblocks_responsive_height":"","_coblocks_accordion_ie_support":"","footnotes":""},"class_list":["post-13284","page","type-page","status-publish","hentry"],"acf":[],"yoast_head":"<!-- This site is optimized with the Yoast SEO plugin v27.4 - https:\/\/yoast.com\/product\/yoast-seo-wordpress\/ -->\n<title>Pol\u00edtica de privadesa - SMART Coworking<\/title>\n<meta name=\"robots\" content=\"index, follow, max-snippet:-1, max-image-preview:large, max-video-preview:-1\" \/>\n<link rel=\"canonical\" href=\"https:\/\/smartcoworking.ad\/ca\/politica-de-privadesa\/\" \/>\n<meta property=\"og:locale\" content=\"ca_ES\" \/>\n<meta property=\"og:type\" content=\"article\" \/>\n<meta property=\"og:title\" content=\"Pol\u00edtica de privadesa - SMART Coworking\" \/>\n<meta property=\"og:description\" content=\"[vc_row][vc_column][vc_custom_heading text=&#8221;Pol\u00edtica de privadesa &#8211; Primera capa&#8221; font_container=&#8221;tag:h6|font_size:25px|text_align:left|color:%23323c4c&#8221; google_fonts=&#8221;font_family:Roboto%3A100%2C100italic%2C300%2C300italic%2Cregular%2Citalic%2C500%2C500italic%2C700%2C700italic%2C900%2C900italic|font_style:500%20bold%20regular%3A500%3Anormal&#8221; css=&#8221;.vc_custom_1730727375040{margin-top: 2rem !important;margin-bottom: 1rem !important;}&#8221;][\/vc_column][\/vc_row][vc_row][vc_column][vc_column_text] Responsable : Smart Executive Centers Am, S.L. Finalitat: Gestionar les consultes dels USUARIS del Lloc Web. Base legal: El consentiment de l&#8217;USUARI. Dest\u00ed: les vostres dades no seran transferides. Emmagatzematge: Termini m\u00e0xim legal establert. Drets dels interessats: Accedir, rectificar i cancel\u00b7lar les dades que us concerneixen, oposar-vos al tractament de les dades, sol\u00b7licitar la limitaci\u00f3 del tractament o la portabilitat de les dades. [\/vc_column_text][\/vc_column][\/vc_row][vc_row][vc_column][vc_custom_heading text=&#8221;Pol\u00edtica de privadesa &#8211; Segona capa&#8221; font_container=&#8221;tag:h6|font_size:25px|text_align:left|color:%23323c4c&#8221; google_fonts=&#8221;font_family:Roboto%3A100%2C100italic%2C300%2C300italic%2Cregular%2Citalic%2C500%2C500italic%2C700%2C700italic%2C900%2C900italic|font_style:500%20bold%20regular%3A500%3Anormal&#8221; css=&#8221;.vc_custom_1729764544041{margin-top: 2rem !important;}&#8221;][vc_custom_heading text=&#8221;D&#8217;acord amb el que estableix la Llei 15\/2003, de 18 de desembre, Llei Qualificada de Protecci\u00f3 de Dades (LQPD) i el Reglament de l&#8217;Ag\u00e8ncia Andorrana de Protecci\u00f3 de Dades que la [&hellip;]\" \/>\n<meta property=\"og:url\" content=\"https:\/\/smartcoworking.ad\/ca\/politica-de-privadesa\/\" \/>\n<meta property=\"og:site_name\" content=\"SMART Coworking\" \/>\n<meta property=\"article:publisher\" content=\"https:\/\/www.facebook.com\/smartexecutiveandorra\" \/>\n<meta property=\"article:modified_time\" content=\"2025-04-28T08:30:32+00:00\" \/>\n<meta name=\"twitter:card\" content=\"summary_large_image\" \/>\n<meta name=\"twitter:site\" content=\"@smart_exe_and\" \/>\n<meta name=\"twitter:label1\" content=\"Temps estimat de lectura\" \/>\n\t<meta name=\"twitter:data1\" content=\"2 minuts\" \/>\n<script type=\"application\/ld+json\" class=\"yoast-schema-graph\">{\"@context\":\"https:\\\/\\\/schema.org\",\"@graph\":[{\"@type\":\"WebPage\",\"@id\":\"https:\\\/\\\/smartcoworking.ad\\\/ca\\\/politica-de-privadesa\\\/\",\"url\":\"https:\\\/\\\/smartcoworking.ad\\\/ca\\\/politica-de-privadesa\\\/\",\"name\":\"Pol\u00edtica de privadesa - SMART Coworking\",\"isPartOf\":{\"@id\":\"https:\\\/\\\/smartcoworking.ad\\\/ca\\\/#website\"},\"datePublished\":\"2024-10-23T05:43:44+00:00\",\"dateModified\":\"2025-04-28T08:30:32+00:00\",\"breadcrumb\":{\"@id\":\"https:\\\/\\\/smartcoworking.ad\\\/ca\\\/politica-de-privadesa\\\/#breadcrumb\"},\"inLanguage\":\"ca\",\"potentialAction\":[{\"@type\":\"ReadAction\",\"target\":[\"https:\\\/\\\/smartcoworking.ad\\\/ca\\\/politica-de-privadesa\\\/\"]}]},{\"@type\":\"BreadcrumbList\",\"@id\":\"https:\\\/\\\/smartcoworking.ad\\\/ca\\\/politica-de-privadesa\\\/#breadcrumb\",\"itemListElement\":[{\"@type\":\"ListItem\",\"position\":1,\"name\":\"A casa\",\"item\":\"https:\\\/\\\/smartcoworking.ad\\\/ca\\\/\"},{\"@type\":\"ListItem\",\"position\":2,\"name\":\"Pol\u00edtica de privadesa\"}]},{\"@type\":\"WebSite\",\"@id\":\"https:\\\/\\\/smartcoworking.ad\\\/ca\\\/#website\",\"url\":\"https:\\\/\\\/smartcoworking.ad\\\/ca\\\/\",\"name\":\"SMART Coworking\",\"description\":\"Coworking Spaces in Andorra\",\"potentialAction\":[{\"@type\":\"SearchAction\",\"target\":{\"@type\":\"EntryPoint\",\"urlTemplate\":\"https:\\\/\\\/smartcoworking.ad\\\/ca\\\/?s={search_term_string}\"},\"query-input\":{\"@type\":\"PropertyValueSpecification\",\"valueRequired\":true,\"valueName\":\"search_term_string\"}}],\"inLanguage\":\"ca\"}]}<\/script>\n<!-- \/ Yoast SEO plugin. -->","yoast_head_json":{"title":"Pol\u00edtica de privadesa - SMART Coworking","robots":{"index":"index","follow":"follow","max-snippet":"max-snippet:-1","max-image-preview":"max-image-preview:large","max-video-preview":"max-video-preview:-1"},"canonical":"https:\/\/smartcoworking.ad\/ca\/politica-de-privadesa\/","og_locale":"ca_ES","og_type":"article","og_title":"Pol\u00edtica de privadesa - SMART Coworking","og_description":"[vc_row][vc_column][vc_custom_heading text=&#8221;Pol\u00edtica de privadesa &#8211; Primera capa&#8221; font_container=&#8221;tag:h6|font_size:25px|text_align:left|color:%23323c4c&#8221; google_fonts=&#8221;font_family:Roboto%3A100%2C100italic%2C300%2C300italic%2Cregular%2Citalic%2C500%2C500italic%2C700%2C700italic%2C900%2C900italic|font_style:500%20bold%20regular%3A500%3Anormal&#8221; css=&#8221;.vc_custom_1730727375040{margin-top: 2rem !important;margin-bottom: 1rem !important;}&#8221;][\/vc_column][\/vc_row][vc_row][vc_column][vc_column_text] Responsable : Smart Executive Centers Am, S.L. Finalitat: Gestionar les consultes dels USUARIS del Lloc Web. Base legal: El consentiment de l&#8217;USUARI. Dest\u00ed: les vostres dades no seran transferides. Emmagatzematge: Termini m\u00e0xim legal establert. Drets dels interessats: Accedir, rectificar i cancel\u00b7lar les dades que us concerneixen, oposar-vos al tractament de les dades, sol\u00b7licitar la limitaci\u00f3 del tractament o la portabilitat de les dades. [\/vc_column_text][\/vc_column][\/vc_row][vc_row][vc_column][vc_custom_heading text=&#8221;Pol\u00edtica de privadesa &#8211; Segona capa&#8221; font_container=&#8221;tag:h6|font_size:25px|text_align:left|color:%23323c4c&#8221; google_fonts=&#8221;font_family:Roboto%3A100%2C100italic%2C300%2C300italic%2Cregular%2Citalic%2C500%2C500italic%2C700%2C700italic%2C900%2C900italic|font_style:500%20bold%20regular%3A500%3Anormal&#8221; css=&#8221;.vc_custom_1729764544041{margin-top: 2rem !important;}&#8221;][vc_custom_heading text=&#8221;D&#8217;acord amb el que estableix la Llei 15\/2003, de 18 de desembre, Llei Qualificada de Protecci\u00f3 de Dades (LQPD) i el Reglament de l&#8217;Ag\u00e8ncia Andorrana de Protecci\u00f3 de Dades que la [&hellip;]","og_url":"https:\/\/smartcoworking.ad\/ca\/politica-de-privadesa\/","og_site_name":"SMART Coworking","article_publisher":"https:\/\/www.facebook.com\/smartexecutiveandorra","article_modified_time":"2025-04-28T08:30:32+00:00","twitter_card":"summary_large_image","twitter_site":"@smart_exe_and","twitter_misc":{"Temps estimat de lectura":"2 minuts"},"schema":{"@context":"https:\/\/schema.org","@graph":[{"@type":"WebPage","@id":"https:\/\/smartcoworking.ad\/ca\/politica-de-privadesa\/","url":"https:\/\/smartcoworking.ad\/ca\/politica-de-privadesa\/","name":"Pol\u00edtica de privadesa - SMART Coworking","isPartOf":{"@id":"https:\/\/smartcoworking.ad\/ca\/#website"},"datePublished":"2024-10-23T05:43:44+00:00","dateModified":"2025-04-28T08:30:32+00:00","breadcrumb":{"@id":"https:\/\/smartcoworking.ad\/ca\/politica-de-privadesa\/#breadcrumb"},"inLanguage":"ca","potentialAction":[{"@type":"ReadAction","target":["https:\/\/smartcoworking.ad\/ca\/politica-de-privadesa\/"]}]},{"@type":"BreadcrumbList","@id":"https:\/\/smartcoworking.ad\/ca\/politica-de-privadesa\/#breadcrumb","itemListElement":[{"@type":"ListItem","position":1,"name":"A casa","item":"https:\/\/smartcoworking.ad\/ca\/"},{"@type":"ListItem","position":2,"name":"Pol\u00edtica de privadesa"}]},{"@type":"WebSite","@id":"https:\/\/smartcoworking.ad\/ca\/#website","url":"https:\/\/smartcoworking.ad\/ca\/","name":"SMART Coworking","description":"Coworking Spaces in Andorra","potentialAction":[{"@type":"SearchAction","target":{"@type":"EntryPoint","urlTemplate":"https:\/\/smartcoworking.ad\/ca\/?s={search_term_string}"},"query-input":{"@type":"PropertyValueSpecification","valueRequired":true,"valueName":"search_term_string"}}],"inLanguage":"ca"}]}},"_links":{"self":[{"href":"https:\/\/smartcoworking.ad\/ca\/wp-json\/wp\/v2\/pages\/13284","targetHints":{"allow":["GET"]}}],"collection":[{"href":"https:\/\/smartcoworking.ad\/ca\/wp-json\/wp\/v2\/pages"}],"about":[{"href":"https:\/\/smartcoworking.ad\/ca\/wp-json\/wp\/v2\/types\/page"}],"author":[{"embeddable":true,"href":"https:\/\/smartcoworking.ad\/ca\/wp-json\/wp\/v2\/users\/2"}],"replies":[{"embeddable":true,"href":"https:\/\/smartcoworking.ad\/ca\/wp-json\/wp\/v2\/comments?post=13284"}],"version-history":[{"count":3,"href":"https:\/\/smartcoworking.ad\/ca\/wp-json\/wp\/v2\/pages\/13284\/revisions"}],"predecessor-version":[{"id":14328,"href":"https:\/\/smartcoworking.ad\/ca\/wp-json\/wp\/v2\/pages\/13284\/revisions\/14328"}],"wp:attachment":[{"href":"https:\/\/smartcoworking.ad\/ca\/wp-json\/wp\/v2\/media?parent=13284"}],"curies":[{"name":"wp","href":"https:\/\/api.w.org\/{rel}","templated":true}]}}