{"id":13477,"date":"2024-10-14T11:49:11","date_gmt":"2024-10-14T09:49:11","guid":{"rendered":"https:\/\/smartcoworking.ad\/domicili-de-lempresa\/"},"modified":"2026-04-14T16:43:00","modified_gmt":"2026-04-14T14:43:00","slug":"domicili-de-lempresa","status":"publish","type":"page","link":"https:\/\/smartcoworking.ad\/ca\/domicili-de-lempresa\/","title":{"rendered":"Domicili de l&#8217;empresa"},"content":{"rendered":"<p>[vc_section css=&#8221;.vc_custom_1729492603255{margin-top: 60px !important;}&#8221;][vc_row][vc_column]<div class=\"heading  default align-center transform-default icon-type-hidden   vc_custom_1744742463705 heading-tag-h4\" id=\"like_sc_header_92244750\"><h4 class=\"header ltx-sr-id-like_sc_header_92244750825435824 ltx-sr ltx-sr-effect-fade_in ltx-sr-el-block ltx-sr-delay-0 ltx-sr-duration-1000 ltx-sr-sequences-0\">Domiciliaci\u00f3 de societat - <span>Andorra la Vella<\/span><\/h4><\/div>[vc_separator color=&#8221;custom&#8221; border_width=&#8221;3&#8243; el_width=&#8221;10&#8243; accent_color=&#8221;#800d20&#8243;][\/vc_column][\/vc_row][\/vc_section][vc_section full_width=&#8221;stretch_row&#8221; css=&#8221;.vc_custom_1739984510205{margin-top: 40px !important;margin-bottom: 40px !important;}&#8221;][vc_row gap=&#8221;30&#8243; equal_height=&#8221;yes&#8221; content_placement=&#8221;middle&#8221;][vc_column width=&#8221;1\/2&#8243;][vc_custom_heading text=&#8221;Qu\u00e8 \u00e9s la domiciliaci\u00f3 d&#8217;empreses?&#8221; font_container=&#8221;tag:h6|text_align:left&#8221; use_theme_fonts=&#8221;yes&#8221;][vc_column_text]La domiciliaci\u00f3 d\u2019empresa \u00e9s una opci\u00f3 molt popular per reduir els costos fixos d\u2019una empresa, mentre es beneficia d\u2019una adre\u00e7a de prestigi.<\/p>\n<p>Tamb\u00e9 \u00e9s molt valorada per emprenedors que treballen des de casa i no volen comunicar la seva adre\u00e7a privada als clients<\/p>\n<p>L&#8217;adre\u00e7a de la teva seu social pot ser un element que els teus futurs col\u00b7laboradors i clients tindran en compte, per la qual cosa no s&#8217;hauria de negligir.[\/vc_column_text][vc_custom_heading text=&#8221;Qu\u00e8 inclou la domiciliaci\u00f3 d&#8217;una empresa?&#8221; font_container=&#8221;tag:h6|text_align:left&#8221; use_theme_fonts=&#8221;yes&#8221; css=&#8221;.vc_custom_1729492710727{margin-top: 20px !important;}&#8221;][vc_column_text]Una adre\u00e7a per a la teva oficina registrada que pots comunicar als teus documents i targetes de visita. D\u2019aquesta manera, el coworking rep la teva correspond\u00e8ncia empresarial i te la reenvia si \u00e9s necessari.<\/p>\n<p>Tamb\u00e9 pots accedir als altres serveis del coworking a un preu redu\u00eft i optar per una oferta m\u00e9s \u00e0mplia en qualsevol moment, com ara l\u2019oficina virtual.[\/vc_column_text][\/vc_column][vc_column width=&#8221;1\/2&#8243; css=&#8221;.vc_custom_1729682859271{background-image: url(https:\/\/smartcoworking.ad\/wp-content\/uploads\/2024\/10\/despacho-privado-1-escritorio.jpg?id=10563) !important;background-position: center !important;background-repeat: no-repeat !important;background-size: cover !important;}&#8221;][vc_empty_space height=&#8221;100px&#8221;][\/vc_column][\/vc_row][\/vc_section][vc_section][vc_row][vc_column]<div class=\"heading  default align-center transform-default icon-type-hidden   vc_custom_1744815141124 heading-tag-h4\" id=\"like_sc_header_1352767270\"><h4 class=\"header ltx-sr-id-like_sc_header_13527672701576715125 ltx-sr ltx-sr-effect-fade_in ltx-sr-el-block ltx-sr-delay-0 ltx-sr-duration-1000 ltx-sr-sequences-0\">Els avantatges de la Domiciliaci\u00f3 d\u2019empresa<\/h4><\/div>[vc_separator color=&#8221;custom&#8221; border_width=&#8221;3&#8243; el_width=&#8221;10&#8243; accent_color=&#8221;#421a1a&#8221;][\/vc_column][\/vc_row][\/vc_section][vc_row css=&#8221;.vc_custom_1729494526859{padding-top: 40px !important;padding-bottom: 60px !important;}&#8221;][vc_column]<ul class=\"ltx-block-icon  andorra-comapny-page has-descr  icons-count-3 align-left ltx-icon-color-main ltx-icon-size-default ltx-header-color-black ltx-icon-type-circle ltx-bg-color-transparent layout-cols3 ltx-icon-ht-right  row centered\"  id=\"like_sc_block_icon_492601441\"><li class=\" col-lg-4 col-md-4 col-sm-4 col-ms-4 col-xs-12\" ><div  data-mh=\"ltx-block-icon-in-1487\" class=\"in matchHeight\"><span class=\"ltx-icon fas fa-briefcase bg-transparent\" data-mh=\"ltx-icon-span-like_sc_block_icon_492601441\"><\/span><div class=\"block-right\"> <h5 class=\"header\"> Adre\u00e7a professional <\/h5> <div class=\"descr\">Estableix la teva empresa al centre de la capital d'Andorra a un preu m\u00ednim.<\/div><\/div><\/div><\/li><li class=\" col-lg-4 col-md-4 col-sm-4 col-ms-4 col-xs-12\" ><div  data-mh=\"ltx-block-icon-in-1487\" class=\"in matchHeight\"><span class=\"ltx-icon icon-graphic-design bg-transparent\" data-mh=\"ltx-icon-span-like_sc_block_icon_492601441\"><\/span><div class=\"block-right\"> <h5 class=\"header\"> Acc\u00e9s a una \u00e0mplia gamma d'ofertes <\/h5> <div class=\"descr\">Aprofita tarifes excepcionals per llogar una sala de reunions o una oficina. En qualsevol moment, pots optar per millorar a una oferta superior d'oficina virtual.<\/div><\/div><\/div><\/li><li class=\" col-lg-4 col-md-4 col-sm-4 col-ms-4 col-xs-12 \" ><div  data-mh=\"ltx-block-icon-in-1487\" class=\"in matchHeight\"><span class=\"ltx-icon icon-message bg-transparent\" data-mh=\"ltx-icon-span-like_sc_block_icon_492601441\"><\/span><div class=\"block-right\"> <h5 class=\"header\"> Gesti\u00f3 de correspond\u00e8ncia <\/h5> <div class=\"descr\">Adre\u00e7a la teva correspond\u00e8ncia a SMART Coworking. A continuaci\u00f3, tindr\u00e0s l'opci\u00f3 de recollir-la o que t'hi sigui reenviada per correu electr\u00f2nic o a una altra adre\u00e7a.<\/div><\/div><\/div><\/li><\/ul>[vc_btn title=&#8221;Reserva ara&#8221; style=&#8221;custom&#8221; custom_background=&#8221;#880015&#8243; custom_text=&#8221;#ffffff&#8221; shape=&#8221;square&#8221; align=&#8221;center&#8221; i_icon_fontawesome=&#8221;far fa-hand-point-right&#8221; add_icon=&#8221;true&#8221; css=&#8221;.vc_custom_1732801907198{margin-top: 30px !important;}&#8221; link=&#8221;url:https%3A%2F%2Fsmartcoworking.ad%2Fca%2Fcontacte%2F|target:_blank|&#8221;][\/vc_column][\/vc_row][vc_section disable_element=&#8221;yes&#8221; css=&#8221;.vc_custom_1737565572916{margin-top: 0px !important;}&#8221;][vc_row][vc_column]<div class=\"heading  default align-center transform-default icon-type-hidden   vc_custom_1729658560013 heading-tag-h4\" id=\"like_sc_header_1961713791\"><h4 class=\"header ltx-sr-id-like_sc_header_19617137911016559073 ltx-sr ltx-sr-effect-fade_in ltx-sr-el-block ltx-sr-delay-0 ltx-sr-duration-1000 ltx-sr-sequences-0\">SMART Coworking <span>- Business Center<\/span><\/h4><\/div>[vc_separator color=&#8221;custom&#8221; border_width=&#8221;3&#8243; el_width=&#8221;10&#8243; accent_color=&#8221;#800d20&#8243;][\/vc_column][\/vc_row][\/vc_section][vc_row disable_element=&#8221;yes&#8221; css=&#8221;.vc_custom_1737565480051{margin-top: 40px !important;}&#8221;][vc_column][vc_gallery type=&#8221;nivo&#8221; interval=&#8221;3&#8243; images=&#8221;12751,12746,12741,12736,12721,12731,12716,12711&#8243; img_size=&#8221;large&#8221;][\/vc_column][\/vc_row][vc_section css=&#8221;.vc_custom_1729495763703{margin-top: 60px !important;margin-bottom: 60px !important;}&#8221;][vc_row gap=&#8221;25&#8243; equal_height=&#8221;yes&#8221; content_placement=&#8221;middle&#8221;][vc_column width=&#8221;1\/2&#8243;][vc_custom_heading text=&#8221;SMART Coworking &#8211; Centre de negocis&#8221; font_container=&#8221;tag:h2|font_size:32px|text_align:left|color:%23880015&#8243; use_theme_fonts=&#8221;yes&#8221;][vc_custom_heading text=&#8221;Qui pot contractar el servei de domiciliaci\u00f3?&#8221; font_container=&#8221;tag:h6|text_align:left&#8221; use_theme_fonts=&#8221;yes&#8221; css=&#8221;.vc_custom_1729687312116{margin-top: 20px !important;}&#8221;][vc_column_text]<\/p>\n<ul>\n<li>Aquest servei pot ser contractat per qualsevol empresa o empresari establerta f\u00edsicament a Andorra.<\/li>\n<\/ul>\n<p>[\/vc_column_text][vc_custom_heading text=&#8221;Atenci\u00f3&#8221; font_container=&#8221;tag:h6|text_align:left&#8221; use_theme_fonts=&#8221;yes&#8221; css=&#8221;.vc_custom_1729687217055{margin-top: 30px !important;}&#8221;][vc_column_text]<\/p>\n<ul>\n<li>Si tens una activitat comercial, la legislaci\u00f3 andorrana requereix que disposis d&#8217;una oficina f\u00edsica. A m\u00e9s, haur\u00e0s de presentar un butlleti el\u00e8ctric i un contracte de manteniment d&#8217;extintors a nom de l&#8217;empresa.<\/li>\n<li>A SMART Coworking, oferim dues solucions per complir amb aquests requisits legals: una <strong>oficina privada<\/strong> o <strong>un escriptori fix <\/strong>al nostre espai de coworking. Ambdues opcions compleixen amb la normativa andorrana, oferint-te un espai de treball professional i acc\u00e9s a tots els nostres serveis.<\/li>\n<li>Si encara no tens una oficina f\u00edsica, t\u2019invitem a explorar les nostres ofertes d\u2019<a href=\"https:\/\/smartcoworking.ad\/ca\/oficina-privada\/\">oficines privades<\/a> o d<a href=\"https:\/\/smartcoworking.ad\/ca\/escriptori-dedicat\/\">\u2019escriptoris fixos<\/a>.<\/li>\n<\/ul>\n<p>[\/vc_column_text][vc_custom_heading text=&#8221;Tarifes de domiciliaci\u00f3 d&#8217;empreses a SMART Coworking&#8221; font_container=&#8221;tag:h6|text_align:left&#8221; use_theme_fonts=&#8221;yes&#8221; css=&#8221;.vc_custom_1730987570387{margin-top: 30px !important;}&#8221;][vc_column_text]<\/p>\n<ul>\n<li>La ubicaci\u00f3 i la qualitat de les instal\u00b7lacions fan que les nostres tarifes de domiciliaci\u00f3 d\u2019empresa siguin molt competitives. Pots optar per un contracte de 6 mesos o 1 any renovable.<\/li>\n<\/ul>\n<p>[\/vc_column_text][\/vc_column][vc_column width=&#8221;1\/2&#8243;][vc_single_image image=&#8221;12681&#8243; img_size=&#8221;full&#8221; alignment=&#8221;center&#8221; style=&#8221;vc_box_shadow_3d&#8221;][\/vc_column][\/vc_row][\/vc_section][vc_section full_width=&#8221;stretch_row&#8221; css=&#8221;.vc_custom_1729755310700{background-color: #dddddd !important;}&#8221;][vc_row content_placement=&#8221;middle&#8221; css=&#8221;.vc_custom_1729755330660{padding-top: 0px !important;padding-bottom: 50px !important;}&#8221;][vc_column width=&#8221;1\/2&#8243;][vc_custom_heading text=&#8221;Contracte de domiciliaci\u00f3 d&#8217;empresa<br \/>\nAndorra la Vella&#8221; font_container=&#8221;tag:h2|font_size:32px|text_align:left|color:%23880015&#8243; use_theme_fonts=&#8221;yes&#8221; css=&#8221;.vc_custom_1729755319868{margin-top: 0px !important;}&#8221;][vc_custom_heading text=&#8221;Des de 25 \u20ac\/mes&#8221; font_container=&#8221;tag:h2|font_size:32px|text_align:left&#8221; use_theme_fonts=&#8221;yes&#8221; css=&#8221;.vc_custom_1729584100906{margin-top: 0px !important;}&#8221;][vc_column_text]<\/p>\n<ul>\n<li><span style=\"color: #000000;\">Domicili social i domicili fiscal.<\/span><\/li>\n<li><span style=\"color: #000000;\">\u00das de l&#8217;adre\u00e7a als vostres documents i targetes<\/span><\/li>\n<li><span style=\"color: #000000;\">Recepci\u00f3 de correspond\u00e8ncia<\/span><\/li>\n<li><span style=\"color: #000000;\">Notificaci\u00f3 immediata per correu electr\u00f2nic del vostre servei de correu expr\u00e9s, correu certificat i missatgeria (30 al mes)<\/span><\/li>\n<li><span style=\"color: #000000;\">Lloguer de sales de reunions a preu redu\u00eft<\/span><\/li>\n<li><span style=\"color: #000000;\">Lloguer de sales de reunions a un preu redu\u00eft de WiFi a les sales de reunions \/ zones comunes<\/span><\/li>\n<li><strong>No apte per a fins de registre mercantil.<\/strong><\/li>\n<\/ul>\n<p>[\/vc_column_text][vc_btn title=&#8221;Reserva ara&#8221; style=&#8221;custom&#8221; custom_background=&#8221;#880015&#8243; custom_text=&#8221;#ffffff&#8221; shape=&#8221;square&#8221; align=&#8221;left&#8221; i_icon_fontawesome=&#8221;far fa-hand-point-right&#8221; add_icon=&#8221;true&#8221; css=&#8221;.vc_custom_1732801921086{margin-top: 30px !important;}&#8221; link=&#8221;url:https%3A%2F%2Fsmartcoworking.ad%2Fca%2Fcontacte%2F|target:_blank|&#8221;][\/vc_column][vc_column width=&#8221;1\/2&#8243;][vc_gmaps link=&#8221;#E-8_JTNDaWZyYW1lJTIwc3JjJTNEJTIyaHR0cHMlM0ElMkYlMkZ3d3cuZ29vZ2xlLmNvbSUyRm1hcHMlMkZlbWJlZCUzRnBiJTNEJTIxMW0xOCUyMTFtMTIlMjExbTMlMjExZDI5NDEuMjcyMDQwMjc4MTYyJTIxMmQxLjUxNjE5NDk3NDk3Nzc0MjglMjEzZDQyLjUwNzAyNjUyNTgwNTY1JTIxMm0zJTIxMWYwJTIxMmYwJTIxM2YwJTIxM20yJTIxMWkxMDI0JTIxMmk3NjglMjE0ZjEzLjElMjEzbTMlMjExbTIlMjExczB4MTJhNWY1MmM4NTFhN2EzYiUyNTNBMHg5MThlZjUzZTVmYmQ4MTViJTIxMnNTbWFydCUyNTIwQ293b3JraW5nJTIxNWUwJTIxM20yJTIxMXNlbiUyMTJzaW4lMjE0djE3MjkwNzc2MDA1MTUlMjE1bTIlMjExc2VuJTIxMnNpbiUyMiUyMHdpZHRoJTNEJTIyNjAwJTIyJTIwaGVpZ2h0JTNEJTIyNDUwJTIyJTIwc3R5bGUlM0QlMjJib3JkZXIlM0EwJTNCJTIyJTIwYWxsb3dmdWxsc2NyZWVuJTNEJTIyJTIyJTIwbG9hZGluZyUzRCUyMmxhenklMjIlMjByZWZlcnJlcnBvbGljeSUzRCUyMm5vLXJlZmVycmVyLXdoZW4tZG93bmdyYWRlJTIyJTNFJTNDJTJGaWZyYW1lJTNF&#8221; el_class=&#8221;andorra-padding-top&#8221;][\/vc_column][\/vc_row][\/vc_section]<\/p>\n","protected":false},"excerpt":{"rendered":"<p>[vc_section css=&#8221;.vc_custom_1729492603255{margin-top: 60px !important;}&#8221;][vc_row][vc_column][vc_separator color=&#8221;custom&#8221; border_width=&#8221;3&#8243; el_width=&#8221;10&#8243; accent_color=&#8221;#800d20&#8243;][\/vc_column][\/vc_row][\/vc_section][vc_section full_width=&#8221;stretch_row&#8221; css=&#8221;.vc_custom_1739984510205{margin-top: 40px !important;margin-bottom: 40px !important;}&#8221;][vc_row gap=&#8221;30&#8243; equal_height=&#8221;yes&#8221; content_placement=&#8221;middle&#8221;][vc_column width=&#8221;1\/2&#8243;][vc_custom_heading text=&#8221;Qu\u00e8 \u00e9s la domiciliaci\u00f3 d&#8217;empreses?&#8221; font_container=&#8221;tag:h6|text_align:left&#8221; use_theme_fonts=&#8221;yes&#8221;][vc_column_text]La domiciliaci\u00f3 d\u2019empresa \u00e9s una opci\u00f3 molt popular per reduir els costos fixos d\u2019una empresa, mentre es beneficia d\u2019una adre\u00e7a de prestigi. Tamb\u00e9 \u00e9s molt valorada per emprenedors que treballen des de casa i no volen comunicar la seva adre\u00e7a privada als clients L&#8217;adre\u00e7a de la teva seu social pot ser un element que els teus futurs col\u00b7laboradors i clients tindran en compte, per la qual cosa no s&#8217;hauria de negligir.[\/vc_column_text][vc_custom_heading text=&#8221;Qu\u00e8 inclou la domiciliaci\u00f3 d&#8217;una empresa?&#8221; font_container=&#8221;tag:h6|text_align:left&#8221; use_theme_fonts=&#8221;yes&#8221; css=&#8221;.vc_custom_1729492710727{margin-top: 20px !important;}&#8221;][vc_column_text]Una adre\u00e7a per a la teva oficina registrada que pots comunicar als teus documents i [&hellip;]<\/p>\n","protected":false},"author":2,"featured_media":0,"parent":0,"menu_order":0,"comment_status":"closed","ping_status":"closed","template":"page-templates\/full-width.php","meta":{"_acf_changed":false,"_coblocks_attr":"","_coblocks_dimensions":"","_coblocks_responsive_height":"","_coblocks_accordion_ie_support":"","footnotes":""},"class_list":["post-13477","page","type-page","status-publish","hentry"],"acf":[],"yoast_head":"<!-- This site is optimized with the Yoast SEO plugin v27.4 - https:\/\/yoast.com\/product\/yoast-seo-wordpress\/ -->\n<title>SMART Coworking Andorra Domicili Empresa<\/title>\n<meta name=\"description\" content=\"La domiciliaci\u00f3 d&#039;empresa \u00e9s una opci\u00f3 molt popular per reduir els costos fixos i beneficiar-se d&#039;una adre\u00e7a de prestigi.\" \/>\n<meta name=\"robots\" content=\"index, follow, max-snippet:-1, max-image-preview:large, max-video-preview:-1\" \/>\n<link rel=\"canonical\" href=\"https:\/\/smartcoworking.ad\/ca\/domicili-de-lempresa\/\" \/>\n<meta property=\"og:locale\" content=\"ca_ES\" \/>\n<meta property=\"og:type\" content=\"article\" \/>\n<meta property=\"og:title\" content=\"SMART Coworking Andorra Domicili Empresa\" \/>\n<meta property=\"og:description\" content=\"La domiciliaci\u00f3 d&#039;empresa \u00e9s una opci\u00f3 molt popular per reduir els costos fixos i beneficiar-se d&#039;una adre\u00e7a de prestigi.\" \/>\n<meta property=\"og:url\" content=\"https:\/\/smartcoworking.ad\/ca\/domicili-de-lempresa\/\" \/>\n<meta property=\"og:site_name\" content=\"SMART Coworking\" \/>\n<meta property=\"article:publisher\" content=\"https:\/\/www.facebook.com\/smartexecutiveandorra\" \/>\n<meta property=\"article:modified_time\" content=\"2026-04-14T14:43:00+00:00\" \/>\n<meta name=\"twitter:card\" content=\"summary_large_image\" \/>\n<meta name=\"twitter:site\" content=\"@smart_exe_and\" \/>\n<meta name=\"twitter:label1\" content=\"Temps estimat de lectura\" \/>\n\t<meta name=\"twitter:data1\" content=\"5 minuts\" \/>\n<script type=\"application\/ld+json\" class=\"yoast-schema-graph\">{\"@context\":\"https:\\\/\\\/schema.org\",\"@graph\":[{\"@type\":\"WebPage\",\"@id\":\"https:\\\/\\\/smartcoworking.ad\\\/ca\\\/domicili-de-lempresa\\\/\",\"url\":\"https:\\\/\\\/smartcoworking.ad\\\/ca\\\/domicili-de-lempresa\\\/\",\"name\":\"SMART Coworking Andorra Domicili Empresa\",\"isPartOf\":{\"@id\":\"https:\\\/\\\/smartcoworking.ad\\\/ca\\\/#website\"},\"datePublished\":\"2024-10-14T09:49:11+00:00\",\"dateModified\":\"2026-04-14T14:43:00+00:00\",\"description\":\"La domiciliaci\u00f3 d'empresa \u00e9s una opci\u00f3 molt popular per reduir els costos fixos i beneficiar-se d'una adre\u00e7a de prestigi.\",\"breadcrumb\":{\"@id\":\"https:\\\/\\\/smartcoworking.ad\\\/ca\\\/domicili-de-lempresa\\\/#breadcrumb\"},\"inLanguage\":\"ca\",\"potentialAction\":[{\"@type\":\"ReadAction\",\"target\":[\"https:\\\/\\\/smartcoworking.ad\\\/ca\\\/domicili-de-lempresa\\\/\"]}]},{\"@type\":\"BreadcrumbList\",\"@id\":\"https:\\\/\\\/smartcoworking.ad\\\/ca\\\/domicili-de-lempresa\\\/#breadcrumb\",\"itemListElement\":[{\"@type\":\"ListItem\",\"position\":1,\"name\":\"A casa\",\"item\":\"https:\\\/\\\/smartcoworking.ad\\\/ca\\\/\"},{\"@type\":\"ListItem\",\"position\":2,\"name\":\"Domicili de l&#8217;empresa\"}]},{\"@type\":\"WebSite\",\"@id\":\"https:\\\/\\\/smartcoworking.ad\\\/ca\\\/#website\",\"url\":\"https:\\\/\\\/smartcoworking.ad\\\/ca\\\/\",\"name\":\"SMART Coworking\",\"description\":\"Coworking Spaces in Andorra\",\"potentialAction\":[{\"@type\":\"SearchAction\",\"target\":{\"@type\":\"EntryPoint\",\"urlTemplate\":\"https:\\\/\\\/smartcoworking.ad\\\/ca\\\/?s={search_term_string}\"},\"query-input\":{\"@type\":\"PropertyValueSpecification\",\"valueRequired\":true,\"valueName\":\"search_term_string\"}}],\"inLanguage\":\"ca\"}]}<\/script>\n<!-- \/ Yoast SEO plugin. -->","yoast_head_json":{"title":"SMART Coworking Andorra Domicili Empresa","description":"La domiciliaci\u00f3 d'empresa \u00e9s una opci\u00f3 molt popular per reduir els costos fixos i beneficiar-se d'una adre\u00e7a de prestigi.","robots":{"index":"index","follow":"follow","max-snippet":"max-snippet:-1","max-image-preview":"max-image-preview:large","max-video-preview":"max-video-preview:-1"},"canonical":"https:\/\/smartcoworking.ad\/ca\/domicili-de-lempresa\/","og_locale":"ca_ES","og_type":"article","og_title":"SMART Coworking Andorra Domicili Empresa","og_description":"La domiciliaci\u00f3 d'empresa \u00e9s una opci\u00f3 molt popular per reduir els costos fixos i beneficiar-se d'una adre\u00e7a de prestigi.","og_url":"https:\/\/smartcoworking.ad\/ca\/domicili-de-lempresa\/","og_site_name":"SMART Coworking","article_publisher":"https:\/\/www.facebook.com\/smartexecutiveandorra","article_modified_time":"2026-04-14T14:43:00+00:00","twitter_card":"summary_large_image","twitter_site":"@smart_exe_and","twitter_misc":{"Temps estimat de lectura":"5 minuts"},"schema":{"@context":"https:\/\/schema.org","@graph":[{"@type":"WebPage","@id":"https:\/\/smartcoworking.ad\/ca\/domicili-de-lempresa\/","url":"https:\/\/smartcoworking.ad\/ca\/domicili-de-lempresa\/","name":"SMART Coworking Andorra Domicili Empresa","isPartOf":{"@id":"https:\/\/smartcoworking.ad\/ca\/#website"},"datePublished":"2024-10-14T09:49:11+00:00","dateModified":"2026-04-14T14:43:00+00:00","description":"La domiciliaci\u00f3 d'empresa \u00e9s una opci\u00f3 molt popular per reduir els costos fixos i beneficiar-se d'una adre\u00e7a de prestigi.","breadcrumb":{"@id":"https:\/\/smartcoworking.ad\/ca\/domicili-de-lempresa\/#breadcrumb"},"inLanguage":"ca","potentialAction":[{"@type":"ReadAction","target":["https:\/\/smartcoworking.ad\/ca\/domicili-de-lempresa\/"]}]},{"@type":"BreadcrumbList","@id":"https:\/\/smartcoworking.ad\/ca\/domicili-de-lempresa\/#breadcrumb","itemListElement":[{"@type":"ListItem","position":1,"name":"A casa","item":"https:\/\/smartcoworking.ad\/ca\/"},{"@type":"ListItem","position":2,"name":"Domicili de l&#8217;empresa"}]},{"@type":"WebSite","@id":"https:\/\/smartcoworking.ad\/ca\/#website","url":"https:\/\/smartcoworking.ad\/ca\/","name":"SMART Coworking","description":"Coworking Spaces in Andorra","potentialAction":[{"@type":"SearchAction","target":{"@type":"EntryPoint","urlTemplate":"https:\/\/smartcoworking.ad\/ca\/?s={search_term_string}"},"query-input":{"@type":"PropertyValueSpecification","valueRequired":true,"valueName":"search_term_string"}}],"inLanguage":"ca"}]}},"_links":{"self":[{"href":"https:\/\/smartcoworking.ad\/ca\/wp-json\/wp\/v2\/pages\/13477","targetHints":{"allow":["GET"]}}],"collection":[{"href":"https:\/\/smartcoworking.ad\/ca\/wp-json\/wp\/v2\/pages"}],"about":[{"href":"https:\/\/smartcoworking.ad\/ca\/wp-json\/wp\/v2\/types\/page"}],"author":[{"embeddable":true,"href":"https:\/\/smartcoworking.ad\/ca\/wp-json\/wp\/v2\/users\/2"}],"replies":[{"embeddable":true,"href":"https:\/\/smartcoworking.ad\/ca\/wp-json\/wp\/v2\/comments?post=13477"}],"version-history":[{"count":15,"href":"https:\/\/smartcoworking.ad\/ca\/wp-json\/wp\/v2\/pages\/13477\/revisions"}],"predecessor-version":[{"id":15372,"href":"https:\/\/smartcoworking.ad\/ca\/wp-json\/wp\/v2\/pages\/13477\/revisions\/15372"}],"wp:attachment":[{"href":"https:\/\/smartcoworking.ad\/ca\/wp-json\/wp\/v2\/media?parent=13477"}],"curies":[{"name":"wp","href":"https:\/\/api.w.org\/{rel}","templated":true}]}}