{"id":13115,"date":"2024-10-14T11:49:25","date_gmt":"2024-10-14T09:49:25","guid":{"rendered":"https:\/\/smartcoworking.ad\/oficina-virtual\/"},"modified":"2026-04-24T10:55:35","modified_gmt":"2026-04-24T08:55:35","slug":"oficina-virtual","status":"publish","type":"page","link":"https:\/\/smartcoworking.ad\/es\/oficina-virtual\/","title":{"rendered":"Oficina virtual"},"content":{"rendered":"<p>[vc_section][vc_row][vc_column]<div class=\"heading  default align-center transform-default icon-type-hidden heading-tag-h4\" id=\"like_sc_header_1114423197\"><h4 class=\"header ltx-sr-id-like_sc_header_1114423197617725375 ltx-sr ltx-sr-effect-fade_in ltx-sr-el-block ltx-sr-delay-0 ltx-sr-duration-1000 ltx-sr-sequences-0\">Oficina Virtual - <span>Andorra la Vella<\/span><\/h4><\/div>[vc_separator color=\u00bbcustom\u00bb border_width=\u00bb3&#8243; el_width=\u00bb10&#8243; accent_color=\u00bb#800d20&#8243;]<div class=\"es-resp\">\t<div class=\"visible-xl\" style=\"height: 64px;\"><\/div>\t<div class=\"hidden-xl hidden-md hidden-sm hidden-ms hidden-xs\" style=\"height: 64px;\"><\/div>\t<div class=\"visible-md\" style=\"height: 64px;\"><\/div>\t<div class=\"visible-sm \" style=\"height: 64px;\"><\/div>\t<div class=\"visible-ms\" style=\"height: 32px;\"><\/div>\t<div class=\"visible-xs\" style=\"height: 32px;\"><\/div><\/div>[vc_column_text]Una Oficina Virtual te permite disponer de una direcci\u00f3n profesional, igual que la domiciliaci\u00f3n de la empresa, pero con la ventaja a\u00f1adida de tener acceso mensual a salas de reuniones para recibir a clientes y proveedores. Con esta opci\u00f3n puedes dar de alta tu empresa, pero no tu licencia comercial.[\/vc_column_text][\/vc_column][\/vc_row][\/vc_section][vc_section css=\u00bb.vc_custom_1729502367698{margin-top: 60px !important;}\u00bb][vc_row][vc_column]<div class=\"heading  default align-center transform-default icon-type-hidden   vc_custom_1745422090034 heading-tag-h4\" id=\"like_sc_header_324940627\"><h4 class=\"header ltx-sr-id-like_sc_header_3249406271238560271 ltx-sr ltx-sr-effect-fade_in ltx-sr-el-block ltx-sr-delay-0 ltx-sr-duration-1000 ltx-sr-sequences-0\">Las Ventajas de una Oficina Virtual<\/h4><\/div>[vc_separator color=\u00bbcustom\u00bb border_width=\u00bb3&#8243; el_width=\u00bb10&#8243; accent_color=\u00bb#800d20&#8243;][\/vc_column][\/vc_row][\/vc_section][vc_row css=\u00bb.vc_custom_1729503867410{margin-top: 40px !important;}\u00bb][vc_column]<ul class=\"ltx-block-icon  andorra-comapny-page has-descr  icons-count-4 align-center ltx-icon-color-main ltx-icon-size-default ltx-header-color-default ltx-icon-type-circle ltx-bg-color-transparent layout-cols4 ltx-icon-top  row centered\"  id=\"like_sc_block_icon_1353881115\"><li class=\" col-lg-3 col-md-6 col-sm-6 col-ms-12 col-xs-12\" ><div  data-mh=\"ltx-block-icon-in-1750\" class=\"in matchHeight\"><span class=\"ltx-icon far fa-gem bg-transparent\" data-mh=\"ltx-icon-span-like_sc_block_icon_1353881115\"><\/span> <h6 class=\"header\"> Imagen corporativa <\/h6> <div class=\"descr\">Para que sus clientes y proveedores sientan que es una empresa consolidada.<\/div><\/div><\/li><li class=\" col-lg-3 col-md-6 col-sm-6 col-ms-12 col-xs-12\" ><div  data-mh=\"ltx-block-icon-in-1750\" class=\"in matchHeight\"><span class=\"ltx-icon fas fa-euro-sign bg-transparent\" data-mh=\"ltx-icon-span-like_sc_block_icon_1353881115\"><\/span> <h6 class=\"header\"> Asequibilidad <\/h6> <div class=\"descr\">Al optar por una oficina virtual, puede mantener su negocio en casa y beneficiarse de instalaciones de alta gama cuando sea necesario.<\/div><\/div><\/li><li class=\" col-lg-3 col-md-6 col-sm-6 col-ms-12 col-xs-12\" ><div  data-mh=\"ltx-block-icon-in-1750\" class=\"in matchHeight\"><span class=\"ltx-icon icon-cabinet bg-transparent\" data-mh=\"ltx-icon-span-like_sc_block_icon_1353881115\"><\/span> <h6 class=\"header\"> Flexibilidad <\/h6> <div class=\"descr\">Sin cuota de socio ni contrato de larga duraci\u00f3n. Puede ajustar la oferta a sus necesidades.<\/div><\/div><\/li><li class=\" col-lg-3 col-md-6 col-sm-6 col-ms-12 col-xs-12\" ><div  data-mh=\"ltx-block-icon-in-1750\" class=\"in matchHeight\"><span class=\"ltx-icon icon-printer bg-transparent\" data-mh=\"ltx-icon-span-like_sc_block_icon_1353881115\"><\/span> <h6 class=\"header\"> Acceso a una amplia gama de ofertas <\/h6> <div class=\"descr\">Aprovecha tarifas excepcionales para acceder al espacio de coworking o mejora tu paquete de horas de sala de reuniones. Tambi\u00e9n puede utilizar nuestro servicio de asistente administrativo.<\/div><\/div><\/li><\/ul>[vc_btn title=\u00bbQuiero recibir m\u00e1s informaci\u00f3n\u00bb style=\u00bbcustom\u00bb custom_background=\u00bb#800d20&#8243; custom_text=\u00bb#ffffff\u00bb align=\u00bbcenter\u00bb i_icon_fontawesome=\u00bbfar fa-arrow-alt-circle-right\u00bb add_icon=\u00bbtrue\u00bb link=\u00bburl:https%3A%2F%2Fsmartcoworking.ad%2Fes%2Fcontacto%2F|target:_blank|\u00bb][\/vc_column][\/vc_row][vc_section css=\u00bb.vc_custom_1729505854881{margin-top: 60px !important;margin-bottom: 60px !important;}\u00bb][vc_row][vc_column][vc_tta_tabs alignment=\u00bbcenter\u00bb active_section=\u00bb1&#8243;][vc_tta_section title=\u00bbOficina Virtual Basic\u00bb tab_id=\u00bb1729505870523-474fd387-fc27&#8243;][vc_column_text]<\/p>\n<h6>Oficina Virtual B\u00e1sica<\/h6>\n<div class=\"content-sub-title\">\n<p>a partir de <span class=\"content-price\" style=\"font-size: 18px;\">50<\/span><span class=\"content-currency\" style=\"font-size: 18px;\">\u20ac sin<\/span><span class=\"content-duration\" style=\"font-size: 18px;\"> IGI<\/span><\/p>\n<p style=\"text-align: left;\">\u2713 Domicilio social y direcci\u00f3n fiscal<\/p>\n<p>\u2713 2 horas de sala de reuniones al mes incluidas<\/p>\n<p style=\"text-align: left;\">\u2713 Uso de la direcci\u00f3n en sus documentos y tarjetas<\/p>\n<p style=\"text-align: left;\">\u2713 Recepci\u00f3n de correspondencia<\/p>\n<p style=\"text-align: left;\">\u2713 Notificaci\u00f3n inmediata por correo electr\u00f3nico de su servicio de correo urgente, correo certificado y paqueter\u00eda<\/p>\n<p style=\"text-align: left;\">Acceso a coworking y otros servicios exclusivos de SMART Coworking a un precio reducido\u2713 Access to coworking and other exclusive SMART Coworking services at a reduced price<\/p>\n<p>No apto para el Registro Mercantil<\/p>\n<\/div>\n<p>[\/vc_column_text][\/vc_tta_section][vc_tta_section title=\u00bbOficina Virtual Avanzada\u00bb tab_id=\u00bb1729505870523-fc773db4-b767&#8243;][vc_column_text]<\/p>\n<h6>Oficina Virtual Advanced<\/h6>\n<div class=\"content-sub-title\">\n<p>a partir de <span class=\"content-price\" style=\"font-size: 18px;\">80<\/span><span class=\"content-currency\" style=\"font-size: 18px;\">\u20ac <\/span><span class=\"content-duration\" style=\"font-size: 18px;\">sin IGI<\/span><\/p>\n<p style=\"text-align: left;\">\u2713 Domicilio social y direcci\u00f3n fiscal<\/p>\n<p>\u2713 4 horas de sala de reuniones al mes incluidas<\/p>\n<p style=\"text-align: left;\">\u2713 Uso de la direcci\u00f3n en sus documentos y tarjetas<\/p>\n<p style=\"text-align: left;\">\u2713 Recepci\u00f3n de correspondencia<\/p>\n<p style=\"text-align: left;\">\u2713 Notificaci\u00f3n inmediata por correo electr\u00f3nico de su servicio de correo urgente, correo certificado y paqueter\u00eda<\/p>\n<p style=\"text-align: left;\">\u2713 Acceso a coworking y otros servicios exclusivos de SMART Coworking a precio reducido<\/p>\n<p>No apto para el Registro Mercantil<\/p>\n<\/div>\n<p>[\/vc_column_text][\/vc_tta_section][\/vc_tta_tabs][\/vc_column][\/vc_row][\/vc_section][vc_section][vc_row][vc_column]<div class=\"heading  default align-center transform-default icon-type-hidden heading-tag-h4\" id=\"like_sc_header_103826324\"><h4 class=\"header ltx-sr-id-like_sc_header_1038263241593345683 ltx-sr ltx-sr-effect-fade_in ltx-sr-el-block ltx-sr-delay-0 ltx-sr-duration-1000 ltx-sr-sequences-0\">SMART Coworking <span>- Centro de Negocios<\/span><\/h4><\/div>[\/vc_column][\/vc_row][\/vc_section][vc_section full_width=\u00bbstretch_row\u00bb css=\u00bb.vc_custom_1729745352385{margin-top: 0px !important;background-color: #f9f9f9 !important;}\u00bb][vc_row gap=\u00bb25&#8243; equal_height=\u00bbyes\u00bb css=\u00bb.vc_custom_1729745384976{padding-top: 40px !important;padding-bottom: 40px !important;}\u00bb][vc_column width=\u00bb1\/2&#8243; el_class=\u00bbandorra-home-col1&#8243;][vc_single_image image=\u00bb12755&#8243; img_size=\u00bbfull\u00bb style=\u00bbvc_box_outline\u00bb][\/vc_column][vc_column width=\u00bb1\/2&#8243; el_class=\u00bbandorra-home-col2&#8243;]<div class=\"heading  default align-left transform-default icon-type-hidden heading-tag-h4\" id=\"like_sc_header_458607978\"><h4 class=\"header ltx-sr-id-like_sc_header_458607978101784262 ltx-sr ltx-sr-effect-fade_in ltx-sr-el-block ltx-sr-delay-0 ltx-sr-duration-1000 ltx-sr-sequences-0\">Solicita tu Oficina virtual en SMART Coworking<\/h4><\/div>[vc_separator color=\u00bbcustom\u00bb align=\u00bbalign_left\u00bb border_width=\u00bb3&#8243; el_width=\u00bb10&#8243; accent_color=\u00bb#800d20&#8243;][vc_column_text css=\u00bb.vc_custom_1776334745023{margin-top: 20px !important;}\u00bb]Una vez que hayas registrado tu cuenta de cliente con nosotros, podr\u00e1s acceder a todos nuestros servicios desde nuestro centro de negocios en <strong>Andorra<\/strong>. Por ejemplo, puedes alquilar un espacio de trabajo para preparar una reuni\u00f3n o reservar una oficina dedicada.[\/vc_column_text][\/vc_column][\/vc_row][vc_row gap=\u00bb25&#8243; equal_height=\u00bbyes\u00bb][vc_column width=\u00bb1\/2&#8243; el_class=\u00bbandorra-home-col2&#8243;]<div class=\"heading  default align-left transform-default icon-type-hidden heading-tag-h4\" id=\"like_sc_header_1565851573\"><h4 class=\"header ltx-sr-id-like_sc_header_15658515731888889603 ltx-sr ltx-sr-effect-fade_in ltx-sr-el-block ltx-sr-delay-0 ltx-sr-duration-1000 ltx-sr-sequences-0\">Reserva de sala de reuniones \u2013 <span>Virtual Office<\/span><\/h4><\/div>[vc_separator color=\u00bbcustom\u00bb align=\u00bbalign_left\u00bb border_width=\u00bb3&#8243; el_width=\u00bb10&#8243; accent_color=\u00bb#800d20&#8243;][vc_column_text css=\u00bb.vc_custom_1729505242195{margin-top: 20px !important;}\u00bb]El contrato de oficina virtual te da acceso a un paquete de horas mensuales incluido. Tienes la posibilidad de modificar este contrato en cualquier momento seg\u00fan tus necesidades.<\/p>\n<p>Para reservar una sala de reuniones, simplemente cont\u00e1ctenos. <strong>Le recomendamos reservar con antelaci\u00f3n<\/strong> para garantizar la disponibilidad de habitaciones.[\/vc_column_text][\/vc_column][vc_column width=\u00bb1\/2&#8243; el_class=\u00bbandorra-home-col1&#8243;][vc_single_image image=\u00bb12600&#8243; img_size=\u00bbfull\u00bb style=\u00bbvc_box_outline\u00bb][\/vc_column][\/vc_row][vc_row gap=\u00bb25&#8243; equal_height=\u00bbyes\u00bb content_placement=\u00bbmiddle\u00bb css=\u00bb.vc_custom_1729509735581{margin-top: 20px !important;padding-bottom: 60px !important;}\u00bb][vc_column width=\u00bb1\/2&#8243; el_class=\u00bbandorra-home-col1&#8243;][vc_single_image image=\u00bb12595&#8243; img_size=\u00bbfull\u00bb style=\u00bbvc_box_outline\u00bb][\/vc_column][vc_column width=\u00bb1\/2&#8243; el_class=\u00bbandorra-home-col2&#8243;]<div class=\"heading  default align-left transform-default icon-type-hidden heading-tag-h4\" id=\"like_sc_header_2001120070\"><h4 class=\"header ltx-sr-id-like_sc_header_20011200701427370875 ltx-sr ltx-sr-effect-fade_in ltx-sr-el-block ltx-sr-delay-0 ltx-sr-duration-1000 ltx-sr-sequences-0\">Precios de Oficina virtual <span>en SMART Coworking<\/span><\/h4><\/div>[vc_separator color=\u00bbcustom\u00bb align=\u00bbalign_left\u00bb border_width=\u00bb3&#8243; el_width=\u00bb10&#8243; accent_color=\u00bb#800d20&#8243;][vc_column_text css=\u00bb.vc_custom_1739985809553{margin-top: 20px !important;}\u00bb]<\/p>\n<div class=\"kc-elm kc-css-101774 kc_text_block\">\n<p>La ubicaci\u00f3n y la calidad de las instalaciones hacen que nuestras tarifas de oficina virtual sean <strong>muy competitivas.<\/strong> Los contratos son flexibles en funci\u00f3n de sus necesidades y oscilan entre 6 meses y 2 a\u00f1os.<\/p>\n<\/div>\n<p>[\/vc_column_text][\/vc_column][\/vc_row][\/vc_section][vc_row css=\u00bb.vc_custom_1729510240716{margin-top: 40px !important;}\u00bb][vc_column][vc_tta_accordion active_section=\u00bb1&#8243;][vc_tta_section title=\u00bb\u00bfQu\u00e9 es una Oficina Virtual?\u00bb tab_id=\u00bb1729501787020-40e61859-f9ce\u00bb][vc_column_text]El concepto de oficina virtual puede percibirse de manera diferente en distintos pa\u00edses. Tanto en Espa\u00f1a como en Andorra el contrato de oficina virtual tiene muchas similitudes. Permite a los SC tener una direcci\u00f3n prestigiosa, sin tener que invertir en locales exclusivos. Tambi\u00e9n se beneficiar\u00e1 de servicios como la gesti\u00f3n de correo y la recepci\u00f3n de sus llamadas. Finalmente, tendr\u00e1s acceso a las instalaciones del centro de negocios y otros servicios como espacio de coworking, salas de reuniones o asistencia administrativa.[\/vc_column_text][\/vc_tta_section][vc_tta_section title=\u00bb\u00bfQu\u00e9 servicios est\u00e1n incluidos en una Oficina Virtual?\u00bb tab_id=\u00bb1729501787028-815ce135-950d\u00bb][vc_column_text]En SMART Coworking los contratos de oficina virtual se adaptan a tus necesidades e incluyen:<\/p>\n<ul>\n<li>Direcci\u00f3n profesional en Andorra<\/li>\n<li>Uso de la direcci\u00f3n en sus documentos y tarjetas de visita<\/li>\n<li>Recepci\u00f3n de correspondencia<\/li>\n<li>Notificaci\u00f3n inmediata por email de su servicio de correo urgente, correo certificado y paqueter\u00eda<\/li>\n<li>Paquete de horas de sala de reuniones al mes incluido<\/li>\n<li>Precio reducido en servicios y espacio de coworking.<\/li>\n<li>Servicio telef\u00f3nico (opcional)<\/li>\n<\/ul>\n<p>[\/vc_column_text][\/vc_tta_section][vc_tta_section title=\u00bb\u00bfQui\u00e9n puede beneficiarse de una Oficina Virtual?\u00bb tab_id=\u00bb1729501820982-08220864-0ff1&#8243;][vc_column_text]<\/p>\n<div class=\"kc-elm kc-css-887125 kc_text_block\">\n<p>Una oficina virtual ofrece flexibilidad y una gama de servicios tan amplia que puede ser de inter\u00e9s para cualquier tipo de emprendedor. As\u00ed, las personas que trabajan desde casa, desde las instalaciones de sus clientes o en las afueras pueden beneficiarse de una imagen de marca sin aumentar sus costes fijos. En general, es la alternativa ideal para cualquier emprendedor que quiera <strong>darle credibilidad a su negocio<\/strong>, sin tener que alquilar un local en el centro de la ciudad.<\/p>\n<\/div>\n<div class=\"kc-elm kc-css-556811 kc-title-wrap \"><\/div>\n<p>[\/vc_column_text][\/vc_tta_section][\/vc_tta_accordion][\/vc_column][\/vc_row][vc_section full_width=\u00bbstretch_row\u00bb bg_pos=\u00bbcenter-top\u00bb css=\u00bb.vc_custom_1739985868488{margin-top: 0px !important;background-position: center !important;background-repeat: no-repeat !important;background-size: cover !important;}\u00bb][vc_row][vc_column width=\u00bb1\/4&#8243;][\/vc_column][vc_column width=\u00bb1\/2&#8243;][vc_gallery type=\u00bbflexslider_slide\u00bb interval=\u00bb3&#8243; images=\u00bb12645,12650,12655,12690,12685,12680,12695,12670&#8243; img_size=\u00bbfull\u00bb][\/vc_column][vc_column width=\u00bb1\/4&#8243;][\/vc_column][\/vc_row][\/vc_section]<\/p>\n","protected":false},"excerpt":{"rendered":"<p>[vc_section][vc_row][vc_column][vc_separator color=\u00bbcustom\u00bb border_width=\u00bb3&#8243; el_width=\u00bb10&#8243; accent_color=\u00bb#800d20&#8243;][vc_column_text]Una Oficina Virtual te permite disponer de una direcci\u00f3n profesional, igual que la domiciliaci\u00f3n de la empresa, pero con la ventaja a\u00f1adida de tener acceso mensual a salas de reuniones para recibir a clientes y proveedores. Con esta opci\u00f3n puedes dar de alta tu empresa, pero no tu licencia comercial.[\/vc_column_text][\/vc_column][\/vc_row][\/vc_section][vc_section css=\u00bb.vc_custom_1729502367698{margin-top: 60px !important;}\u00bb][vc_row][vc_column][vc_separator color=\u00bbcustom\u00bb border_width=\u00bb3&#8243; el_width=\u00bb10&#8243; accent_color=\u00bb#800d20&#8243;][\/vc_column][\/vc_row][\/vc_section][vc_row css=\u00bb.vc_custom_1729503867410{margin-top: 40px !important;}\u00bb][vc_column][vc_btn title=\u00bbQuiero recibir m\u00e1s informaci\u00f3n\u00bb style=\u00bbcustom\u00bb custom_background=\u00bb#800d20&#8243; custom_text=\u00bb#ffffff\u00bb align=\u00bbcenter\u00bb i_icon_fontawesome=\u00bbfar fa-arrow-alt-circle-right\u00bb add_icon=\u00bbtrue\u00bb link=\u00bburl:https%3A%2F%2Fsmartcoworking.ad%2Fes%2Fcontacto%2F|target:_blank|\u00bb][\/vc_column][\/vc_row][vc_section css=\u00bb.vc_custom_1729505854881{margin-top: 60px !important;margin-bottom: 60px !important;}\u00bb][vc_row][vc_column][vc_tta_tabs alignment=\u00bbcenter\u00bb active_section=\u00bb1&#8243;][vc_tta_section title=\u00bbOficina Virtual Basic\u00bb tab_id=\u00bb1729505870523-474fd387-fc27&#8243;][vc_column_text] Oficina Virtual B\u00e1sica a partir de 50\u20ac sin IGI \u2713 Domicilio social y direcci\u00f3n fiscal \u2713 2 horas de sala de reuniones al mes incluidas \u2713 Uso de la direcci\u00f3n en sus documentos [&hellip;]<\/p>\n","protected":false},"author":2,"featured_media":0,"parent":0,"menu_order":0,"comment_status":"closed","ping_status":"closed","template":"page-templates\/full-width.php","meta":{"_acf_changed":false,"_coblocks_attr":"","_coblocks_dimensions":"","_coblocks_responsive_height":"","_coblocks_accordion_ie_support":"","footnotes":""},"class_list":["post-13115","page","type-page","status-publish","hentry"],"acf":[],"yoast_head":"<!-- This site is optimized with the Yoast SEO plugin v27.5 - https:\/\/yoast.com\/product\/yoast-seo-wordpress\/ -->\n<title>SMART Coworking Andorra Oficina Virtual<\/title>\n<meta name=\"description\" content=\"Con Oficina Virtual dispone de direcci\u00f3n profesional, con beneficio a\u00f1adido de acceso mensual a salas de reuniones con fines empresariales.\" \/>\n<meta name=\"robots\" content=\"index, follow, max-snippet:-1, max-image-preview:large, max-video-preview:-1\" \/>\n<link rel=\"canonical\" href=\"https:\/\/smartcoworking.ad\/es\/oficina-virtual\/\" \/>\n<meta property=\"og:locale\" content=\"es_ES\" \/>\n<meta property=\"og:type\" content=\"article\" \/>\n<meta property=\"og:title\" content=\"SMART Coworking Andorra Oficina Virtual\" \/>\n<meta property=\"og:description\" content=\"Con Oficina Virtual dispone de direcci\u00f3n profesional, con beneficio a\u00f1adido de acceso mensual a salas de reuniones con fines empresariales.\" \/>\n<meta property=\"og:url\" content=\"https:\/\/smartcoworking.ad\/es\/oficina-virtual\/\" \/>\n<meta property=\"og:site_name\" content=\"SMART Coworking\" \/>\n<meta property=\"article:publisher\" content=\"https:\/\/www.facebook.com\/smartexecutiveandorra\" \/>\n<meta property=\"article:modified_time\" content=\"2026-04-24T08:55:35+00:00\" \/>\n<meta name=\"twitter:card\" content=\"summary_large_image\" \/>\n<meta name=\"twitter:site\" content=\"@smart_exe_and\" \/>\n<meta name=\"twitter:label1\" content=\"Tiempo de lectura\" \/>\n\t<meta name=\"twitter:data1\" content=\"4 minutos\" \/>\n<script type=\"application\/ld+json\" class=\"yoast-schema-graph\">{\"@context\":\"https:\\\/\\\/schema.org\",\"@graph\":[{\"@type\":\"WebPage\",\"@id\":\"https:\\\/\\\/smartcoworking.ad\\\/es\\\/oficina-virtual\\\/\",\"url\":\"https:\\\/\\\/smartcoworking.ad\\\/es\\\/oficina-virtual\\\/\",\"name\":\"SMART Coworking Andorra Oficina Virtual\",\"isPartOf\":{\"@id\":\"https:\\\/\\\/smartcoworking.ad\\\/es\\\/#website\"},\"datePublished\":\"2024-10-14T09:49:25+00:00\",\"dateModified\":\"2026-04-24T08:55:35+00:00\",\"description\":\"Con Oficina Virtual dispone de direcci\u00f3n profesional, con beneficio a\u00f1adido de acceso mensual a salas de reuniones con fines empresariales.\",\"breadcrumb\":{\"@id\":\"https:\\\/\\\/smartcoworking.ad\\\/es\\\/oficina-virtual\\\/#breadcrumb\"},\"inLanguage\":\"es\",\"potentialAction\":[{\"@type\":\"ReadAction\",\"target\":[\"https:\\\/\\\/smartcoworking.ad\\\/es\\\/oficina-virtual\\\/\"]}]},{\"@type\":\"BreadcrumbList\",\"@id\":\"https:\\\/\\\/smartcoworking.ad\\\/es\\\/oficina-virtual\\\/#breadcrumb\",\"itemListElement\":[{\"@type\":\"ListItem\",\"position\":1,\"name\":\"Hogar\",\"item\":\"https:\\\/\\\/smartcoworking.ad\\\/es\\\/\"},{\"@type\":\"ListItem\",\"position\":2,\"name\":\"Oficina virtual\"}]},{\"@type\":\"WebSite\",\"@id\":\"https:\\\/\\\/smartcoworking.ad\\\/es\\\/#website\",\"url\":\"https:\\\/\\\/smartcoworking.ad\\\/es\\\/\",\"name\":\"SMART Coworking\",\"description\":\"Coworking Spaces in Andorra\",\"potentialAction\":[{\"@type\":\"SearchAction\",\"target\":{\"@type\":\"EntryPoint\",\"urlTemplate\":\"https:\\\/\\\/smartcoworking.ad\\\/es\\\/?s={search_term_string}\"},\"query-input\":{\"@type\":\"PropertyValueSpecification\",\"valueRequired\":true,\"valueName\":\"search_term_string\"}}],\"inLanguage\":\"es\"}]}<\/script>\n<!-- \/ Yoast SEO plugin. -->","yoast_head_json":{"title":"SMART Coworking Andorra Oficina Virtual","description":"Con Oficina Virtual dispone de direcci\u00f3n profesional, con beneficio a\u00f1adido de acceso mensual a salas de reuniones con fines empresariales.","robots":{"index":"index","follow":"follow","max-snippet":"max-snippet:-1","max-image-preview":"max-image-preview:large","max-video-preview":"max-video-preview:-1"},"canonical":"https:\/\/smartcoworking.ad\/es\/oficina-virtual\/","og_locale":"es_ES","og_type":"article","og_title":"SMART Coworking Andorra Oficina Virtual","og_description":"Con Oficina Virtual dispone de direcci\u00f3n profesional, con beneficio a\u00f1adido de acceso mensual a salas de reuniones con fines empresariales.","og_url":"https:\/\/smartcoworking.ad\/es\/oficina-virtual\/","og_site_name":"SMART Coworking","article_publisher":"https:\/\/www.facebook.com\/smartexecutiveandorra","article_modified_time":"2026-04-24T08:55:35+00:00","twitter_card":"summary_large_image","twitter_site":"@smart_exe_and","twitter_misc":{"Tiempo de lectura":"4 minutos"},"schema":{"@context":"https:\/\/schema.org","@graph":[{"@type":"WebPage","@id":"https:\/\/smartcoworking.ad\/es\/oficina-virtual\/","url":"https:\/\/smartcoworking.ad\/es\/oficina-virtual\/","name":"SMART Coworking Andorra Oficina Virtual","isPartOf":{"@id":"https:\/\/smartcoworking.ad\/es\/#website"},"datePublished":"2024-10-14T09:49:25+00:00","dateModified":"2026-04-24T08:55:35+00:00","description":"Con Oficina Virtual dispone de direcci\u00f3n profesional, con beneficio a\u00f1adido de acceso mensual a salas de reuniones con fines empresariales.","breadcrumb":{"@id":"https:\/\/smartcoworking.ad\/es\/oficina-virtual\/#breadcrumb"},"inLanguage":"es","potentialAction":[{"@type":"ReadAction","target":["https:\/\/smartcoworking.ad\/es\/oficina-virtual\/"]}]},{"@type":"BreadcrumbList","@id":"https:\/\/smartcoworking.ad\/es\/oficina-virtual\/#breadcrumb","itemListElement":[{"@type":"ListItem","position":1,"name":"Hogar","item":"https:\/\/smartcoworking.ad\/es\/"},{"@type":"ListItem","position":2,"name":"Oficina virtual"}]},{"@type":"WebSite","@id":"https:\/\/smartcoworking.ad\/es\/#website","url":"https:\/\/smartcoworking.ad\/es\/","name":"SMART Coworking","description":"Coworking Spaces in Andorra","potentialAction":[{"@type":"SearchAction","target":{"@type":"EntryPoint","urlTemplate":"https:\/\/smartcoworking.ad\/es\/?s={search_term_string}"},"query-input":{"@type":"PropertyValueSpecification","valueRequired":true,"valueName":"search_term_string"}}],"inLanguage":"es"}]}},"_links":{"self":[{"href":"https:\/\/smartcoworking.ad\/es\/wp-json\/wp\/v2\/pages\/13115","targetHints":{"allow":["GET"]}}],"collection":[{"href":"https:\/\/smartcoworking.ad\/es\/wp-json\/wp\/v2\/pages"}],"about":[{"href":"https:\/\/smartcoworking.ad\/es\/wp-json\/wp\/v2\/types\/page"}],"author":[{"embeddable":true,"href":"https:\/\/smartcoworking.ad\/es\/wp-json\/wp\/v2\/users\/2"}],"replies":[{"embeddable":true,"href":"https:\/\/smartcoworking.ad\/es\/wp-json\/wp\/v2\/comments?post=13115"}],"version-history":[{"count":18,"href":"https:\/\/smartcoworking.ad\/es\/wp-json\/wp\/v2\/pages\/13115\/revisions"}],"predecessor-version":[{"id":15434,"href":"https:\/\/smartcoworking.ad\/es\/wp-json\/wp\/v2\/pages\/13115\/revisions\/15434"}],"wp:attachment":[{"href":"https:\/\/smartcoworking.ad\/es\/wp-json\/wp\/v2\/media?parent=13115"}],"curies":[{"name":"wp","href":"https:\/\/api.w.org\/{rel}","templated":true}]}}