{"id":13305,"date":"2024-10-23T06:22:42","date_gmt":"2024-10-23T06:22:42","guid":{"rendered":"https:\/\/smartcoworking.ad\/politica-de-cookies\/"},"modified":"2024-11-18T14:06:56","modified_gmt":"2024-11-18T14:06:56","slug":"politica-de-cookies","status":"publish","type":"page","link":"https:\/\/smartcoworking.ad\/es\/politica-de-cookies\/","title":{"rendered":"Pol\u00edtica de cookies"},"content":{"rendered":"<p>[vc_row][vc_column][vc_custom_heading text=\u00bb1. Definici\u00f3n de cookies\u00bb font_container=\u00bbtag:h5|font_size:25px|text_align:left|color:%23323c4c\u00bb google_fonts=\u00bbfont_family:Roboto%3A100%2C100italic%2C300%2C300italic%2Cregular%2Citalic%2C500%2C500italic%2C700%2C700italic%2C900%2C900italic|font_style:500%20bold%20regular%3A500%3Anormal\u00bb css=\u00bb.vc_custom_1729762189286{margin-top: 1.5rem !important;}\u00bb][vc_custom_heading text=\u00bbSe advierte a los usuarios que este sitio web utiliza Cookies. Una cookie es un fichero que se descarga en tu ordenador al acceder a determinadas p\u00e1ginas web. Las cookies permiten a un sitio web, entre otras cosas, almacenar y recuperar informaci\u00f3n sobre los h\u00e1bitos de navegaci\u00f3n del usuario o de su ordenador y, dependiendo de la informaci\u00f3n que contengan y de la forma en que utilice su ordenador, pueden utilizarse para reconocer al usuario. .  \u00bb font_container=\u00bbtag:p|font_size:16px|text_align:left|color:%23000000&#8243; google_fonts=\u00bbfont_family:Roboto%3A100%2C100italic%2C300%2C300italic%2Cregular%2Citalic%2C500%2C500italic%2C700%2C700italic%2C900%2C900italic|font_style:400%20regular%3A400%3Anormal\u00bb][vc_custom_heading text=\u00bb2. Tipos de cookies\u00bb font_container=\u00bbtag:h5|font_size:25px|text_align:left|color:%23323c4c\u00bb google_fonts=\u00bbfont_family:Roboto%3A100%2C100italic%2C300%2C300italic%2Cregular%2Citalic%2C500%2C500italic%2C700%2C700italic%2C900%2C900italic|font_style:500%20bold%20regular%3A500%3Anormal\u00bb css=\u00bb.vc_custom_1729762201996{margin-top: 0px !important;}\u00bb][vc_column_text]<\/p>\n<ul>\n<li><strong data-rich-text-format-boundary=\"true\">Cookies de personalizaci\u00f3n de la interfaz de usuario<\/strong>: Este sitio web contiene una cookie de \u00abpreferencia de idioma\u00bb que se utiliza para recordar el idioma seleccionado. Este tipo de cookies se suele utilizar en portales multiling\u00fces. <\/li>\n<li><strong>Cookies t\u00e9cnicas<\/strong>: Son aquellas que permiten al usuario navegar a trav\u00e9s del sitio web o aplicaci\u00f3n y utilizar las diferentes opciones o servicios que en el mismo existen. Por ejemplo, controlar el tr\u00e1fico y la comunicaci\u00f3n de datos, identificar la sesi\u00f3n, acceder a elementos web de acceso restringido, recordar los elementos que componen un pedido, realizar la solicitud de inscripci\u00f3n o participaci\u00f3n en un evento, utilizar elementos de seguridad durante la navegaci\u00f3n y almacenar contenidos para su difusi\u00f3n. v\u00eddeos o sonido o compartir contenidos a trav\u00e9s de redes sociales. <\/li>\n<li><strong>Cookies de an\u00e1lisis<\/strong>: Son cookies que permiten al responsable de las mismas, el seguimiento y an\u00e1lisis del comportamiento de los usuarios de los sitios web a los que est\u00e1n vinculadas. La informaci\u00f3n recogida mediante este tipo de cookies se utiliza en la medici\u00f3n de la actividad de los sitios web, aplicaci\u00f3n o plataforma y para la elaboraci\u00f3n de perfiles de navegaci\u00f3n de los usuarios de dichos sitios web, aplicaciones y plataformas, con el fin de introducir mejoras en funci\u00f3n del an\u00e1lisis de la datos de uso de los usuarios del servicio. <\/li>\n<\/ul>\n<p>[\/vc_column_text][vc_custom_heading text=\u00bb3. Informaci\u00f3n sobre cookies\u00bb font_container=\u00bbtag:h5|font_size:25px|text_align:left|color:%23323c4c\u00bb google_fonts=\u00bbfont_family:Roboto%3A100%2C100italic%2C300%2C300italic%2Cregular%2Citalic%2C500%2C500italic%2C700%2C700italic%2C900%2C900italic|font_style:500%20bold%20regular%3A500%3Anormal\u00bb css=\u00bb.vc_custom_1729762214045{margin-top: 2rem !important;}\u00bb][vc_raw_html]PGRpdj4KCgo8c3R5bGU+CgpAaW1wb3J0IHVybCgnaHR0cHM6Ly9mb250cy5nb29nbGVhcGlzLmNvbS9jc3MyP2ZhbWlseT1Sb2JvdG86aXRhbCx3Z2h0QDAsMTAwOzAsMzAwOzAsNDAwOzAsNTAwOzAsNzAwOzAsOTAwOzEsMTAwOzEsMzAwOzEsNDAwOzEsNTAwOzEsNzAwOzEsOTAwJmRpc3BsYXk9c3dhcCcpOwoKdGFibGUsIHRkLCB0aCB7CiAgYm9yZGVyOiAxcHggc29saWQ7Cn0KCnRhYmxlIHsKICB3aWR0aDogMTAwJTsKICBib3JkZXItY29sbGFwc2U6IGNvbGxhcHNlOwogIGZvbnQtZmFtaWx5OiAiUm9ib3RvIiwgc2Fucy1zZXJpZjsKICBmb250LXdlaWdodDogNTAwOwogIGZvbnQtc3R5bGU6IG5vcm1hbDsKICBmb250LXNpemU6MThweDsKfQo8L3N0eWxlPgoKCgo8dGFibGU+CiAgPHRyPgogICAgPHRoPk5vbWJyZTwvdGg+Cjx0aD5PcmlnZW48L3RoPgo8dGg+T2JqZXRpdm88L3RoPgo8dGg+SW5mb3JtYWNpw7NuPC90aD4KPHRoPkFsbWFjZW5hbWllbnRvPC90aD4gCiAgPC90cj4KICA8dHI+CiAgICA8dGQ+X0dlb3JnaWE8L3RkPgo8dGQ+R29vZ2xlPC90ZD4KICAgIDx0ZD5QYXJ0ZSBkZSBHb29nbGUgQW5hbHl0aWNzLiBTZSB1dGlsaXphIHBhcmEgZGlzdGluZ3VpciBhIGxvcyB1c3Vhcmlvcy4gKE3DoXMgaW5mb3JtYWNpw7NuKSAgPC90ZD4KICAgIDx0ZD5QYXJhIGFuw6FsaXNpcy4gUGVyc2lzdGVudGUuIDwvdGQ+CiAgICA8dGQ+MiBhw7FvczwvdGQ+CiAgPC90cj4KICA8dHI+CiAgICA8dGQ+X3JldsOzbHZlcjwvdGQ+Cjx0ZD5Hb29nbGU8L3RkPgogICAgPHRkPlBhcnRlIGRlIEdvb2dsZSBBbmFseXRpY3MuIFNlIHV0aWxpemEgcGFyYSBsaW1pdGFyIGVsIHBvcmNlbnRhamUgZGUgc29saWNpdHVkZXMuIChNw6FzIGluZm9ybWFjacOzbikgIDwvdGQ+CiAgICA8dGQ+UGFyYSBhbsOhbGlzaXMuIFBlcnNpc3RlbnRlLiA8L3RkPgogICAgPHRkPjEwIG1pbnV0b3M8L3RkPgogIDwvdHI+CiAgPHRyPgogICAgPHRkPl9naWQ8L3RkPgo8dGQ+R29vZ2xlPC90ZD4KICAgIDx0ZD5QYXJ0ZSBkZSBHb29nbGUgQW5hbHl0aWNzLiBTZSB1dGlsaXphIHBhcmEgZGlzdGluZ3VpciBhIGxvcyB1c3Vhcmlvcy4gKE3DoXMgaW5mb3JtYWNpw7NuKSAgPC90ZD4KICAgIDx0ZD5QYXJhIGFuw6FsaXNpcy4gUGVyc2lzdGVudGUuIDwvdGQ+CiAgICA8dGQ+MjQgaG9yYXM8L3RkPgogIDwvdHI+CjwvdGFibGU+CgoKPC9kaXY+[\/vc_raw_html][vc_custom_heading text=\u00bb4. Deshabilitar las cookies\u00bb font_container=\u00bbtag:h5|font_size:25px|text_align:left|color:%23323c4c\u00bb google_fonts=\u00bbfont_family:Roboto%3A100%2C100italic%2C300%2C300italic%2Cregular%2Citalic%2C500%2C500italic%2C700%2C700italic%2C900%2C900italic|font_style:500%20bold%20regular%3A500%3Anormal\u00bb css=\u00bb.vc_custom_1730727610800{margin-top: 1rem !important;}\u00bb][vc_custom_heading text=\u00bbPuedes bloquear o eliminar las cookies instaladas en tu equipo mediante la configuraci\u00f3n de las opciones del navegador que tengas instalado. A continuaci\u00f3n se detallan los pasos a seguir para desactivar o eliminar las cookies en los principales navegadores: \u00bb font_container=\u00bbtag:p|font_size:16px|text_align:left|color:%23000000&#8243; google_fonts=\u00bbfont_family:Roboto%3A100%2C100italic%2C300%2C300italic%2Cregular%2Citalic%2C500%2C500italic%2C700%2C700italic%2C900%2C900italic|font_style:400%20regular%3A400%3Anormal\u00bb][vc_column_text]<\/p>\n<ul>\n<li>\n<p class=\"vc_custom_heading\">Para configurar los permisos relacionados con las cookies instaladas en el navegador Google Chome puede hacer clic en el siguiente enlace.<\/p>\n<\/li>\n<li>\n<p class=\"vc_custom_heading\">Para configurar los permisos relacionados con las cookies instaladas en el navegador Mozilla Firefox puede hacer clic en el siguiente enlace.<\/p>\n<\/li>\n<li>\n<p class=\"vc_custom_heading\">Para configurar los permisos relacionados con las cookies instaladas en el navegador Microsoft Internet Explorer puede hacer clic en el siguiente enlace.<\/p>\n<\/li>\n<li>\n<p class=\"vc_custom_heading\">Para configurar los permisos relacionados con las cookies instaladas en el navegador Safari puede hacer clic en el siguiente enlace.<\/p>\n<\/li>\n<\/ul>\n<p>[\/vc_column_text][vc_custom_heading text=\u00bbADVERTENCIA: Si bloquea las cookies en su navegador, es posible que ciertos servicios o funcionalidades del sitio web no est\u00e9n disponibles.\u00bb font_container=\u00bbtag:p|font_size:16px|text_align:left|color:%23000000&#8243; google_fonts=\u00bbfont_family:Roboto%3A100%2C100italic%2C300%2C300italic%2Cregular%2Citalic%2C500%2C500italic%2C700%2C700italic%2C900%2C900italic|font_style:400%20regular%3A400%3Anormal\u00bb css=\u00bb.vc_custom_1730727599272{margin-top: 1rem !important;}\u00bb][\/vc_column][\/vc_row]<\/p>\n","protected":false},"excerpt":{"rendered":"<p>[vc_row][vc_column][vc_custom_heading text=\u00bb1. Definici\u00f3n de cookies\u00bb font_container=\u00bbtag:h5|font_size:25px|text_align:left|color:%23323c4c\u00bb google_fonts=\u00bbfont_family:Roboto%3A100%2C100italic%2C300%2C300italic%2Cregular%2Citalic%2C500%2C500italic%2C700%2C700italic%2C900%2C900italic|font_style:500%20bold%20regular%3A500%3Anormal\u00bb css=\u00bb.vc_custom_1729762189286{margin-top: 1.5rem !important;}\u00bb][vc_custom_heading text=\u00bbSe advierte a los usuarios que este sitio web utiliza Cookies. Una cookie es un fichero que se descarga en tu ordenador al acceder a determinadas p\u00e1ginas web. Las cookies permiten a un sitio web, entre otras cosas, almacenar y recuperar informaci\u00f3n sobre los h\u00e1bitos de navegaci\u00f3n del usuario o de su ordenador y, dependiendo de la informaci\u00f3n que contengan y de la forma en que utilice su ordenador, pueden utilizarse para reconocer al usuario. . \u00bb font_container=\u00bbtag:p|font_size:16px|text_align:left|color:%23000000&#8243; google_fonts=\u00bbfont_family:Roboto%3A100%2C100italic%2C300%2C300italic%2Cregular%2Citalic%2C500%2C500italic%2C700%2C700italic%2C900%2C900italic|font_style:400%20regular%3A400%3Anormal\u00bb][vc_custom_heading text=\u00bb2. Tipos de cookies\u00bb font_container=\u00bbtag:h5|font_size:25px|text_align:left|color:%23323c4c\u00bb google_fonts=\u00bbfont_family:Roboto%3A100%2C100italic%2C300%2C300italic%2Cregular%2Citalic%2C500%2C500italic%2C700%2C700italic%2C900%2C900italic|font_style:500%20bold%20regular%3A500%3Anormal\u00bb css=\u00bb.vc_custom_1729762201996{margin-top: 0px !important;}\u00bb][vc_column_text] Cookies de personalizaci\u00f3n de la interfaz de usuario: Este sitio web contiene una cookie de \u00abpreferencia de idioma\u00bb que se utiliza para [&hellip;]<\/p>\n","protected":false},"author":2,"featured_media":0,"parent":0,"menu_order":0,"comment_status":"closed","ping_status":"closed","template":"page-templates\/full-width.php","meta":{"_acf_changed":false,"_coblocks_attr":"","_coblocks_dimensions":"","_coblocks_responsive_height":"","_coblocks_accordion_ie_support":"","footnotes":""},"class_list":["post-13305","page","type-page","status-publish","hentry"],"acf":[],"yoast_head":"<!-- This site is optimized with the Yoast SEO plugin v27.5 - https:\/\/yoast.com\/product\/yoast-seo-wordpress\/ -->\n<title>Pol\u00edtica de cookies - SMART Coworking<\/title>\n<meta name=\"robots\" content=\"index, follow, max-snippet:-1, max-image-preview:large, max-video-preview:-1\" \/>\n<link rel=\"canonical\" href=\"https:\/\/smartcoworking.ad\/es\/politica-de-cookies\/\" \/>\n<meta property=\"og:locale\" content=\"es_ES\" \/>\n<meta property=\"og:type\" content=\"article\" \/>\n<meta property=\"og:title\" content=\"Pol\u00edtica de cookies - SMART Coworking\" \/>\n<meta property=\"og:description\" content=\"[vc_row][vc_column][vc_custom_heading text=\u00bb1. Definici\u00f3n de cookies\u00bb font_container=\u00bbtag:h5|font_size:25px|text_align:left|color:%23323c4c\u00bb google_fonts=\u00bbfont_family:Roboto%3A100%2C100italic%2C300%2C300italic%2Cregular%2Citalic%2C500%2C500italic%2C700%2C700italic%2C900%2C900italic|font_style:500%20bold%20regular%3A500%3Anormal\u00bb css=\u00bb.vc_custom_1729762189286{margin-top: 1.5rem !important;}\u00bb][vc_custom_heading text=\u00bbSe advierte a los usuarios que este sitio web utiliza Cookies. Una cookie es un fichero que se descarga en tu ordenador al acceder a determinadas p\u00e1ginas web. Las cookies permiten a un sitio web, entre otras cosas, almacenar y recuperar informaci\u00f3n sobre los h\u00e1bitos de navegaci\u00f3n del usuario o de su ordenador y, dependiendo de la informaci\u00f3n que contengan y de la forma en que utilice su ordenador, pueden utilizarse para reconocer al usuario. . \u00bb font_container=\u00bbtag:p|font_size:16px|text_align:left|color:%23000000&#8243; google_fonts=\u00bbfont_family:Roboto%3A100%2C100italic%2C300%2C300italic%2Cregular%2Citalic%2C500%2C500italic%2C700%2C700italic%2C900%2C900italic|font_style:400%20regular%3A400%3Anormal\u00bb][vc_custom_heading text=\u00bb2. Tipos de cookies\u00bb font_container=\u00bbtag:h5|font_size:25px|text_align:left|color:%23323c4c\u00bb google_fonts=\u00bbfont_family:Roboto%3A100%2C100italic%2C300%2C300italic%2Cregular%2Citalic%2C500%2C500italic%2C700%2C700italic%2C900%2C900italic|font_style:500%20bold%20regular%3A500%3Anormal\u00bb css=\u00bb.vc_custom_1729762201996{margin-top: 0px !important;}\u00bb][vc_column_text] Cookies de personalizaci\u00f3n de la interfaz de usuario: Este sitio web contiene una cookie de \u00abpreferencia de idioma\u00bb que se utiliza para [&hellip;]\" \/>\n<meta property=\"og:url\" content=\"https:\/\/smartcoworking.ad\/es\/politica-de-cookies\/\" \/>\n<meta property=\"og:site_name\" content=\"SMART Coworking\" \/>\n<meta property=\"article:publisher\" content=\"https:\/\/www.facebook.com\/smartexecutiveandorra\" \/>\n<meta property=\"article:modified_time\" content=\"2024-11-18T14:06:56+00:00\" \/>\n<meta name=\"twitter:card\" content=\"summary_large_image\" \/>\n<meta name=\"twitter:site\" content=\"@smart_exe_and\" \/>\n<meta name=\"twitter:label1\" content=\"Tiempo de lectura\" \/>\n\t<meta name=\"twitter:data1\" content=\"5 minutos\" \/>\n<script type=\"application\/ld+json\" class=\"yoast-schema-graph\">{\"@context\":\"https:\\\/\\\/schema.org\",\"@graph\":[{\"@type\":\"WebPage\",\"@id\":\"https:\\\/\\\/smartcoworking.ad\\\/es\\\/politica-de-cookies\\\/\",\"url\":\"https:\\\/\\\/smartcoworking.ad\\\/es\\\/politica-de-cookies\\\/\",\"name\":\"Pol\u00edtica de cookies - SMART Coworking\",\"isPartOf\":{\"@id\":\"https:\\\/\\\/smartcoworking.ad\\\/es\\\/#website\"},\"datePublished\":\"2024-10-23T06:22:42+00:00\",\"dateModified\":\"2024-11-18T14:06:56+00:00\",\"breadcrumb\":{\"@id\":\"https:\\\/\\\/smartcoworking.ad\\\/es\\\/politica-de-cookies\\\/#breadcrumb\"},\"inLanguage\":\"es\",\"potentialAction\":[{\"@type\":\"ReadAction\",\"target\":[\"https:\\\/\\\/smartcoworking.ad\\\/es\\\/politica-de-cookies\\\/\"]}]},{\"@type\":\"BreadcrumbList\",\"@id\":\"https:\\\/\\\/smartcoworking.ad\\\/es\\\/politica-de-cookies\\\/#breadcrumb\",\"itemListElement\":[{\"@type\":\"ListItem\",\"position\":1,\"name\":\"Hogar\",\"item\":\"https:\\\/\\\/smartcoworking.ad\\\/es\\\/\"},{\"@type\":\"ListItem\",\"position\":2,\"name\":\"Pol\u00edtica de cookies\"}]},{\"@type\":\"WebSite\",\"@id\":\"https:\\\/\\\/smartcoworking.ad\\\/es\\\/#website\",\"url\":\"https:\\\/\\\/smartcoworking.ad\\\/es\\\/\",\"name\":\"SMART Coworking\",\"description\":\"Coworking Spaces in Andorra\",\"potentialAction\":[{\"@type\":\"SearchAction\",\"target\":{\"@type\":\"EntryPoint\",\"urlTemplate\":\"https:\\\/\\\/smartcoworking.ad\\\/es\\\/?s={search_term_string}\"},\"query-input\":{\"@type\":\"PropertyValueSpecification\",\"valueRequired\":true,\"valueName\":\"search_term_string\"}}],\"inLanguage\":\"es\"}]}<\/script>\n<!-- \/ Yoast SEO plugin. -->","yoast_head_json":{"title":"Pol\u00edtica de cookies - SMART Coworking","robots":{"index":"index","follow":"follow","max-snippet":"max-snippet:-1","max-image-preview":"max-image-preview:large","max-video-preview":"max-video-preview:-1"},"canonical":"https:\/\/smartcoworking.ad\/es\/politica-de-cookies\/","og_locale":"es_ES","og_type":"article","og_title":"Pol\u00edtica de cookies - SMART Coworking","og_description":"[vc_row][vc_column][vc_custom_heading text=\u00bb1. Definici\u00f3n de cookies\u00bb font_container=\u00bbtag:h5|font_size:25px|text_align:left|color:%23323c4c\u00bb google_fonts=\u00bbfont_family:Roboto%3A100%2C100italic%2C300%2C300italic%2Cregular%2Citalic%2C500%2C500italic%2C700%2C700italic%2C900%2C900italic|font_style:500%20bold%20regular%3A500%3Anormal\u00bb css=\u00bb.vc_custom_1729762189286{margin-top: 1.5rem !important;}\u00bb][vc_custom_heading text=\u00bbSe advierte a los usuarios que este sitio web utiliza Cookies. Una cookie es un fichero que se descarga en tu ordenador al acceder a determinadas p\u00e1ginas web. Las cookies permiten a un sitio web, entre otras cosas, almacenar y recuperar informaci\u00f3n sobre los h\u00e1bitos de navegaci\u00f3n del usuario o de su ordenador y, dependiendo de la informaci\u00f3n que contengan y de la forma en que utilice su ordenador, pueden utilizarse para reconocer al usuario. . \u00bb font_container=\u00bbtag:p|font_size:16px|text_align:left|color:%23000000&#8243; google_fonts=\u00bbfont_family:Roboto%3A100%2C100italic%2C300%2C300italic%2Cregular%2Citalic%2C500%2C500italic%2C700%2C700italic%2C900%2C900italic|font_style:400%20regular%3A400%3Anormal\u00bb][vc_custom_heading text=\u00bb2. Tipos de cookies\u00bb font_container=\u00bbtag:h5|font_size:25px|text_align:left|color:%23323c4c\u00bb google_fonts=\u00bbfont_family:Roboto%3A100%2C100italic%2C300%2C300italic%2Cregular%2Citalic%2C500%2C500italic%2C700%2C700italic%2C900%2C900italic|font_style:500%20bold%20regular%3A500%3Anormal\u00bb css=\u00bb.vc_custom_1729762201996{margin-top: 0px !important;}\u00bb][vc_column_text] Cookies de personalizaci\u00f3n de la interfaz de usuario: Este sitio web contiene una cookie de \u00abpreferencia de idioma\u00bb que se utiliza para [&hellip;]","og_url":"https:\/\/smartcoworking.ad\/es\/politica-de-cookies\/","og_site_name":"SMART Coworking","article_publisher":"https:\/\/www.facebook.com\/smartexecutiveandorra","article_modified_time":"2024-11-18T14:06:56+00:00","twitter_card":"summary_large_image","twitter_site":"@smart_exe_and","twitter_misc":{"Tiempo de lectura":"5 minutos"},"schema":{"@context":"https:\/\/schema.org","@graph":[{"@type":"WebPage","@id":"https:\/\/smartcoworking.ad\/es\/politica-de-cookies\/","url":"https:\/\/smartcoworking.ad\/es\/politica-de-cookies\/","name":"Pol\u00edtica de cookies - SMART Coworking","isPartOf":{"@id":"https:\/\/smartcoworking.ad\/es\/#website"},"datePublished":"2024-10-23T06:22:42+00:00","dateModified":"2024-11-18T14:06:56+00:00","breadcrumb":{"@id":"https:\/\/smartcoworking.ad\/es\/politica-de-cookies\/#breadcrumb"},"inLanguage":"es","potentialAction":[{"@type":"ReadAction","target":["https:\/\/smartcoworking.ad\/es\/politica-de-cookies\/"]}]},{"@type":"BreadcrumbList","@id":"https:\/\/smartcoworking.ad\/es\/politica-de-cookies\/#breadcrumb","itemListElement":[{"@type":"ListItem","position":1,"name":"Hogar","item":"https:\/\/smartcoworking.ad\/es\/"},{"@type":"ListItem","position":2,"name":"Pol\u00edtica de cookies"}]},{"@type":"WebSite","@id":"https:\/\/smartcoworking.ad\/es\/#website","url":"https:\/\/smartcoworking.ad\/es\/","name":"SMART Coworking","description":"Coworking Spaces in Andorra","potentialAction":[{"@type":"SearchAction","target":{"@type":"EntryPoint","urlTemplate":"https:\/\/smartcoworking.ad\/es\/?s={search_term_string}"},"query-input":{"@type":"PropertyValueSpecification","valueRequired":true,"valueName":"search_term_string"}}],"inLanguage":"es"}]}},"_links":{"self":[{"href":"https:\/\/smartcoworking.ad\/es\/wp-json\/wp\/v2\/pages\/13305","targetHints":{"allow":["GET"]}}],"collection":[{"href":"https:\/\/smartcoworking.ad\/es\/wp-json\/wp\/v2\/pages"}],"about":[{"href":"https:\/\/smartcoworking.ad\/es\/wp-json\/wp\/v2\/types\/page"}],"author":[{"embeddable":true,"href":"https:\/\/smartcoworking.ad\/es\/wp-json\/wp\/v2\/users\/2"}],"replies":[{"embeddable":true,"href":"https:\/\/smartcoworking.ad\/es\/wp-json\/wp\/v2\/comments?post=13305"}],"version-history":[{"count":1,"href":"https:\/\/smartcoworking.ad\/es\/wp-json\/wp\/v2\/pages\/13305\/revisions"}],"predecessor-version":[{"id":13306,"href":"https:\/\/smartcoworking.ad\/es\/wp-json\/wp\/v2\/pages\/13305\/revisions\/13306"}],"wp:attachment":[{"href":"https:\/\/smartcoworking.ad\/es\/wp-json\/wp\/v2\/media?parent=13305"}],"curies":[{"name":"wp","href":"https:\/\/api.w.org\/{rel}","templated":true}]}}