{"id":13048,"date":"2024-10-14T11:46:58","date_gmt":"2024-10-14T09:46:58","guid":{"rendered":"https:\/\/smartcoworking.ad\/bureau-partage\/"},"modified":"2025-04-24T09:19:42","modified_gmt":"2025-04-24T09:19:42","slug":"hot-desk","status":"publish","type":"page","link":"https:\/\/smartcoworking.ad\/fr\/hot-desk\/","title":{"rendered":"Hot desk"},"content":{"rendered":"<p>[vc_row][vc_column]<div class=\"heading  default align-center subcolor-black transform-default icon-type-hidden heading-tag-h4\" id=\"like_sc_header_6814267\"><h4 class=\"header ltx-sr-id-like_sc_header_68142672062216271 ltx-sr ltx-sr-effect-fade_in ltx-sr-el-block ltx-sr-delay-0 ltx-sr-duration-1000 ltx-sr-sequences-0\">Hot Desk - Votre espace de cr\u00e9ation et de connexion \u00e0 Andorre-la-Vieille<\/h4><\/div>[\/vc_column][\/vc_row][vc_row][vc_column][vc_custom_heading text=\u00a0\u00bbLouer un Hot Desk \u00e0 SMART Coworking \u00e0 Andorre-la-Vieille vous donne la libert\u00e9 de travailler dans un environnement dynamique sans le fardeau d&rsquo;un bail \u00e0 long terme. C&rsquo;est la solution id\u00e9ale pour les freelances, les startups et les entrepreneurs qui ont besoin d&rsquo;une installation professionnelle \u00e0 bas prix.<br \/>\nPr\u00eat \u00e0 stimuler votre productivit\u00e9 ?\u00a0\u00bb font_container=\u00a0\u00bbtag:p|font_size:18px|text_align:left|color:%23000000&Prime; use_theme_fonts=\u00a0\u00bbyes\u00a0\u00bb css=\u00a0\u00bb.vc_custom_1742662665407{margin-top: 2rem !important;}\u00a0\u00bb][vc_btn title=\u00a0\u00bbR\u00e9servez maintenant\u00a0\u00bb style=\u00a0\u00bbcustom\u00a0\u00bb custom_background=\u00a0\u00bb#800d20&Prime; custom_text=\u00a0\u00bb#ffffff\u00a0\u00bb shape=\u00a0\u00bbsquare\u00a0\u00bb align=\u00a0\u00bbcenter\u00a0\u00bb i_icon_fontawesome=\u00a0\u00bbfar fa-hand-point-right\u00a0\u00bb css_animation=\u00a0\u00bbnone\u00a0\u00bb add_icon=\u00a0\u00bbtrue\u00a0\u00bb el_class=\u00a0\u00bbvc-coworking-andorra-hot-desk-btn\u00a0\u00bb css=\u00a0\u00bb.vc_custom_1732804631099{margin-top: 50px !important;}\u00a0\u00bb link=\u00a0\u00bburl:https%3A%2F%2Fsmartcoworking.ad%2Ffr%2Fcontact%2F|title:Contact|target:_blank|\u00a0\u00bb][\/vc_column][\/vc_row][vc_section full_width=\u00a0\u00bbstretch_row_content\u00a0\u00bb css=\u00a0\u00bb.vc_custom_1729680872255{margin-top: 60px !important;}\u00a0\u00bb][vc_row equal_height=\u00a0\u00bbyes\u00a0\u00bb css=\u00a0\u00bb.vc_custom_1730809936267{background-color: #ededed !important;}\u00a0\u00bb el_class=\u00a0\u00bbandorra-desk-col\u00a0\u00bb][vc_column width=\u00a0\u00bb1\/2&Prime; css=\u00a0\u00bb.vc_custom_1736965031306{padding-top: 0px !important;padding-right: 0px !important;padding-bottom: 0px !important;padding-left: 0px !important;background-image: url(https:\/\/smartcoworking.ad\/wp-content\/uploads\/2025\/01\/COWORKING-ALTA-24-scaled-e1736964999524.jpg?id=13725) !important;background-position: center !important;background-repeat: no-repeat !important;background-size: cover !important;}\u00a0\u00bb][vc_empty_space height=\u00a0\u00bb200px\u00a0\u00bb][\/vc_column][vc_column width=\u00a0\u00bb1\/2&Prime; css=\u00a0\u00bb.vc_custom_1730796531799{padding-top: 50px !important;padding-right: 30px !important;padding-bottom: 50px !important;padding-left: 30px !important;}\u00a0\u00bb][vc_custom_heading text=\u00a0\u00bbQu&rsquo;est-ce qu&rsquo;un Hot Desk chez SMART Coworking ?\u00a0\u00bb font_container=\u00a0\u00bbtag:h5|font_size:25px|text_align:left|color:%23880015|line_height:35px\u00a0\u00bb google_fonts=\u00a0\u00bbfont_family:Roboto%3A100%2C100italic%2C300%2C300italic%2Cregular%2Citalic%2C500%2C500italic%2C700%2C700italic%2C900%2C900italic|font_style:700%20bold%20regular%3A700%3Anormal\u00a0\u00bb css=\u00a0\u00bb.vc_custom_1737717472095{margin-top: 1rem !important;}\u00a0\u00bb][vc_column_text]<\/p>\n<ul>\n<li><strong>Horaire flexible :<\/strong> Profitez de la libert\u00e9 de vous rendre sur place en fonction de vos besoins, sans engagement \u00e0 long terme.<\/li>\n<li><strong>Services essentiels : <\/strong>WiFi haut d\u00e9bit, services d&rsquo;impression et si\u00e8ges confortables inclus.<\/li>\n<li><strong>Option \u00e9conomique :<\/strong> Le prix est moins \u00e9lev\u00e9 que celui des bureaux priv\u00e9s ou des Dedicated desks.<\/li>\n<li><strong>Avantages d&rsquo;une communaut\u00e9 : <\/strong>Entrez en contact avec d&rsquo;autres entrepreneurs, ind\u00e9pendants et professionnels dans un cadre dynamique.<\/li>\n<\/ul>\n<p>[\/vc_column_text][vc_row_inner equal_height=\u00a0\u00bbyes\u00a0\u00bb gap=\u00a0\u00bb15&Prime; css=\u00a0\u00bb.vc_custom_1729681218899{padding-top: 30px !important;}\u00a0\u00bb][vc_column_inner width=\u00a0\u00bb1\/2&Prime; css=\u00a0\u00bb.vc_custom_1729680953535{padding-bottom: 20px !important;background-color: #ffffff !important;}\u00a0\u00bb][vc_icon icon_fontawesome=\u00a0\u00bbfas fa-calendar-check\u00a0\u00bb color=\u00a0\u00bbblack\u00a0\u00bb align=\u00a0\u00bbcenter\u00a0\u00bb css=\u00a0\u00bb.vc_custom_1729775257186{margin-bottom: 0px !important;padding-top: 20px !important;}\u00a0\u00bb][vc_custom_heading text=\u00a0\u00bbR\u00e9server un Hot desk n&rsquo;a jamais \u00e9t\u00e9 aussi facile\u00a0\u00bb font_container=\u00a0\u00bbtag:h6|font_size:18px|text_align:center|color:%23000000&Prime; use_theme_fonts=\u00a0\u00bbyes\u00a0\u00bb css=\u00a0\u00bb.vc_custom_1736964542628{margin-top: 0px !important;}\u00a0\u00bb][vc_column_text]<\/p>\n<p class=\"p1\"><strong>La r\u00e9servation d&rsquo;un Hot desk est facile<\/strong> : il suffit de nous envoyer un courriel ou de nous appeler pour v\u00e9rifier la disponibilit\u00e9. <strong>Aucun abonnement minimum n&rsquo;est requis<\/strong>, alors venez quand vous avez besoin d&rsquo;un espace de travail.<\/p>\n<p class=\"p1\">Il vous suffit d&rsquo;indiquer vos coordonn\u00e9es \u00e0 votre arriv\u00e9e et vous \u00eates pr\u00eat \u00e0 profiter de nos installations.<\/p>\n<p>[\/vc_column_text][\/vc_column_inner][vc_column_inner width=\u00a0\u00bb1\/2&Prime; css=\u00a0\u00bb.vc_custom_1729680964479{padding-bottom: 20px !important;background-color: #ffffff !important;}\u00a0\u00bb][vc_icon icon_fontawesome=\u00a0\u00bbfas fa-map-pin\u00a0\u00bb color=\u00a0\u00bbblack\u00a0\u00bb align=\u00a0\u00bbcenter\u00a0\u00bb css=\u00a0\u00bb.vc_custom_1736964631224{margin-top: 20px !important;margin-bottom: 0px !important;}\u00a0\u00bb][vc_custom_heading text=\u00a0\u00bbSituation privil\u00e9gi\u00e9e \u00e0 Andorre-la-Vieille\u00a0\u00bb font_container=\u00a0\u00bbtag:h6|font_size:18px|text_align:center\u00a0\u00bb use_theme_fonts=\u00a0\u00bbyes\u00a0\u00bb css=\u00a0\u00bb.vc_custom_1736963318312{margin-top: 0px !important;}\u00a0\u00bb][vc_column_text]<\/p>\n<p class=\"p1\">SMART Coworking se trouve <strong>\u00e0 quelques pas du centre historique d&rsquo;Andorre-la-Vieille et des principaux b\u00e2timents gouvernementaux<\/strong>, ce qui en fait un lieu id\u00e9al pour les t\u00e2ches administratives.<\/p>\n<p class=\"p1\">De plus,<strong> les salons de th\u00e9 et de caf\u00e9, les restaurants et les services<\/strong> situ\u00e9s \u00e0 proximit\u00e9 vous garantissent que tout ce dont vous avez besoin est \u00e0 port\u00e9e de main.<\/p>\n<p>[\/vc_column_text][\/vc_column_inner][\/vc_row_inner][\/vc_column][\/vc_row][\/vc_section][vc_row full_width=\u00a0\u00bbstretch_row\u00a0\u00bb css=\u00a0\u00bb.vc_custom_1729681396920{margin-bottom: 60px !important;}\u00a0\u00bb][vc_column]<div class=\"heading  default align-center color-black subcolor-black transform-default icon-type-hidden heading-tag-h4\" id=\"like_sc_header_456179962\"><h4 class=\"header ltx-sr-id-like_sc_header_4561799621268403216 ltx-sr ltx-sr-effect-fade_in ltx-sr-el-block ltx-sr-delay-0 ltx-sr-duration-1000 ltx-sr-sequences-0\">Nos tarifs Hot Desks<\/h4><\/div>[vc_separator color=\u00a0\u00bbcustom\u00a0\u00bb border_width=\u00a0\u00bb3&Prime; el_width=\u00a0\u00bb10&Prime; accent_color=\u00a0\u00bb#800d20&Prime;][\/vc_column][vc_column][vc_tta_tabs alignment=\u00a0\u00bbcenter\u00a0\u00bb active_section=\u00a0\u00bb1&Prime; css=\u00a0\u00bb.vc_custom_1729773161410{padding-top: 40px !important;}\u00a0\u00bb][vc_tta_section title=\u00a0\u00bbTarif 1\/2 journ\u00e9e\u00a0\u00bb tab_id=\u00a0\u00bb1729674664347-87d25a72-7e30&Prime;]<div class=\"heading  default align-left transform-default icon-type-hidden   vc_custom_1743006974000 heading-tag-h5\" id=\"like_sc_header_1392954706\"><h5 class=\"header \">Prix 1\/2 journ\u00e9e 13\u20ac <span>HT<\/span><\/h5><\/div>[vc_column_text]<\/p>\n<ul>\n<li>Acc\u00e8s sous r\u00e9servation<\/li>\n<li>Emplacement sous r\u00e9serve de disponibilit\u00e9\n<div id=\"price-1-2-day\" class=\"kc-elm kc-css-491273 kc_tab ui-tabs-panel kc_ui-tabs-hide kc_clearfix ui-tabs-body-active kc-section-active\"><\/div>\n<\/li>\n<li>Espace partag\u00e9<\/li>\n<li>Acc\u00e8s \u00e0 l&rsquo;imprimante<\/li>\n<li>Wi-Fi<\/li>\n<li>\u00c9lectricit\u00e9<\/li>\n<li>Service de nettoyage<\/li>\n<li>40 % de r\u00e9duction sur la r\u00e9servation de la salle de r\u00e9union<\/li>\n<\/ul>\n<p>[\/vc_column_text][\/vc_tta_section][vc_tta_section title=\u00a0\u00bbPrix 1 jour\u00a0\u00bb tab_id=\u00a0\u00bb1729674664347-83afcd4c-8beb\u00a0\u00bb]<div class=\"heading  default align-left transform-default icon-type-hidden   vc_custom_1743006999242 heading-tag-h5\" id=\"like_sc_header_412943369\"><h5 class=\"header \">PriX 1 Jour 20 \u20ac <span>HT<\/span><\/h5><\/div>[vc_column_text el_class=\u00a0\u00bbvc-coworking-andorra-hot-desk-tab-price-1-day\u00a0\u00bb]<\/p>\n<ul class=\"content-desc\">\n<li>Acc\u00e8s sous r\u00e9servation<\/li>\n<li>Emplacement sous r\u00e9serve de disponibilit\u00e9\n<div id=\"price-1-day\" class=\"kc-elm kc-css-83878 kc_tab ui-tabs-panel kc_ui-tabs-hide kc_clearfix ui-tabs-body-active kc-section-active\"><\/div>\n<\/li>\n<li>Espace partag\u00e9<\/li>\n<li>Acc\u00e8s \u00e0 l&rsquo;imprimante<\/li>\n<li>Wi-Fi<\/li>\n<li>\u00c9lectricit\u00e9<\/li>\n<li>Service de nettoyage<\/li>\n<li>40 % de r\u00e9duction sur la r\u00e9servation de la salle de r\u00e9union<\/li>\n<\/ul>\n<p>[\/vc_column_text][\/vc_tta_section][vc_tta_section title=\u00a0\u00bbPrix 1 mois\u00a0\u00bb tab_id=\u00a0\u00bb1729675618335-c726ca59-afb6&Prime;]<div class=\"heading  default align-left transform-default icon-type-hidden   vc_custom_1743007060183 heading-tag-h5\" id=\"like_sc_header_981721494\"><h5 class=\"header \">Prix 1 mois 105 \u20ac <span>HT<\/span><\/h5><\/div>[vc_column_text]<\/p>\n<ul>\n<li>Acc\u00e8s illimit\u00e9 dans un espace partag\u00e9<\/li>\n<li>2 heures de salle de r\u00e9union par mois<\/li>\n<li>50 photocopies noir et blanc par mois<\/li>\n<li>Emplacement sous r\u00e9serve de disponibilit\u00e9<\/li>\n<li>Wi-Fi<\/li>\n<li>\u00c9lectricit\u00e9<\/li>\n<li>Service de nettoyage<\/li>\n<li>40 % de r\u00e9duction sur la r\u00e9servation de la salle de r\u00e9union<\/li>\n<\/ul>\n<p>[\/vc_column_text][\/vc_tta_section][\/vc_tta_tabs][\/vc_column][\/vc_row][vc_section full_width=\u00a0\u00bbstretch_row_content\u00a0\u00bb disable_element=\u00a0\u00bbyes\u00a0\u00bb bg_overlay=\u00a0\u00bbhalf\u00a0\u00bb css=\u00a0\u00bb.vc_custom_1738342016267{background-image: url(https:\/\/smartcoworking.ad\/wp-content\/uploads\/2024\/10\/smart-executive-coworking-banner-1-1.jpg?id=9986) !important;background-position: center !important;background-repeat: no-repeat !important;background-size: cover !important;}\u00a0\u00bb][vc_row disable_element=\u00a0\u00bbyes\u00a0\u00bb css=\u00a0\u00bb.vc_custom_1738341945585{padding-top: 100px !important;padding-bottom: 100px !important;}\u00a0\u00bb][vc_column width=\u00a0\u00bb1\/3&Prime;][\/vc_column][vc_column width=\u00a0\u00bb1\/3&Prime; css=\u00a0\u00bb.vc_custom_1729678814105{padding-top: 100px !important;padding-bottom: 100px !important;}\u00a0\u00bb]<div class=\"heading  header-underline align-center color-white transform-default icon-type-hidden   vc_custom_1729678920575 heading-tag-h3\" id=\"like_sc_header_1268962637\"><h3 class=\"header ltx-sr-id-like_sc_header_12689626371089530336 ltx-sr ltx-sr-effect-fade_in ltx-sr-el-block ltx-sr-delay-0 ltx-sr-duration-1000 ltx-sr-sequences-0\">Our prices include<\/h3><\/div>[vc_column_text el_class=\u00a0\u00bbvc-coworking-andorra-hot-desk-our-prices-include-li\u00a0\u00bb]<\/p>\n<ul>\n<li>Espace partag\u00e9<\/li>\n<li>Acc\u00e8s \u00e0 l&rsquo;imprimante<\/li>\n<li>Wi-Fi<\/li>\n<li>\u00c9lectricit\u00e9<\/li>\n<li>Service de nettoyage<\/li>\n<li>40 % de r\u00e9duction sur la r\u00e9servation de la salle de r\u00e9union<\/li>\n<\/ul>\n<p>[\/vc_column_text][\/vc_column][vc_column width=\u00a0\u00bb1\/3&Prime;][\/vc_column][\/vc_row][\/vc_section][vc_row][vc_column]<div class=\"heading  default align-center transform-default icon-type-hidden heading-tag-h2\" id=\"like_sc_header_668450665\"><h2 class=\"header ltx-sr-id-like_sc_header_668450665874639750 ltx-sr ltx-sr-effect-fade_in ltx-sr-el-block ltx-sr-delay-0 ltx-sr-duration-1000 ltx-sr-sequences-0\">FAQ<\/h2><\/div>[vc_tta_accordion active_section=\u00a0\u00bb1&Prime; css=\u00a0\u00bb.vc_custom_1729681848303{padding-top: 30px !important;}\u00a0\u00bb][vc_tta_section title=\u00a0\u00bbQu\u2019est-ce que le partage de bureau ? Comment est-ce en Andorre ?\u00a0\u00bb tab_id=\u00a0\u00bb1729601777771-cc663d68-72aa\u00a0\u00bb][vc_custom_heading text=\u00a0\u00bbLe principe du hot desking est le m\u00eame partout. Dans un espace de coworking, vous utiliserez n&rsquo;importe quel poste de travail disponible dans l&rsquo;espace de travail de coworking, quand vous le souhaitez, sans espace assign\u00e9. S&rsquo;il y a de la disponibilit\u00e9, vous pouvez vous rendre au SMART Coworking Andorre \u00e0 tout moment. Nous vous recommandons toutefois de pr\u00e9venir \u00e0 l&rsquo;avance.\u00a0\u00bb font_container=\u00a0\u00bbtag:p|font_size:16px|text_align:left|color:%23000000&Prime; use_theme_fonts=\u00a0\u00bbyes\u00a0\u00bb][vc_custom_heading text=\u00a0\u00bbVous ne serez pas assis au m\u00eame endroit tous les jours au bureau en coworking avec d\u2019autres coll\u00e8gues. Chez SMART Coworking Andorra, nous fournissons un espace de travail propre et \u00e9pur\u00e9 pour que vous soyez productif et concentr\u00e9. Dans l\u2019espace de coworking, vous pouvez d\u00e9couvrir les comp\u00e9tences des autres et d\u00e9couvrir de nouvelles pistes et opportunit\u00e9s.\u00a0\u00bb font_container=\u00a0\u00bbtag:p|font_size:16px|text_align:left|color:%23000000&Prime; use_theme_fonts=\u00a0\u00bbyes\u00a0\u00bb][\/vc_tta_section][vc_tta_section title=\u00a0\u00bbLe Smart Coworking propose-t-il un abonnement Hot Desk ?\u00a0\u00bb tab_id=\u00a0\u00bb1729601925181-2e54cf0a-f92d\u00a0\u00bb][vc_custom_heading text=\u00a0\u00bbSMART Coworking Andorra ne demande pas de frais d&rsquo;adh\u00e9sion pour ses hot desks. Nous comprenons que vous ne souhaitez plus \u00eatre oblig\u00e9 de rester \u00e0 votre bureau. Vous voulez de la flexibilit\u00e9 et de l&rsquo;autonomie, et vous organisez votre journ\u00e9e comme bon vous semble.\u00a0\u00bb font_container=\u00a0\u00bbtag:p|font_size:16px|text_align:left|color:%23000000&Prime; use_theme_fonts=\u00a0\u00bbyes\u00a0\u00bb][vc_custom_heading text=\u00a0\u00bbAu lieu d&rsquo;\u00eatre membre, choisissez un forfait adapt\u00e9 \u00e0 votre entreprise. Vous pouvez d\u00e9cider \u00e0 tout moment d&rsquo;augmenter, de diminuer ou de r\u00e9silier votre contrat actuel.\u00a0\u00bb font_container=\u00a0\u00bbtag:p|font_size:16px|text_align:left|color:%23000000&Prime; use_theme_fonts=\u00a0\u00bbyes\u00a0\u00bb][\/vc_tta_section][vc_tta_section title=\u00a0\u00bbPuis-je enregistrer mon entreprise avec un Hot Desk ?\u00a0\u00bb tab_id=\u00a0\u00bb1736963769498-31c4a722-21a8&Prime;][vc_custom_heading text=\u00a0\u00bbNon, en Andorre, vous avez besoin d&rsquo;un espace d\u00e9di\u00e9 et permanent pour enregistrer votre soci\u00e9t\u00e9. Veuillez consulter nos sections Dedicated desk ou Bureau priv\u00e9 pour trouver une solution qui r\u00e9ponde aux exigences l\u00e9gales.\u00a0\u00bb font_container=\u00a0\u00bbtag:p|font_size:16px|text_align:left|color:%23000000&Prime; use_theme_fonts=\u00a0\u00bbyes\u00a0\u00bb][\/vc_tta_section][\/vc_tta_accordion]<div class=\"es-resp\">\t<div class=\"visible-xl\" style=\"height: 140px;\"><\/div>\t<div class=\"hidden-xl hidden-md hidden-sm hidden-ms hidden-xs\" style=\"height: 140px;\"><\/div>\t<div class=\"visible-md\" style=\"height: 140px;\"><\/div>\t<div class=\"visible-sm \" style=\"height: 140px;\"><\/div>\t<div class=\"visible-ms\" style=\"height: 32px;\"><\/div>\t<div class=\"visible-xs\" style=\"height: 32px;\"><\/div><\/div>[\/vc_column][\/vc_row][vc_row][vc_column width=\u00a0\u00bb1\/3&Prime;][\/vc_column][vc_column width=\u00a0\u00bb1\/3&Prime;][vc_gallery type=\u00a0\u00bbflexslider_slide\u00a0\u00bb interval=\u00a0\u00bb3&Prime; images=\u00a0\u00bb14121,14127,14133,14139,14145,14151&Prime; img_size=\u00a0\u00bb500&#215;333&Prime; onclick=\u00a0\u00bb\u00a0\u00bb][\/vc_column][vc_column width=\u00a0\u00bb1\/3&Prime;][\/vc_column][\/vc_row]<\/p>\n","protected":false},"excerpt":{"rendered":"<p>[vc_row][vc_column][\/vc_column][\/vc_row][vc_row][vc_column][vc_custom_heading text=\u00a0\u00bbLouer un Hot Desk \u00e0 SMART Coworking \u00e0 Andorre-la-Vieille vous donne la libert\u00e9 de travailler dans un environnement dynamique sans le fardeau d&rsquo;un bail \u00e0 long terme. C&rsquo;est la solution id\u00e9ale pour les freelances, les startups et les entrepreneurs qui ont besoin d&rsquo;une installation professionnelle \u00e0 bas prix. Pr\u00eat \u00e0 stimuler votre productivit\u00e9 ?\u00a0\u00bb font_container=\u00a0\u00bbtag:p|font_size:18px|text_align:left|color:%23000000&Prime; use_theme_fonts=\u00a0\u00bbyes\u00a0\u00bb css=\u00a0\u00bb.vc_custom_1742662665407{margin-top: 2rem !important;}\u00a0\u00bb][vc_btn title=\u00a0\u00bbR\u00e9servez maintenant\u00a0\u00bb style=\u00a0\u00bbcustom\u00a0\u00bb custom_background=\u00a0\u00bb#800d20&Prime; custom_text=\u00a0\u00bb#ffffff\u00a0\u00bb shape=\u00a0\u00bbsquare\u00a0\u00bb align=\u00a0\u00bbcenter\u00a0\u00bb i_icon_fontawesome=\u00a0\u00bbfar fa-hand-point-right\u00a0\u00bb css_animation=\u00a0\u00bbnone\u00a0\u00bb add_icon=\u00a0\u00bbtrue\u00a0\u00bb el_class=\u00a0\u00bbvc-coworking-andorra-hot-desk-btn\u00a0\u00bb css=\u00a0\u00bb.vc_custom_1732804631099{margin-top: 50px !important;}\u00a0\u00bb link=\u00a0\u00bburl:https%3A%2F%2Fsmartcoworking.ad%2Ffr%2Fcontact%2F|title:Contact|target:_blank|\u00a0\u00bb][\/vc_column][\/vc_row][vc_section full_width=\u00a0\u00bbstretch_row_content\u00a0\u00bb css=\u00a0\u00bb.vc_custom_1729680872255{margin-top: 60px !important;}\u00a0\u00bb][vc_row equal_height=\u00a0\u00bbyes\u00a0\u00bb css=\u00a0\u00bb.vc_custom_1730809936267{background-color: #ededed !important;}\u00a0\u00bb el_class=\u00a0\u00bbandorra-desk-col\u00a0\u00bb][vc_column width=\u00a0\u00bb1\/2&Prime; css=\u00a0\u00bb.vc_custom_1736965031306{padding-top: 0px !important;padding-right: 0px !important;padding-bottom: 0px !important;padding-left: 0px !important;background-image: url(https:\/\/smartcoworking.ad\/wp-content\/uploads\/2025\/01\/COWORKING-ALTA-24-scaled-e1736964999524.jpg?id=13725) !important;background-position: center !important;background-repeat: no-repeat !important;background-size: cover !important;}\u00a0\u00bb][vc_empty_space height=\u00a0\u00bb200px\u00a0\u00bb][\/vc_column][vc_column width=\u00a0\u00bb1\/2&Prime; css=\u00a0\u00bb.vc_custom_1730796531799{padding-top: 50px !important;padding-right: 30px !important;padding-bottom: 50px !important;padding-left: 30px !important;}\u00a0\u00bb][vc_custom_heading text=\u00a0\u00bbQu&rsquo;est-ce qu&rsquo;un Hot Desk chez SMART [&hellip;]<\/p>\n","protected":false},"author":2,"featured_media":0,"parent":0,"menu_order":0,"comment_status":"closed","ping_status":"closed","template":"page-templates\/full-width.php","meta":{"_acf_changed":false,"_coblocks_attr":"","_coblocks_dimensions":"","_coblocks_responsive_height":"","_coblocks_accordion_ie_support":"","footnotes":""},"class_list":["post-13048","page","type-page","status-publish","hentry"],"acf":[],"yoast_head":"<!-- This site is optimized with the Yoast SEO plugin v27.4 - https:\/\/yoast.com\/product\/yoast-seo-wordpress\/ -->\n<title>SMART Coworking Andorra Hot Desk<\/title>\n<meta name=\"description\" content=\"Hot Desk, votre espace de cr\u00e9ation \u00e0 Andorre-la-Vieille. Horaire flexible, Services essentiels, Option \u00e9conomique, Avantages d\u2019une communaut\u00e9\" \/>\n<meta name=\"robots\" content=\"index, follow, max-snippet:-1, max-image-preview:large, max-video-preview:-1\" \/>\n<link rel=\"canonical\" href=\"https:\/\/smartcoworking.ad\/fr\/hot-desk\/\" \/>\n<meta property=\"og:locale\" content=\"fr_FR\" \/>\n<meta property=\"og:type\" content=\"article\" \/>\n<meta property=\"og:title\" content=\"SMART Coworking Andorra Hot Desk\" \/>\n<meta property=\"og:description\" content=\"Hot Desk, votre espace de cr\u00e9ation \u00e0 Andorre-la-Vieille. Horaire flexible, Services essentiels, Option \u00e9conomique, Avantages d\u2019une communaut\u00e9\" \/>\n<meta property=\"og:url\" content=\"https:\/\/smartcoworking.ad\/fr\/hot-desk\/\" \/>\n<meta property=\"og:site_name\" content=\"SMART Coworking\" \/>\n<meta property=\"article:publisher\" content=\"https:\/\/www.facebook.com\/smartexecutiveandorra\" \/>\n<meta property=\"article:modified_time\" content=\"2025-04-24T09:19:42+00:00\" \/>\n<meta name=\"twitter:card\" content=\"summary_large_image\" \/>\n<meta name=\"twitter:site\" content=\"@smart_exe_and\" \/>\n<meta name=\"twitter:label1\" content=\"Dur\u00e9e de lecture estim\u00e9e\" \/>\n\t<meta name=\"twitter:data1\" content=\"5 minutes\" \/>\n<script type=\"application\/ld+json\" class=\"yoast-schema-graph\">{\"@context\":\"https:\\\/\\\/schema.org\",\"@graph\":[{\"@type\":\"WebPage\",\"@id\":\"https:\\\/\\\/smartcoworking.ad\\\/fr\\\/hot-desk\\\/\",\"url\":\"https:\\\/\\\/smartcoworking.ad\\\/fr\\\/hot-desk\\\/\",\"name\":\"SMART Coworking Andorra Hot Desk\",\"isPartOf\":{\"@id\":\"https:\\\/\\\/smartcoworking.ad\\\/fr\\\/#website\"},\"datePublished\":\"2024-10-14T09:46:58+00:00\",\"dateModified\":\"2025-04-24T09:19:42+00:00\",\"description\":\"Hot Desk, votre espace de cr\u00e9ation \u00e0 Andorre-la-Vieille. Horaire flexible, Services essentiels, Option \u00e9conomique, Avantages d\u2019une communaut\u00e9\",\"breadcrumb\":{\"@id\":\"https:\\\/\\\/smartcoworking.ad\\\/fr\\\/hot-desk\\\/#breadcrumb\"},\"inLanguage\":\"fr-FR\",\"potentialAction\":[{\"@type\":\"ReadAction\",\"target\":[\"https:\\\/\\\/smartcoworking.ad\\\/fr\\\/hot-desk\\\/\"]}]},{\"@type\":\"BreadcrumbList\",\"@id\":\"https:\\\/\\\/smartcoworking.ad\\\/fr\\\/hot-desk\\\/#breadcrumb\",\"itemListElement\":[{\"@type\":\"ListItem\",\"position\":1,\"name\":\"Maison\",\"item\":\"https:\\\/\\\/smartcoworking.ad\\\/fr\\\/\"},{\"@type\":\"ListItem\",\"position\":2,\"name\":\"Hot desk\"}]},{\"@type\":\"WebSite\",\"@id\":\"https:\\\/\\\/smartcoworking.ad\\\/fr\\\/#website\",\"url\":\"https:\\\/\\\/smartcoworking.ad\\\/fr\\\/\",\"name\":\"SMART Coworking\",\"description\":\"Coworking Spaces in Andorra\",\"potentialAction\":[{\"@type\":\"SearchAction\",\"target\":{\"@type\":\"EntryPoint\",\"urlTemplate\":\"https:\\\/\\\/smartcoworking.ad\\\/fr\\\/?s={search_term_string}\"},\"query-input\":{\"@type\":\"PropertyValueSpecification\",\"valueRequired\":true,\"valueName\":\"search_term_string\"}}],\"inLanguage\":\"fr-FR\"}]}<\/script>\n<!-- \/ Yoast SEO plugin. -->","yoast_head_json":{"title":"SMART Coworking Andorra Hot Desk","description":"Hot Desk, votre espace de cr\u00e9ation \u00e0 Andorre-la-Vieille. Horaire flexible, Services essentiels, Option \u00e9conomique, Avantages d\u2019une communaut\u00e9","robots":{"index":"index","follow":"follow","max-snippet":"max-snippet:-1","max-image-preview":"max-image-preview:large","max-video-preview":"max-video-preview:-1"},"canonical":"https:\/\/smartcoworking.ad\/fr\/hot-desk\/","og_locale":"fr_FR","og_type":"article","og_title":"SMART Coworking Andorra Hot Desk","og_description":"Hot Desk, votre espace de cr\u00e9ation \u00e0 Andorre-la-Vieille. Horaire flexible, Services essentiels, Option \u00e9conomique, Avantages d\u2019une communaut\u00e9","og_url":"https:\/\/smartcoworking.ad\/fr\/hot-desk\/","og_site_name":"SMART Coworking","article_publisher":"https:\/\/www.facebook.com\/smartexecutiveandorra","article_modified_time":"2025-04-24T09:19:42+00:00","twitter_card":"summary_large_image","twitter_site":"@smart_exe_and","twitter_misc":{"Dur\u00e9e de lecture estim\u00e9e":"5 minutes"},"schema":{"@context":"https:\/\/schema.org","@graph":[{"@type":"WebPage","@id":"https:\/\/smartcoworking.ad\/fr\/hot-desk\/","url":"https:\/\/smartcoworking.ad\/fr\/hot-desk\/","name":"SMART Coworking Andorra Hot Desk","isPartOf":{"@id":"https:\/\/smartcoworking.ad\/fr\/#website"},"datePublished":"2024-10-14T09:46:58+00:00","dateModified":"2025-04-24T09:19:42+00:00","description":"Hot Desk, votre espace de cr\u00e9ation \u00e0 Andorre-la-Vieille. Horaire flexible, Services essentiels, Option \u00e9conomique, Avantages d\u2019une communaut\u00e9","breadcrumb":{"@id":"https:\/\/smartcoworking.ad\/fr\/hot-desk\/#breadcrumb"},"inLanguage":"fr-FR","potentialAction":[{"@type":"ReadAction","target":["https:\/\/smartcoworking.ad\/fr\/hot-desk\/"]}]},{"@type":"BreadcrumbList","@id":"https:\/\/smartcoworking.ad\/fr\/hot-desk\/#breadcrumb","itemListElement":[{"@type":"ListItem","position":1,"name":"Maison","item":"https:\/\/smartcoworking.ad\/fr\/"},{"@type":"ListItem","position":2,"name":"Hot desk"}]},{"@type":"WebSite","@id":"https:\/\/smartcoworking.ad\/fr\/#website","url":"https:\/\/smartcoworking.ad\/fr\/","name":"SMART Coworking","description":"Coworking Spaces in Andorra","potentialAction":[{"@type":"SearchAction","target":{"@type":"EntryPoint","urlTemplate":"https:\/\/smartcoworking.ad\/fr\/?s={search_term_string}"},"query-input":{"@type":"PropertyValueSpecification","valueRequired":true,"valueName":"search_term_string"}}],"inLanguage":"fr-FR"}]}},"_links":{"self":[{"href":"https:\/\/smartcoworking.ad\/fr\/wp-json\/wp\/v2\/pages\/13048","targetHints":{"allow":["GET"]}}],"collection":[{"href":"https:\/\/smartcoworking.ad\/fr\/wp-json\/wp\/v2\/pages"}],"about":[{"href":"https:\/\/smartcoworking.ad\/fr\/wp-json\/wp\/v2\/types\/page"}],"author":[{"embeddable":true,"href":"https:\/\/smartcoworking.ad\/fr\/wp-json\/wp\/v2\/users\/2"}],"replies":[{"embeddable":true,"href":"https:\/\/smartcoworking.ad\/fr\/wp-json\/wp\/v2\/comments?post=13048"}],"version-history":[{"count":13,"href":"https:\/\/smartcoworking.ad\/fr\/wp-json\/wp\/v2\/pages\/13048\/revisions"}],"predecessor-version":[{"id":14163,"href":"https:\/\/smartcoworking.ad\/fr\/wp-json\/wp\/v2\/pages\/13048\/revisions\/14163"}],"wp:attachment":[{"href":"https:\/\/smartcoworking.ad\/fr\/wp-json\/wp\/v2\/media?parent=13048"}],"curies":[{"name":"wp","href":"https:\/\/api.w.org\/{rel}","templated":true}]}}