{"id":13061,"date":"2024-10-14T11:47:34","date_gmt":"2024-10-14T09:47:34","guid":{"rendered":"https:\/\/smartcoworking.ad\/bureau-dedie\/"},"modified":"2025-04-25T13:47:07","modified_gmt":"2025-04-25T13:47:07","slug":"bureau-dedie","status":"publish","type":"page","link":"https:\/\/smartcoworking.ad\/fr\/bureau-dedie\/","title":{"rendered":"Dedicated Desk"},"content":{"rendered":"<p>[vc_row css=\u00a0\u00bb.vc_custom_1729512168198{margin-top: 0px !important;border-top-width: 0px !important;padding-top: 0px !important;}\u00a0\u00bb][vc_column css=\u00a0\u00bb.vc_custom_1729512086574{margin-top: 0px !important;border-top-width: 0px !important;padding-top: 0px !important;}\u00a0\u00bb]<div class=\"heading  default align-center subcolor-black transform-default icon-type-hidden heading-tag-h4\" id=\"like_sc_header_176359683\"><h4 class=\"header ltx-sr-id-like_sc_header_176359683597720186 ltx-sr ltx-sr-effect-fade_in ltx-sr-el-block ltx-sr-delay-0 ltx-sr-duration-1000 ltx-sr-sequences-0\">D\u00e9couvrez votre espace de travail fixe id\u00e9al \u00e0 Andorre-la-Vieille<\/h4><\/div>[vc_separator color=\u00a0\u00bbcustom\u00a0\u00bb border_width=\u00a0\u00bb3&Prime; el_width=\u00a0\u00bb10&Prime; accent_color=\u00a0\u00bb#800d20&Prime;][vc_custom_heading text=\u00a0\u00bbCommencez votre carri\u00e8re professionnelle avec un espace de travail fixe qui vous offre non seulement une adresse prestigieuse pour la domiciliation de votre entreprise, mais qui vous int\u00e8gre \u00e9galement dans une communaut\u00e9 dynamique. Nos Dedicated Desk (ou tables fixes) constituent l&rsquo;environnement id\u00e9al pour d\u00e9marrer votre activit\u00e9, en combinant un cadre professionnel stable avec le soutien et l&rsquo;\u00e9nergie d&rsquo;un r\u00e9seau collaboratif.<br \/>\n\u00cates-vous pr\u00eat \u00e0 faire \u00e9voluer votre entreprise ?\u00a0\u00bb font_container=\u00a0\u00bbtag:p|font_size:18px|text_align:center|color:%23000000&Prime; use_theme_fonts=\u00a0\u00bbyes\u00a0\u00bb css_animation=\u00a0\u00bbfadeIn\u00a0\u00bb css=\u00a0\u00bb.vc_custom_1743001565333{margin-top: 2rem !important;}\u00a0\u00bb][vc_btn title=\u00a0\u00bbR\u00e9servez maintenant\u00a0\u00bb style=\u00a0\u00bbcustom\u00a0\u00bb custom_background=\u00a0\u00bb#800d20&Prime; custom_text=\u00a0\u00bb#ffffff\u00a0\u00bb shape=\u00a0\u00bbsquare\u00a0\u00bb align=\u00a0\u00bbcenter\u00a0\u00bb i_icon_fontawesome=\u00a0\u00bbfar fa-hand-point-right\u00a0\u00bb css_animation=\u00a0\u00bbnone\u00a0\u00bb add_icon=\u00a0\u00bbtrue\u00a0\u00bb css=\u00a0\u00bb.vc_custom_1732804677274{margin-top: 2rem !important;}\u00a0\u00bb link=\u00a0\u00bburl:https%3A%2F%2Fsmartcoworking.ad%2Ffr%2Fcontact%2F|title:Contact|target:_blank|\u00a0\u00bb][\/vc_column][\/vc_row][vc_section full_width=\u00a0\u00bbstretch_row_content\u00a0\u00bb css=\u00a0\u00bb.vc_custom_1729689491046{margin-top: 60px !important;}\u00a0\u00bb][vc_row equal_height=\u00a0\u00bbyes\u00a0\u00bb el_class=\u00a0\u00bbandorra-desk-col\u00a0\u00bb][vc_column width=\u00a0\u00bb1\/2&Prime; css=\u00a0\u00bb.vc_custom_1737566900784{background-image: url(https:\/\/smartcoworking.ad\/wp-content\/uploads\/2025\/01\/COWORKING-ALTA-31-scaled-e1737566832980.jpg?id=13785) !important;background-position: center !important;background-repeat: no-repeat !important;background-size: cover !important;}\u00a0\u00bb][vc_empty_space height=\u00a0\u00bb200px\u00a0\u00bb][\/vc_column][vc_column width=\u00a0\u00bb1\/2&Prime; css=\u00a0\u00bb.vc_custom_1730796630977{padding-top: 40px !important;padding-right: 30px !important;padding-bottom: 40px !important;padding-left: 30px !important;background-color: #ededed !important;}\u00a0\u00bb][vc_custom_heading text=\u00a0\u00bbQu&rsquo;est-ce qu&rsquo;un Dedicated Desk offre chez SMART Coworking ?\u00a0\u00bb font_container=\u00a0\u00bbtag:h5|text_align:center|color:%23800d20&Prime; use_theme_fonts=\u00a0\u00bbyes\u00a0\u00bb][vc_column_text]<\/p>\n<ul>\n<li><strong>Espace de travail r\u00e9serv\u00e9<\/strong> : Obtenez une place fixe dans notre espace de coworking, id\u00e9al pour \u00e9tablir une routine de travail stable.<\/li>\n<li><strong>Enregistrement de la soci\u00e9t\u00e9 :<\/strong> Profitez de la possibilit\u00e9 d&rsquo;enregistrer votre entreprise \u00e0 notre adresse.<\/li>\n<li><strong>Services essentiels :<\/strong> Profitez de tous les avantages d&rsquo;un Hot Desk : WiFi \u00e0 haut d\u00e9bit, possibilit\u00e9 d&rsquo;imprimer et environnement confortable.<\/li>\n<li><strong>Prix tout compris <\/strong>: Des frais mensuels transparents, sans co\u00fbts cach\u00e9s, pour que vous puissiez vous installer et commencer \u00e0 travailler imm\u00e9diatement.<\/li>\n<\/ul>\n<p>B\u00e9n\u00e9ficiez du meilleur des deux mondes : la flexibilit\u00e9 d&rsquo;un environnement partag\u00e9 et la stabilit\u00e9 de votre propre espace d\u00e9di\u00e9.[\/vc_column_text][vc_row_inner equal_height=\u00a0\u00bbyes\u00a0\u00bb gap=\u00a0\u00bb15&Prime; css=\u00a0\u00bb.vc_custom_1729690628600{padding-top: 30px !important;}\u00a0\u00bb][vc_column_inner width=\u00a0\u00bb1\/2&Prime; css=\u00a0\u00bb.vc_custom_1729690906242{padding-bottom: 20px !important;background-color: #ffffff !important;}\u00a0\u00bb][vc_icon icon_fontawesome=\u00a0\u00bbfar fa-calendar-check\u00a0\u00bb color=\u00a0\u00bbblack\u00a0\u00bb size=\u00a0\u00bbsm\u00a0\u00bb align=\u00a0\u00bbcenter\u00a0\u00bb css=\u00a0\u00bb.vc_custom_1729773804309{margin-top: 0px !important;margin-bottom: 0px !important;}\u00a0\u00bb][vc_custom_heading text=\u00a0\u00bbComment r\u00e9server votre bureau d\u00e9di\u00e9\u00a0\u00bb font_container=\u00a0\u00bbtag:h6|font_size:18px|text_align:center|color:%23000000&Prime; use_theme_fonts=\u00a0\u00bbyes\u00a0\u00bb css=\u00a0\u00bb.vc_custom_1737567155692{margin-top: 0px !important;}\u00a0\u00bb][vc_column_text]<\/p>\n<p style=\"text-align: center;\">Pour r\u00e9server un Dedicated Desk, il suffit de <strong>nous contacter pour confirmer la disponibilit\u00e9<\/strong>. Nous vous fournirons une liste des documents requis, puis nous finaliserons votre contrat par une signature num\u00e9rique pratique.<\/p>\n<p style=\"text-align: center;\">C&rsquo;est tout, vous \u00eates pr\u00eat \u00e0 profiter de votre nouvel espace de travail !<\/p>\n<p>[\/vc_column_text][\/vc_column_inner][vc_column_inner width=\u00a0\u00bb1\/2&Prime; css=\u00a0\u00bb.vc_custom_1729690912858{padding-bottom: 20px !important;background-color: #ffffff !important;}\u00a0\u00bb][vc_icon icon_fontawesome=\u00a0\u00bbfas fa-map-marker-alt\u00a0\u00bb color=\u00a0\u00bbblack\u00a0\u00bb size=\u00a0\u00bbsm\u00a0\u00bb align=\u00a0\u00bbcenter\u00a0\u00bb css=\u00a0\u00bb.vc_custom_1742665723726{margin-top: 0px !important;margin-bottom: 0px !important;}\u00a0\u00bb][vc_custom_heading text=\u00a0\u00bbSituation privil\u00e9gi\u00e9e \u00e0 Andorre-la-Vieille\u00a0\u00bb font_container=\u00a0\u00bbtag:h6|font_size:18px|text_align:center|color:%23000000&Prime; use_theme_fonts=\u00a0\u00bbyes\u00a0\u00bb css=\u00a0\u00bb.vc_custom_1742665684190{margin-top: 0px !important;}\u00a0\u00bb][vc_column_text]<\/p>\n<div class=\"kc-elm kc-css-128352 kc_text_block\">\n<p class=\"p1\">SMART Coworking se trouve <strong>\u00e0 quelques pas du centre historique d&rsquo;Andorre-la-Vieille et des principaux b\u00e2timents gouvernementaux<\/strong>, ce qui en fait un lieu id\u00e9al pour les t\u00e2ches administratives.<\/p>\n<p class=\"p1\">De plus,<strong> les salons de th\u00e9 et de caf\u00e9, les restaurants et les services<\/strong> situ\u00e9s \u00e0 proximit\u00e9 vous garantissent que tout ce dont vous avez besoin est \u00e0 port\u00e9e de main.<\/p>\n<\/div>\n<p>[\/vc_column_text][\/vc_column_inner][\/vc_row_inner][\/vc_column][\/vc_row][\/vc_section][vc_section][vc_row][vc_column]<div class=\"heading  default align-center color-black subcolor-black transform-default icon-type-hidden heading-tag-h4\" id=\"like_sc_header_487335067\"><h4 class=\"header ltx-sr-id-like_sc_header_487335067745705719 ltx-sr ltx-sr-effect-fade_in ltx-sr-el-block ltx-sr-delay-0 ltx-sr-duration-1000 ltx-sr-sequences-0\">Nos tarifs pour les Dedicated Desk<\/h4><\/div>[vc_separator color=\u00a0\u00bbcustom\u00a0\u00bb border_width=\u00a0\u00bb3&Prime; el_width=\u00a0\u00bb10&Prime; accent_color=\u00a0\u00bb#800d20&Prime;][\/vc_column][\/vc_row][\/vc_section][vc_row el_class=\u00a0\u00bbvc-coworking-andorra-tour-title\u00a0\u00bb][vc_column][vc_row_inner css=\u00a0\u00bb.vc_custom_1742664709994{margin-top: 2rem !important;background-color: #ededed !important;}\u00a0\u00bb][vc_column_inner width=\u00a0\u00bb1\/2&Prime;][vc_custom_heading text=\u00a0\u00bbPrix pour 1 personne\u00a0\u00bb font_container=\u00a0\u00bbtag:h2|font_size:28px|text_align:center|color:%23800d20&Prime; use_theme_fonts=\u00a0\u00bbyes\u00a0\u00bb]<div class=\"heading  default align-center transform-default icon-type-hidden   vc_custom_1742992421475 heading-tag-h6\" id=\"like_sc_header_2129730076\"><h6 class=\"header \">295\u20ac <span>HT<\/span><\/h6><\/div>[vc_custom_heading text=\u00a0\u00bbTable fixe dans espace partag\u00e9\u00a0\u00bb font_container=\u00a0\u00bbtag:p|font_size:18px|text_align:center\u00a0\u00bb use_theme_fonts=\u00a0\u00bbyes\u00a0\u00bb css=\u00a0\u00bb.vc_custom_1743001190427{margin-bottom: 15px !important;}\u00a0\u00bb][vc_custom_heading text=\u00a0\u00bb4 heures de salle de r\u00e9union incluses par mois\u00a0\u00bb font_container=\u00a0\u00bbtag:p|font_size:18px|text_align:center\u00a0\u00bb use_theme_fonts=\u00a0\u00bbyes\u00a0\u00bb css=\u00a0\u00bb.vc_custom_1729773706155{margin-bottom: 15px !important;}\u00a0\u00bb][vc_custom_heading text=\u00a0\u00bb160 photocopies noir et blanc inclues par mois\u00a0\u00bb font_container=\u00a0\u00bbtag:p|font_size:18px|text_align:center\u00a0\u00bb use_theme_fonts=\u00a0\u00bbyes\u00a0\u00bb css=\u00a0\u00bb.vc_custom_1729773712291{margin-bottom: 15px !important;}\u00a0\u00bb][vc_custom_heading text=\u00a0\u00bbContrat de 6 mois minimum\u00a0\u00bb font_container=\u00a0\u00bbtag:p|font_size:18px|text_align:center\u00a0\u00bb use_theme_fonts=\u00a0\u00bbyes\u00a0\u00bb css=\u00a0\u00bb.vc_custom_1729773736002{margin-bottom: 15px !important;}\u00a0\u00bb][\/vc_column_inner][vc_column_inner width=\u00a0\u00bb1\/2&Prime;]<div class=\"heading  default align-center transform-default icon-type-hidden   vc_custom_1742992406849 heading-tag-h6\" id=\"like_sc_header_120211385\"><h6 class=\"header \">Autres avantages<\/h6><\/div>[vc_custom_heading text=\u00a0\u00bbCompatible avec l&rsquo;enregistrement du commerce\u00a0\u00bb font_container=\u00a0\u00bbtag:p|font_size:18px|text_align:center\u00a0\u00bb use_theme_fonts=\u00a0\u00bbyes\u00a0\u00bb css=\u00a0\u00bb.vc_custom_1742665167260{margin-bottom: 15px !important;}\u00a0\u00bb][vc_custom_heading text=\u00a0\u00bbAcc\u00e8s illimit\u00e9 7j\/7&Prime; font_container=\u00a0\u00bbtag:p|font_size:18px|text_align:center\u00a0\u00bb use_theme_fonts=\u00a0\u00bbyes\u00a0\u00bb css=\u00a0\u00bb.vc_custom_1729773690658{margin-bottom: 15px !important;}\u00a0\u00bb][vc_custom_heading text=\u00a0\u00bbWi-Fi, \u00e9lectricit\u00e9 et casier\u00a0\u00bb font_container=\u00a0\u00bbtag:p|font_size:18px|text_align:center\u00a0\u00bb use_theme_fonts=\u00a0\u00bbyes\u00a0\u00bb css=\u00a0\u00bb.vc_custom_1729773724978{margin-bottom: 15px !important;}\u00a0\u00bb][vc_custom_heading text=\u00a0\u00bb40 % de r\u00e9duction sur la r\u00e9servation de la salle de r\u00e9union\u00a0\u00bb font_container=\u00a0\u00bbtag:p|font_size:18px|text_align:center\u00a0\u00bb use_theme_fonts=\u00a0\u00bbyes\u00a0\u00bb css=\u00a0\u00bb.vc_custom_1729773731050{margin-bottom: 15px !important;}\u00a0\u00bb][\/vc_column_inner][\/vc_row_inner][\/vc_column][\/vc_row][vc_row][vc_column][vc_btn title=\u00a0\u00bbR\u00e9servez maintenant\u00a0\u00bb style=\u00a0\u00bbcustom\u00a0\u00bb custom_background=\u00a0\u00bb#800d20&Prime; custom_text=\u00a0\u00bb#ffffff\u00a0\u00bb shape=\u00a0\u00bbsquare\u00a0\u00bb align=\u00a0\u00bbcenter\u00a0\u00bb i_icon_fontawesome=\u00a0\u00bbfar fa-hand-point-right\u00a0\u00bb css_animation=\u00a0\u00bbnone\u00a0\u00bb add_icon=\u00a0\u00bbtrue\u00a0\u00bb css=\u00a0\u00bb.vc_custom_1732804689081{margin-top: 2rem !important;}\u00a0\u00bb link=\u00a0\u00bburl:https%3A%2F%2Fsmartcoworking.ad%2Ffr%2Fcontact%2F|title:Contact|target:_blank|\u00a0\u00bb][\/vc_column][\/vc_row][vc_section css=\u00a0\u00bb.vc_custom_1729691183921{margin-top: 40px !important;margin-bottom: 20px !important;}\u00a0\u00bb][vc_row][vc_column]<div class=\"heading  default align-center transform-default icon-type-hidden heading-tag-h2\" id=\"like_sc_header_1175607743\"><h2 class=\"header ltx-sr-id-like_sc_header_1175607743316598000 ltx-sr ltx-sr-effect-fade_in ltx-sr-el-block ltx-sr-delay-0 ltx-sr-duration-1000 ltx-sr-sequences-0\">F.A.Q.<\/h2><\/div>[vc_tta_accordion][vc_tta_section title=\u00a0\u00bbQu&rsquo;est-ce qu&rsquo;un dedicated desk?\u00a0\u00bb tab_id=\u00a0\u00bb1729603123042-e653a937-471b\u00a0\u00bb][vc_custom_heading text=\u00a0\u00bbUn dedicated desk est un endroit fixe et r\u00e9serv\u00e9 pour exercer votre activit\u00e9 dans un coworking et qui est lou\u00e9 mensuellement. Une table fixe vous permet de vivre une exp\u00e9rience tr\u00e8s similaire \u00e0 celle d&rsquo;un bureau priv\u00e9. La principale diff\u00e9rence entre un Hot Desk et un Dedicated Desk est que ce dernier offre une certaine tranquillit\u00e9 d&rsquo;esprit par rapport \u00e0 la venue d&rsquo;autres coll\u00e8gues qui utilisent le Hot Desk et qu&rsquo;il permet l&rsquo;enregistrement de votre soci\u00e9t\u00e9. Un bureau ne peut \u00eatre utilis\u00e9 que par une seule personne \u00e0 la fois.\u00a0\u00bb font_container=\u00a0\u00bbtag:p|font_size:18px|text_align:left|color:%23000000&Prime; use_theme_fonts=\u00a0\u00bbyes\u00a0\u00bb css_animation=\u00a0\u00bbnone\u00a0\u00bb][vc_custom_heading text=\u00a0\u00bbTout comme le Hot Desk, la location de dedicated desk est l&rsquo;un des moyens les plus \u00e9conomiques de louer et de d\u00e9velopper une activit\u00e9 commerciale dans la principaut\u00e9. Le contrat de location offre de la flexibilit\u00e9 et permet aux entreprises de s&rsquo;adapter \u00e0 leurs besoins.\u00a0\u00bb font_container=\u00a0\u00bbtag:p|font_size:18px|text_align:left|color:%23000000&Prime; use_theme_fonts=\u00a0\u00bbyes\u00a0\u00bb css_animation=\u00a0\u00bbnone\u00a0\u00bb][\/vc_tta_section][vc_tta_section title=\u00a0\u00bbQuels sont les avantages d\u2019utiliser un Dedicated Desk en Andorre ?\u00a0\u00bb tab_id=\u00a0\u00bb1729603123042-c1094fe0-b2ab\u00a0\u00bb][vc_custom_heading text=\u00a0\u00bbL\u2019utilisation d\u2019un hot desk (ou bureau flexible) expose une entreprise au risque de ne pas disposer d\u2019un espace de travail. Aux p\u00e9riodes d&rsquo;affluences, il se peut qu\u2019il n\u2019y ait pas de place. Un bureau d\u00e9di\u00e9 signifie que, peu importe l&rsquo;affluence ou la demande, vous disposez d&rsquo;un espace d\u00e9di\u00e9 \u00e0 l&rsquo;endroit de votre choix. Contrairement \u00e0 un hot desk, il vous permet de laisser vos affaires dans un casier verrouill\u00e9 afin de ne pas avoir \u00e0 transporter votre mat\u00e9riel tous les jours.\u00a0\u00bb font_container=\u00a0\u00bbtag:p|font_size:18px|text_align:left|color:%23000000&Prime; use_theme_fonts=\u00a0\u00bbyes\u00a0\u00bb css_animation=\u00a0\u00bbnone\u00a0\u00bb][vc_custom_heading text=\u00a0\u00bbOpter pour la location d\u2019un local commercial a une dur\u00e9e minimale l\u00e9gale de location de 4 ans. SMART Coworking Andorra propose une option plus flexible avec la location d&rsquo;espaces dans son coworking pour une dur\u00e9e minimale de 6 mois.\u00a0\u00bb font_container=\u00a0\u00bbtag:p|font_size:18px|text_align:left|color:%23000000&Prime; use_theme_fonts=\u00a0\u00bbyes\u00a0\u00bb css_animation=\u00a0\u00bbnone\u00a0\u00bb][\/vc_tta_section][vc_tta_section title=\u00a0\u00bbPuis-je enregistrer mon entreprise ?\u00a0\u00bb tab_id=\u00a0\u00bb1729603181614-f076410f-a487&Prime;][vc_custom_heading text=\u00a0\u00bbOui. En plus de b\u00e9n\u00e9ficier d&rsquo;un environnement professionnel pour votre travail, vous pouvez enregistrer une entreprise pour chaque Dedicated desk auquel vous vous inscrivez.\u00a0\u00bb font_container=\u00a0\u00bbtag:p|font_size:18px|text_align:left|color:%23000000&Prime; use_theme_fonts=\u00a0\u00bbyes\u00a0\u00bb css_animation=\u00a0\u00bbnone\u00a0\u00bb][\/vc_tta_section][\/vc_tta_accordion][\/vc_column][\/vc_row][\/vc_section][vc_row][vc_column width=\u00a0\u00bb1\/3&Prime;][\/vc_column][vc_column width=\u00a0\u00bb1\/3&Prime;][vc_gallery type=\u00a0\u00bbflexslider_slide\u00a0\u00bb interval=\u00a0\u00bb3&Prime; images=\u00a0\u00bb13785,13732,13841,13687,13699,11595,10720,10562,10155&Prime; img_size=\u00a0\u00bbmedium\u00a0\u00bb onclick=\u00a0\u00bb\u00a0\u00bb][\/vc_column][vc_column width=\u00a0\u00bb1\/3&Prime;][\/vc_column][\/vc_row]<\/p>\n","protected":false},"excerpt":{"rendered":"<p>[vc_row css=\u00a0\u00bb.vc_custom_1729512168198{margin-top: 0px !important;border-top-width: 0px !important;padding-top: 0px !important;}\u00a0\u00bb][vc_column css=\u00a0\u00bb.vc_custom_1729512086574{margin-top: 0px !important;border-top-width: 0px !important;padding-top: 0px !important;}\u00a0\u00bb][vc_separator color=\u00a0\u00bbcustom\u00a0\u00bb border_width=\u00a0\u00bb3&Prime; el_width=\u00a0\u00bb10&Prime; accent_color=\u00a0\u00bb#800d20&Prime;][vc_custom_heading text=\u00a0\u00bbCommencez votre carri\u00e8re professionnelle avec un espace de travail fixe qui vous offre non seulement une adresse prestigieuse pour la domiciliation de votre entreprise, mais qui vous int\u00e8gre \u00e9galement dans une communaut\u00e9 dynamique. Nos Dedicated Desk (ou tables fixes) constituent l&rsquo;environnement id\u00e9al pour d\u00e9marrer votre activit\u00e9, en combinant un cadre professionnel stable avec le soutien et l&rsquo;\u00e9nergie d&rsquo;un r\u00e9seau collaboratif. \u00cates-vous pr\u00eat \u00e0 faire \u00e9voluer votre entreprise ?\u00a0\u00bb font_container=\u00a0\u00bbtag:p|font_size:18px|text_align:center|color:%23000000&Prime; use_theme_fonts=\u00a0\u00bbyes\u00a0\u00bb css_animation=\u00a0\u00bbfadeIn\u00a0\u00bb css=\u00a0\u00bb.vc_custom_1743001565333{margin-top: 2rem !important;}\u00a0\u00bb][vc_btn title=\u00a0\u00bbR\u00e9servez maintenant\u00a0\u00bb style=\u00a0\u00bbcustom\u00a0\u00bb custom_background=\u00a0\u00bb#800d20&Prime; custom_text=\u00a0\u00bb#ffffff\u00a0\u00bb shape=\u00a0\u00bbsquare\u00a0\u00bb align=\u00a0\u00bbcenter\u00a0\u00bb i_icon_fontawesome=\u00a0\u00bbfar fa-hand-point-right\u00a0\u00bb css_animation=\u00a0\u00bbnone\u00a0\u00bb add_icon=\u00a0\u00bbtrue\u00a0\u00bb css=\u00a0\u00bb.vc_custom_1732804677274{margin-top: 2rem !important;}\u00a0\u00bb link=\u00a0\u00bburl:https%3A%2F%2Fsmartcoworking.ad%2Ffr%2Fcontact%2F|title:Contact|target:_blank|\u00a0\u00bb][\/vc_column][\/vc_row][vc_section full_width=\u00a0\u00bbstretch_row_content\u00a0\u00bb css=\u00a0\u00bb.vc_custom_1729689491046{margin-top: 60px !important;}\u00a0\u00bb][vc_row equal_height=\u00a0\u00bbyes\u00a0\u00bb el_class=\u00a0\u00bbandorra-desk-col\u00a0\u00bb][vc_column width=\u00a0\u00bb1\/2&Prime; css=\u00a0\u00bb.vc_custom_1737566900784{background-image: url(https:\/\/smartcoworking.ad\/wp-content\/uploads\/2025\/01\/COWORKING-ALTA-31-scaled-e1737566832980.jpg?id=13785) !important;background-position: center !important;background-repeat: [&hellip;]<\/p>\n","protected":false},"author":2,"featured_media":0,"parent":0,"menu_order":0,"comment_status":"closed","ping_status":"closed","template":"page-templates\/full-width.php","meta":{"_acf_changed":false,"_coblocks_attr":"","_coblocks_dimensions":"","_coblocks_responsive_height":"","_coblocks_accordion_ie_support":"","footnotes":""},"class_list":["post-13061","page","type-page","status-publish","hentry"],"acf":[],"yoast_head":"<!-- This site is optimized with the Yoast SEO plugin v27.4 - https:\/\/yoast.com\/product\/yoast-seo-wordpress\/ -->\n<title>SMART Coworking Andorra Dedicated Desk<\/title>\n<meta name=\"description\" content=\"Votre espace de travail fixe id\u00e9al \u00e0 Andorre-la-Vieille. Espace de travail r\u00e9serv\u00e9, Enregistrement de la soci\u00e9t\u00e9, Prix tout compris\" \/>\n<meta name=\"robots\" content=\"index, follow, max-snippet:-1, max-image-preview:large, max-video-preview:-1\" \/>\n<link rel=\"canonical\" href=\"https:\/\/smartcoworking.ad\/fr\/bureau-dedie\/\" \/>\n<meta property=\"og:locale\" content=\"fr_FR\" \/>\n<meta property=\"og:type\" content=\"article\" \/>\n<meta property=\"og:title\" content=\"SMART Coworking Andorra Dedicated Desk\" \/>\n<meta property=\"og:description\" content=\"Votre espace de travail fixe id\u00e9al \u00e0 Andorre-la-Vieille. Espace de travail r\u00e9serv\u00e9, Enregistrement de la soci\u00e9t\u00e9, Prix tout compris\" \/>\n<meta property=\"og:url\" content=\"https:\/\/smartcoworking.ad\/fr\/bureau-dedie\/\" \/>\n<meta property=\"og:site_name\" content=\"SMART Coworking\" \/>\n<meta property=\"article:publisher\" content=\"https:\/\/www.facebook.com\/smartexecutiveandorra\" \/>\n<meta property=\"article:modified_time\" content=\"2025-04-25T13:47:07+00:00\" \/>\n<meta name=\"twitter:card\" content=\"summary_large_image\" \/>\n<meta name=\"twitter:site\" content=\"@smart_exe_and\" \/>\n<meta name=\"twitter:label1\" content=\"Dur\u00e9e de lecture estim\u00e9e\" \/>\n\t<meta name=\"twitter:data1\" content=\"5 minutes\" \/>\n<script type=\"application\/ld+json\" class=\"yoast-schema-graph\">{\"@context\":\"https:\\\/\\\/schema.org\",\"@graph\":[{\"@type\":\"WebPage\",\"@id\":\"https:\\\/\\\/smartcoworking.ad\\\/fr\\\/bureau-dedie\\\/\",\"url\":\"https:\\\/\\\/smartcoworking.ad\\\/fr\\\/bureau-dedie\\\/\",\"name\":\"SMART Coworking Andorra Dedicated Desk\",\"isPartOf\":{\"@id\":\"https:\\\/\\\/smartcoworking.ad\\\/fr\\\/#website\"},\"datePublished\":\"2024-10-14T09:47:34+00:00\",\"dateModified\":\"2025-04-25T13:47:07+00:00\",\"description\":\"Votre espace de travail fixe id\u00e9al \u00e0 Andorre-la-Vieille. Espace de travail r\u00e9serv\u00e9, Enregistrement de la soci\u00e9t\u00e9, Prix tout compris\",\"breadcrumb\":{\"@id\":\"https:\\\/\\\/smartcoworking.ad\\\/fr\\\/bureau-dedie\\\/#breadcrumb\"},\"inLanguage\":\"fr-FR\",\"potentialAction\":[{\"@type\":\"ReadAction\",\"target\":[\"https:\\\/\\\/smartcoworking.ad\\\/fr\\\/bureau-dedie\\\/\"]}]},{\"@type\":\"BreadcrumbList\",\"@id\":\"https:\\\/\\\/smartcoworking.ad\\\/fr\\\/bureau-dedie\\\/#breadcrumb\",\"itemListElement\":[{\"@type\":\"ListItem\",\"position\":1,\"name\":\"Maison\",\"item\":\"https:\\\/\\\/smartcoworking.ad\\\/fr\\\/\"},{\"@type\":\"ListItem\",\"position\":2,\"name\":\"Dedicated Desk\"}]},{\"@type\":\"WebSite\",\"@id\":\"https:\\\/\\\/smartcoworking.ad\\\/fr\\\/#website\",\"url\":\"https:\\\/\\\/smartcoworking.ad\\\/fr\\\/\",\"name\":\"SMART Coworking\",\"description\":\"Coworking Spaces in Andorra\",\"potentialAction\":[{\"@type\":\"SearchAction\",\"target\":{\"@type\":\"EntryPoint\",\"urlTemplate\":\"https:\\\/\\\/smartcoworking.ad\\\/fr\\\/?s={search_term_string}\"},\"query-input\":{\"@type\":\"PropertyValueSpecification\",\"valueRequired\":true,\"valueName\":\"search_term_string\"}}],\"inLanguage\":\"fr-FR\"}]}<\/script>\n<!-- \/ Yoast SEO plugin. -->","yoast_head_json":{"title":"SMART Coworking Andorra Dedicated Desk","description":"Votre espace de travail fixe id\u00e9al \u00e0 Andorre-la-Vieille. Espace de travail r\u00e9serv\u00e9, Enregistrement de la soci\u00e9t\u00e9, Prix tout compris","robots":{"index":"index","follow":"follow","max-snippet":"max-snippet:-1","max-image-preview":"max-image-preview:large","max-video-preview":"max-video-preview:-1"},"canonical":"https:\/\/smartcoworking.ad\/fr\/bureau-dedie\/","og_locale":"fr_FR","og_type":"article","og_title":"SMART Coworking Andorra Dedicated Desk","og_description":"Votre espace de travail fixe id\u00e9al \u00e0 Andorre-la-Vieille. Espace de travail r\u00e9serv\u00e9, Enregistrement de la soci\u00e9t\u00e9, Prix tout compris","og_url":"https:\/\/smartcoworking.ad\/fr\/bureau-dedie\/","og_site_name":"SMART Coworking","article_publisher":"https:\/\/www.facebook.com\/smartexecutiveandorra","article_modified_time":"2025-04-25T13:47:07+00:00","twitter_card":"summary_large_image","twitter_site":"@smart_exe_and","twitter_misc":{"Dur\u00e9e de lecture estim\u00e9e":"5 minutes"},"schema":{"@context":"https:\/\/schema.org","@graph":[{"@type":"WebPage","@id":"https:\/\/smartcoworking.ad\/fr\/bureau-dedie\/","url":"https:\/\/smartcoworking.ad\/fr\/bureau-dedie\/","name":"SMART Coworking Andorra Dedicated Desk","isPartOf":{"@id":"https:\/\/smartcoworking.ad\/fr\/#website"},"datePublished":"2024-10-14T09:47:34+00:00","dateModified":"2025-04-25T13:47:07+00:00","description":"Votre espace de travail fixe id\u00e9al \u00e0 Andorre-la-Vieille. Espace de travail r\u00e9serv\u00e9, Enregistrement de la soci\u00e9t\u00e9, Prix tout compris","breadcrumb":{"@id":"https:\/\/smartcoworking.ad\/fr\/bureau-dedie\/#breadcrumb"},"inLanguage":"fr-FR","potentialAction":[{"@type":"ReadAction","target":["https:\/\/smartcoworking.ad\/fr\/bureau-dedie\/"]}]},{"@type":"BreadcrumbList","@id":"https:\/\/smartcoworking.ad\/fr\/bureau-dedie\/#breadcrumb","itemListElement":[{"@type":"ListItem","position":1,"name":"Maison","item":"https:\/\/smartcoworking.ad\/fr\/"},{"@type":"ListItem","position":2,"name":"Dedicated Desk"}]},{"@type":"WebSite","@id":"https:\/\/smartcoworking.ad\/fr\/#website","url":"https:\/\/smartcoworking.ad\/fr\/","name":"SMART Coworking","description":"Coworking Spaces in Andorra","potentialAction":[{"@type":"SearchAction","target":{"@type":"EntryPoint","urlTemplate":"https:\/\/smartcoworking.ad\/fr\/?s={search_term_string}"},"query-input":{"@type":"PropertyValueSpecification","valueRequired":true,"valueName":"search_term_string"}}],"inLanguage":"fr-FR"}]}},"_links":{"self":[{"href":"https:\/\/smartcoworking.ad\/fr\/wp-json\/wp\/v2\/pages\/13061","targetHints":{"allow":["GET"]}}],"collection":[{"href":"https:\/\/smartcoworking.ad\/fr\/wp-json\/wp\/v2\/pages"}],"about":[{"href":"https:\/\/smartcoworking.ad\/fr\/wp-json\/wp\/v2\/types\/page"}],"author":[{"embeddable":true,"href":"https:\/\/smartcoworking.ad\/fr\/wp-json\/wp\/v2\/users\/2"}],"replies":[{"embeddable":true,"href":"https:\/\/smartcoworking.ad\/fr\/wp-json\/wp\/v2\/comments?post=13061"}],"version-history":[{"count":14,"href":"https:\/\/smartcoworking.ad\/fr\/wp-json\/wp\/v2\/pages\/13061\/revisions"}],"predecessor-version":[{"id":14317,"href":"https:\/\/smartcoworking.ad\/fr\/wp-json\/wp\/v2\/pages\/13061\/revisions\/14317"}],"wp:attachment":[{"href":"https:\/\/smartcoworking.ad\/fr\/wp-json\/wp\/v2\/media?parent=13061"}],"curies":[{"name":"wp","href":"https:\/\/api.w.org\/{rel}","templated":true}]}}