{"id":13073,"date":"2024-10-14T11:49:11","date_gmt":"2024-10-14T09:49:11","guid":{"rendered":"https:\/\/smartcoworking.ad\/siege-social-de-lentreprise\/"},"modified":"2025-04-25T13:43:29","modified_gmt":"2025-04-25T13:43:29","slug":"siege-social-de-lentreprise","status":"publish","type":"page","link":"https:\/\/smartcoworking.ad\/fr\/siege-social-de-lentreprise\/","title":{"rendered":"Si\u00e8ge social de l&rsquo;entreprise"},"content":{"rendered":"<p>[vc_section css=\u00a0\u00bb.vc_custom_1729492603255{margin-top: 60px !important;}\u00a0\u00bb][vc_row][vc_column]<div class=\"heading  default align-center transform-default icon-type-hidden   vc_custom_1745501190073 heading-tag-h4\" id=\"like_sc_header_1605136997\"><h4 class=\"header ltx-sr-id-like_sc_header_16051369971371992141 ltx-sr ltx-sr-effect-fade_in ltx-sr-el-block ltx-sr-delay-0 ltx-sr-duration-1000 ltx-sr-sequences-0\">Domiciliation d'entreprise - <span>Andorre-la-Vieille<\/span><\/h4><\/div>[vc_separator color=\u00a0\u00bbcustom\u00a0\u00bb border_width=\u00a0\u00bb3&Prime; el_width=\u00a0\u00bb10&Prime; accent_color=\u00a0\u00bb#800d20&Prime;][\/vc_column][\/vc_row][\/vc_section][vc_section full_width=\u00a0\u00bbstretch_row\u00a0\u00bb css=\u00a0\u00bb.vc_custom_1739984510205{margin-top: 40px !important;margin-bottom: 40px !important;}\u00a0\u00bb][vc_row gap=\u00a0\u00bb30&Prime; equal_height=\u00a0\u00bbyes\u00a0\u00bb content_placement=\u00a0\u00bbmiddle\u00a0\u00bb][vc_column width=\u00a0\u00bb1\/2&Prime;][vc_custom_heading text=\u00a0\u00bbQu&rsquo;est-ce que la domiciliation d&rsquo;entreprise ?\u00a0\u00bb font_container=\u00a0\u00bbtag:h6|text_align:left\u00a0\u00bb use_theme_fonts=\u00a0\u00bbyes\u00a0\u00bb][vc_column_text]La domiciliation d&rsquo;entreprise est une option tr\u00e8s populaire pour r\u00e9duire les co\u00fbts fixes d&rsquo;une entreprise tout en b\u00e9n\u00e9ficiant d&rsquo;une adresse prestigieuse.<\/p>\n<p>Elle est \u00e9galement appr\u00e9ci\u00e9e par les entrepreneurs qui travaillent \u00e0 domicile et ne souhaitent pas communiquer leur adresse priv\u00e9e \u00e0 leurs clients.<\/p>\n<p>L&rsquo;adresse de votre si\u00e8ge social peut \u00eatre un \u00e9l\u00e9ment que vos futurs collaborateurs et clients prendront en compte et ne doit donc pas \u00eatre n\u00e9glig\u00e9e.[\/vc_column_text][vc_custom_heading text=\u00a0\u00bbQue comprend une domiciliation d&rsquo;entreprise ?\u00a0\u00bb font_container=\u00a0\u00bbtag:h6|text_align:left\u00a0\u00bb use_theme_fonts=\u00a0\u00bbyes\u00a0\u00bb css=\u00a0\u00bb.vc_custom_1729492710727{margin-top: 20px !important;}\u00a0\u00bb][vc_column_text]Une adresse pour votre si\u00e8ge social que vous pouvez communiquer sur vos documents et cartes de visite. De cette mani\u00e8re, le coworking collecte votre courrier professionnel et vous le transmet si n\u00e9cessaire.<\/p>\n<p>Vous pouvez \u00e9galement acc\u00e9der aux autres services du coworking \u00e0 un prix r\u00e9duit et opter \u00e0 tout moment pour une offre plus large, comme le bureau virtuel.[\/vc_column_text][\/vc_column][vc_column width=\u00a0\u00bb1\/2&Prime; css=\u00a0\u00bb.vc_custom_1729682859271{background-image: url(https:\/\/smartcoworking.ad\/wp-content\/uploads\/2024\/10\/despacho-privado-1-escritorio.jpg?id=10563) !important;background-position: center !important;background-repeat: no-repeat !important;background-size: cover !important;}\u00a0\u00bb][vc_empty_space height=\u00a0\u00bb100px\u00a0\u00bb][\/vc_column][\/vc_row][\/vc_section][vc_section][vc_row][vc_column]<div class=\"heading  default align-center transform-default icon-type-hidden   vc_custom_1743090840055 heading-tag-h4\" id=\"like_sc_header_2110132132\"><h4 class=\"header ltx-sr-id-like_sc_header_21101321322127472542 ltx-sr ltx-sr-effect-fade_in ltx-sr-el-block ltx-sr-delay-0 ltx-sr-duration-1000 ltx-sr-sequences-0\">Les avantages de la domiciliation d'entreprise<\/h4><\/div>[vc_separator color=\u00a0\u00bbcustom\u00a0\u00bb border_width=\u00a0\u00bb3&Prime; el_width=\u00a0\u00bb10&Prime; accent_color=\u00a0\u00bb#421a1a\u00a0\u00bb][\/vc_column][\/vc_row][\/vc_section][vc_row css=\u00a0\u00bb.vc_custom_1729494526859{padding-top: 40px !important;padding-bottom: 60px !important;}\u00a0\u00bb][vc_column]<ul class=\"ltx-block-icon  andorra-comapny-page has-descr  icons-count-3 align-left ltx-icon-color-main ltx-icon-size-default ltx-header-color-black ltx-icon-type-circle ltx-bg-color-transparent layout-cols3 ltx-icon-ht-right  row centered\"  id=\"like_sc_block_icon_1234887947\"><li class=\" col-lg-4 col-md-4 col-sm-4 col-ms-4 col-xs-12\" ><div  data-mh=\"ltx-block-icon-in-1036\" class=\"in matchHeight\"><span class=\"ltx-icon fas fa-briefcase bg-transparent\" data-mh=\"ltx-icon-span-like_sc_block_icon_1234887947\"><\/span><div class=\"block-right\"> <h5 class=\"header\"> Business address <\/h5> <div class=\"descr\">Establish your company in the center of the capital of Andorra at a minimum price.<\/div><\/div><\/div><\/li><li class=\" col-lg-4 col-md-4 col-sm-4 col-ms-4 col-xs-12\" ><div  data-mh=\"ltx-block-icon-in-1036\" class=\"in matchHeight\"><span class=\"ltx-icon icon-graphic-design bg-transparent\" data-mh=\"ltx-icon-span-like_sc_block_icon_1234887947\"><\/span><div class=\"block-right\"> <h5 class=\"header\"> Access to a wide range of offers <\/h5> <div class=\"descr\">Take advantage of exceptional rates for renting a meeting room or an office. At any time you can choose to upgrade to a superior virtual office offer.<\/div><\/div><\/div><\/li><li class=\" col-lg-4 col-md-4 col-sm-4 col-ms-4 col-xs-12 \" ><div  data-mh=\"ltx-block-icon-in-1036\" class=\"in matchHeight\"><span class=\"ltx-icon icon-message bg-transparent\" data-mh=\"ltx-icon-span-like_sc_block_icon_1234887947\"><\/span><div class=\"block-right\"> <h5 class=\"header\"> Mail management <\/h5> <div class=\"descr\">Address your mail to SMART Coworking. You will then have the option to pick it up or have it forwarded by email or to another address.<\/div><\/div><\/div><\/li><\/ul>[vc_btn title=\u00a0\u00bbR\u00e9servez maintenant\u00a0\u00bb style=\u00a0\u00bbcustom\u00a0\u00bb custom_background=\u00a0\u00bb#880015&Prime; custom_text=\u00a0\u00bb#ffffff\u00a0\u00bb shape=\u00a0\u00bbsquare\u00a0\u00bb align=\u00a0\u00bbcenter\u00a0\u00bb i_icon_fontawesome=\u00a0\u00bbfar fa-hand-point-right\u00a0\u00bb add_icon=\u00a0\u00bbtrue\u00a0\u00bb css=\u00a0\u00bb.vc_custom_1732801907198{margin-top: 30px !important;}\u00a0\u00bb link=\u00a0\u00bburl:https%3A%2F%2Fsmartcoworking.ad%2Ffr%2Fcontact%2F|target:_blank|\u00a0\u00bb][\/vc_column][\/vc_row][vc_section disable_element=\u00a0\u00bbyes\u00a0\u00bb css=\u00a0\u00bb.vc_custom_1737565572916{margin-top: 0px !important;}\u00a0\u00bb][vc_row][vc_column]<div class=\"heading  default align-center transform-default icon-type-hidden   vc_custom_1729658560013 heading-tag-h4\" id=\"like_sc_header_1562401650\"><h4 class=\"header ltx-sr-id-like_sc_header_15624016502025088855 ltx-sr ltx-sr-effect-fade_in ltx-sr-el-block ltx-sr-delay-0 ltx-sr-duration-1000 ltx-sr-sequences-0\">SMART Coworking <span>- Business Center<\/span><\/h4><\/div>[vc_separator color=\u00a0\u00bbcustom\u00a0\u00bb border_width=\u00a0\u00bb3&Prime; el_width=\u00a0\u00bb10&Prime; accent_color=\u00a0\u00bb#800d20&Prime;][\/vc_column][\/vc_row][\/vc_section][vc_row disable_element=\u00a0\u00bbyes\u00a0\u00bb css=\u00a0\u00bb.vc_custom_1737565480051{margin-top: 40px !important;}\u00a0\u00bb][vc_column][vc_gallery type=\u00a0\u00bbnivo\u00a0\u00bb interval=\u00a0\u00bb3&Prime; images=\u00a0\u00bb10567,10566,10565,10564,10420,10563,10419,10418&Prime; img_size=\u00a0\u00bblarge\u00a0\u00bb][\/vc_column][\/vc_row][vc_section css=\u00a0\u00bb.vc_custom_1729495763703{margin-top: 60px !important;margin-bottom: 60px !important;}\u00a0\u00bb][vc_row gap=\u00a0\u00bb25&Prime; equal_height=\u00a0\u00bbyes\u00a0\u00bb content_placement=\u00a0\u00bbmiddle\u00a0\u00bb][vc_column width=\u00a0\u00bb1\/2&Prime;][vc_custom_heading text=\u00a0\u00bbSMART Coworking\u00a0\u00bb font_container=\u00a0\u00bbtag:h2|font_size:32px|text_align:left|color:%23880015&Prime; use_theme_fonts=\u00a0\u00bbyes\u00a0\u00bb][vc_custom_heading text=\u00a0\u00bbQui peut faire appel au service de domiciliation ?\u00a0\u00bb font_container=\u00a0\u00bbtag:h6|text_align:left\u00a0\u00bb use_theme_fonts=\u00a0\u00bbyes\u00a0\u00bb css=\u00a0\u00bb.vc_custom_1729687312116{margin-top: 20px !important;}\u00a0\u00bb][vc_column_text]<\/p>\n<ul>\n<li>Ce service peut \u00eatre souscrit par toute entreprise ou entrepreneur physiquement \u00e9tabli en Andorre.<\/li>\n<\/ul>\n<p>[\/vc_column_text][vc_custom_heading text=\u00a0\u00bbAttention\u00a0\u00bb font_container=\u00a0\u00bbtag:h6|text_align:left\u00a0\u00bb use_theme_fonts=\u00a0\u00bbyes\u00a0\u00bb css=\u00a0\u00bb.vc_custom_1729687217055{margin-top: 30px !important;}\u00a0\u00bb][vc_column_text]<\/p>\n<ul>\n<li>Si vous exercez une activit\u00e9 commerciale, la loi andorrane exige que vous disposiez d&rsquo;un bureau physique. Votre bureau doit \u00e9galement disposer d&rsquo;un contrat d&rsquo;\u00e9lectricit\u00e9 et de maintenance des extincteurs au nom de l&rsquo;entreprise.<\/li>\n<li>Chez SMART Coworking, nous proposons deux solutions pour r\u00e9pondre \u00e0 ces exigences l\u00e9gales : un <strong>bureau priv\u00e9 <\/strong>ou un <strong>Dedicated Desk<\/strong> dans notre espace de coworking. Les deux options sont conformes \u00e0 la r\u00e9glementation andorrane et vous permettent de b\u00e9n\u00e9ficier d&rsquo;un espace de travail professionnel et d&rsquo;acc\u00e9der \u00e0 tous nos services.<\/li>\n<li>Si vous n&rsquo;avez pas encore de bureau physique, nous vous invitons \u00e0 d\u00e9couvrir nos offres de <a href=\"https:\/\/smartcoworking.ad\/fr\/bureau-prive\/\">bureaux priv\u00e9s<\/a> ou de <a href=\"https:\/\/smartcoworking.ad\/fr\/bureau-dedie\/\">Dedicated Desk<\/a>.<\/li>\n<\/ul>\n<p>[\/vc_column_text][vc_custom_heading text=\u00a0\u00bbTarifs de domiciliation d&rsquo;entreprise chez SMART Coworking\u00a0\u00bb font_container=\u00a0\u00bbtag:h6|text_align:left\u00a0\u00bb use_theme_fonts=\u00a0\u00bbyes\u00a0\u00bb css=\u00a0\u00bb.vc_custom_1730987570387{margin-top: 30px !important;}\u00a0\u00bb][vc_column_text]<\/p>\n<ul>\n<li>La localisation et la qualit\u00e9 des installations rendent les tarifs de domiciliation de nos entreprises tr\u00e8s comp\u00e9titifs. Vous pouvez opter pour un contrat de 6 mois ou 1 an renouvelable.<\/li>\n<\/ul>\n<p>[\/vc_column_text][\/vc_column][vc_column width=\u00a0\u00bb1\/2&Prime;][vc_single_image image=\u00a0\u00bb10380&Prime; img_size=\u00a0\u00bbfull\u00a0\u00bb alignment=\u00a0\u00bbcenter\u00a0\u00bb style=\u00a0\u00bbvc_box_shadow_3d\u00a0\u00bb][\/vc_column][\/vc_row][\/vc_section][vc_section full_width=\u00a0\u00bbstretch_row\u00a0\u00bb css=\u00a0\u00bb.vc_custom_1729755310700{background-color: #dddddd !important;}\u00a0\u00bb][vc_row content_placement=\u00a0\u00bbmiddle\u00a0\u00bb css=\u00a0\u00bb.vc_custom_1729755330660{padding-top: 0px !important;padding-bottom: 50px !important;}\u00a0\u00bb][vc_column width=\u00a0\u00bb1\/2&Prime;][vc_custom_heading text=\u00a0\u00bbContrat de domiciliation d&rsquo;entreprise<br \/>\nAndorre-la-Vieille\u00a0\u00bb font_container=\u00a0\u00bbtag:h2|font_size:32px|text_align:left|color:%23880015&Prime; use_theme_fonts=\u00a0\u00bbyes\u00a0\u00bb css=\u00a0\u00bb.vc_custom_1729755319868{margin-top: 0px !important;}\u00a0\u00bb][vc_custom_heading text=\u00a0\u00bbA partir de 25 \u20ac\/mois\u00a0\u00bb font_container=\u00a0\u00bbtag:h2|font_size:32px|text_align:left\u00a0\u00bb use_theme_fonts=\u00a0\u00bbyes\u00a0\u00bb css=\u00a0\u00bb.vc_custom_1729584100906{margin-top: 0px !important;}\u00a0\u00bb][vc_column_text]<\/p>\n<ul>\n<li><span style=\"color: #000000;\">Si\u00e8ge social et adresse fiscale.<\/span><\/li>\n<li><span style=\"color: #000000;\">Utilisation de l&rsquo;adresse sur vos documents et cartes<\/span><\/li>\n<li><span style=\"color: #000000;\">R\u00e9ception de la correspondance<\/span><\/li>\n<li><span style=\"color: #000000;\">Notification imm\u00e9diate par email de votre courrier express, courrier recommand\u00e9 et service de messagerie (30 par mois)<\/span><\/li>\n<li><span style=\"color: #000000;\">Location de salle de r\u00e9union \u00e0 tarif r\u00e9duit<\/span><\/li>\n<li><span style=\"color: #000000;\">Wi-Fi dans les salles de r\u00e9union \/ espaces communs<\/span><\/li>\n<li><strong>Non \u00e9ligible au registre du commerce.<\/strong><\/li>\n<\/ul>\n<p>[\/vc_column_text][vc_btn title=\u00a0\u00bbR\u00e9servez maintenant\u00a0\u00bb style=\u00a0\u00bbcustom\u00a0\u00bb custom_background=\u00a0\u00bb#880015&Prime; custom_text=\u00a0\u00bb#ffffff\u00a0\u00bb shape=\u00a0\u00bbsquare\u00a0\u00bb align=\u00a0\u00bbleft\u00a0\u00bb i_icon_fontawesome=\u00a0\u00bbfar fa-hand-point-right\u00a0\u00bb add_icon=\u00a0\u00bbtrue\u00a0\u00bb css=\u00a0\u00bb.vc_custom_1732801921086{margin-top: 30px !important;}\u00a0\u00bb link=\u00a0\u00bburl:https%3A%2F%2Fsmartcoworking.ad%2Ffr%2Fcontact%2F|target:_blank|\u00a0\u00bb][\/vc_column][vc_column width=\u00a0\u00bb1\/2&Prime;][vc_gmaps link=\u00a0\u00bb#E-8_JTNDaWZyYW1lJTIwc3JjJTNEJTIyaHR0cHMlM0ElMkYlMkZ3d3cuZ29vZ2xlLmNvbSUyRm1hcHMlMkZlbWJlZCUzRnBiJTNEJTIxMW0xOCUyMTFtMTIlMjExbTMlMjExZDI5NDEuMjcyMDQwMjc4MTYyJTIxMmQxLjUxNjE5NDk3NDk3Nzc0MjglMjEzZDQyLjUwNzAyNjUyNTgwNTY1JTIxMm0zJTIxMWYwJTIxMmYwJTIxM2YwJTIxM20yJTIxMWkxMDI0JTIxMmk3NjglMjE0ZjEzLjElMjEzbTMlMjExbTIlMjExczB4MTJhNWY1MmM4NTFhN2EzYiUyNTNBMHg5MThlZjUzZTVmYmQ4MTViJTIxMnNTbWFydCUyNTIwQ293b3JraW5nJTIxNWUwJTIxM20yJTIxMXNlbiUyMTJzaW4lMjE0djE3MjkwNzc2MDA1MTUlMjE1bTIlMjExc2VuJTIxMnNpbiUyMiUyMHdpZHRoJTNEJTIyNjAwJTIyJTIwaGVpZ2h0JTNEJTIyNDUwJTIyJTIwc3R5bGUlM0QlMjJib3JkZXIlM0EwJTNCJTIyJTIwYWxsb3dmdWxsc2NyZWVuJTNEJTIyJTIyJTIwbG9hZGluZyUzRCUyMmxhenklMjIlMjByZWZlcnJlcnBvbGljeSUzRCUyMm5vLXJlZmVycmVyLXdoZW4tZG93bmdyYWRlJTIyJTNFJTNDJTJGaWZyYW1lJTNF\u00a0\u00bb el_class=\u00a0\u00bbandorra-padding-top\u00a0\u00bb][\/vc_column][\/vc_row][\/vc_section]<\/p>\n","protected":false},"excerpt":{"rendered":"<p>[vc_section css=\u00a0\u00bb.vc_custom_1729492603255{margin-top: 60px !important;}\u00a0\u00bb][vc_row][vc_column][vc_separator color=\u00a0\u00bbcustom\u00a0\u00bb border_width=\u00a0\u00bb3&Prime; el_width=\u00a0\u00bb10&Prime; accent_color=\u00a0\u00bb#800d20&Prime;][\/vc_column][\/vc_row][\/vc_section][vc_section full_width=\u00a0\u00bbstretch_row\u00a0\u00bb css=\u00a0\u00bb.vc_custom_1739984510205{margin-top: 40px !important;margin-bottom: 40px !important;}\u00a0\u00bb][vc_row gap=\u00a0\u00bb30&Prime; equal_height=\u00a0\u00bbyes\u00a0\u00bb content_placement=\u00a0\u00bbmiddle\u00a0\u00bb][vc_column width=\u00a0\u00bb1\/2&Prime;][vc_custom_heading text=\u00a0\u00bbQu&rsquo;est-ce que la domiciliation d&rsquo;entreprise ?\u00a0\u00bb font_container=\u00a0\u00bbtag:h6|text_align:left\u00a0\u00bb use_theme_fonts=\u00a0\u00bbyes\u00a0\u00bb][vc_column_text]La domiciliation d&rsquo;entreprise est une option tr\u00e8s populaire pour r\u00e9duire les co\u00fbts fixes d&rsquo;une entreprise tout en b\u00e9n\u00e9ficiant d&rsquo;une adresse prestigieuse. Elle est \u00e9galement appr\u00e9ci\u00e9e par les entrepreneurs qui travaillent \u00e0 domicile et ne souhaitent pas communiquer leur adresse priv\u00e9e \u00e0 leurs clients. L&rsquo;adresse de votre si\u00e8ge social peut \u00eatre un \u00e9l\u00e9ment que vos futurs collaborateurs et clients prendront en compte et ne doit donc pas \u00eatre n\u00e9glig\u00e9e.[\/vc_column_text][vc_custom_heading text=\u00a0\u00bbQue comprend une domiciliation d&rsquo;entreprise ?\u00a0\u00bb font_container=\u00a0\u00bbtag:h6|text_align:left\u00a0\u00bb use_theme_fonts=\u00a0\u00bbyes\u00a0\u00bb css=\u00a0\u00bb.vc_custom_1729492710727{margin-top: 20px !important;}\u00a0\u00bb][vc_column_text]Une adresse pour votre si\u00e8ge social que vous pouvez communiquer sur vos documents et cartes de visite. [&hellip;]<\/p>\n","protected":false},"author":2,"featured_media":0,"parent":0,"menu_order":0,"comment_status":"closed","ping_status":"closed","template":"page-templates\/full-width.php","meta":{"_acf_changed":false,"_coblocks_attr":"","_coblocks_dimensions":"","_coblocks_responsive_height":"","_coblocks_accordion_ie_support":"","footnotes":""},"class_list":["post-13073","page","type-page","status-publish","hentry"],"acf":[],"yoast_head":"<!-- This site is optimized with the Yoast SEO plugin v27.4 - https:\/\/yoast.com\/product\/yoast-seo-wordpress\/ -->\n<title>SMART Coworking Andorra Domiciliation d&#039;entreprise<\/title>\n<meta name=\"description\" content=\"Domiciliation d&#039;entreprise option tr\u00e8s populaire pour r\u00e9duire co\u00fbts fixes d&#039;une entreprise, tout en b\u00e9n\u00e9ficiant d&#039;une adresse prestigieuse.\" \/>\n<meta name=\"robots\" content=\"index, follow, max-snippet:-1, max-image-preview:large, max-video-preview:-1\" \/>\n<link rel=\"canonical\" href=\"https:\/\/smartcoworking.ad\/fr\/siege-social-de-lentreprise\/\" \/>\n<meta property=\"og:locale\" content=\"fr_FR\" \/>\n<meta property=\"og:type\" content=\"article\" \/>\n<meta property=\"og:title\" content=\"SMART Coworking Andorra Domiciliation d&#039;entreprise\" \/>\n<meta property=\"og:description\" content=\"Domiciliation d&#039;entreprise option tr\u00e8s populaire pour r\u00e9duire co\u00fbts fixes d&#039;une entreprise, tout en b\u00e9n\u00e9ficiant d&#039;une adresse prestigieuse.\" \/>\n<meta property=\"og:url\" content=\"https:\/\/smartcoworking.ad\/fr\/siege-social-de-lentreprise\/\" \/>\n<meta property=\"og:site_name\" content=\"SMART Coworking\" \/>\n<meta property=\"article:publisher\" content=\"https:\/\/www.facebook.com\/smartexecutiveandorra\" \/>\n<meta property=\"article:modified_time\" content=\"2025-04-25T13:43:29+00:00\" \/>\n<meta name=\"twitter:card\" content=\"summary_large_image\" \/>\n<meta name=\"twitter:site\" content=\"@smart_exe_and\" \/>\n<meta name=\"twitter:label1\" content=\"Dur\u00e9e de lecture estim\u00e9e\" \/>\n\t<meta name=\"twitter:data1\" content=\"3 minutes\" \/>\n<script type=\"application\/ld+json\" class=\"yoast-schema-graph\">{\"@context\":\"https:\\\/\\\/schema.org\",\"@graph\":[{\"@type\":\"WebPage\",\"@id\":\"https:\\\/\\\/smartcoworking.ad\\\/fr\\\/siege-social-de-lentreprise\\\/\",\"url\":\"https:\\\/\\\/smartcoworking.ad\\\/fr\\\/siege-social-de-lentreprise\\\/\",\"name\":\"SMART Coworking Andorra Domiciliation d'entreprise\",\"isPartOf\":{\"@id\":\"https:\\\/\\\/smartcoworking.ad\\\/fr\\\/#website\"},\"datePublished\":\"2024-10-14T09:49:11+00:00\",\"dateModified\":\"2025-04-25T13:43:29+00:00\",\"description\":\"Domiciliation d'entreprise option tr\u00e8s populaire pour r\u00e9duire co\u00fbts fixes d'une entreprise, tout en b\u00e9n\u00e9ficiant d'une adresse prestigieuse.\",\"breadcrumb\":{\"@id\":\"https:\\\/\\\/smartcoworking.ad\\\/fr\\\/siege-social-de-lentreprise\\\/#breadcrumb\"},\"inLanguage\":\"fr-FR\",\"potentialAction\":[{\"@type\":\"ReadAction\",\"target\":[\"https:\\\/\\\/smartcoworking.ad\\\/fr\\\/siege-social-de-lentreprise\\\/\"]}]},{\"@type\":\"BreadcrumbList\",\"@id\":\"https:\\\/\\\/smartcoworking.ad\\\/fr\\\/siege-social-de-lentreprise\\\/#breadcrumb\",\"itemListElement\":[{\"@type\":\"ListItem\",\"position\":1,\"name\":\"Maison\",\"item\":\"https:\\\/\\\/smartcoworking.ad\\\/fr\\\/\"},{\"@type\":\"ListItem\",\"position\":2,\"name\":\"Si\u00e8ge social de l&#8217;entreprise\"}]},{\"@type\":\"WebSite\",\"@id\":\"https:\\\/\\\/smartcoworking.ad\\\/fr\\\/#website\",\"url\":\"https:\\\/\\\/smartcoworking.ad\\\/fr\\\/\",\"name\":\"SMART Coworking\",\"description\":\"Coworking Spaces in Andorra\",\"potentialAction\":[{\"@type\":\"SearchAction\",\"target\":{\"@type\":\"EntryPoint\",\"urlTemplate\":\"https:\\\/\\\/smartcoworking.ad\\\/fr\\\/?s={search_term_string}\"},\"query-input\":{\"@type\":\"PropertyValueSpecification\",\"valueRequired\":true,\"valueName\":\"search_term_string\"}}],\"inLanguage\":\"fr-FR\"}]}<\/script>\n<!-- \/ Yoast SEO plugin. -->","yoast_head_json":{"title":"SMART Coworking Andorra Domiciliation d'entreprise","description":"Domiciliation d'entreprise option tr\u00e8s populaire pour r\u00e9duire co\u00fbts fixes d'une entreprise, tout en b\u00e9n\u00e9ficiant d'une adresse prestigieuse.","robots":{"index":"index","follow":"follow","max-snippet":"max-snippet:-1","max-image-preview":"max-image-preview:large","max-video-preview":"max-video-preview:-1"},"canonical":"https:\/\/smartcoworking.ad\/fr\/siege-social-de-lentreprise\/","og_locale":"fr_FR","og_type":"article","og_title":"SMART Coworking Andorra Domiciliation d'entreprise","og_description":"Domiciliation d'entreprise option tr\u00e8s populaire pour r\u00e9duire co\u00fbts fixes d'une entreprise, tout en b\u00e9n\u00e9ficiant d'une adresse prestigieuse.","og_url":"https:\/\/smartcoworking.ad\/fr\/siege-social-de-lentreprise\/","og_site_name":"SMART Coworking","article_publisher":"https:\/\/www.facebook.com\/smartexecutiveandorra","article_modified_time":"2025-04-25T13:43:29+00:00","twitter_card":"summary_large_image","twitter_site":"@smart_exe_and","twitter_misc":{"Dur\u00e9e de lecture estim\u00e9e":"3 minutes"},"schema":{"@context":"https:\/\/schema.org","@graph":[{"@type":"WebPage","@id":"https:\/\/smartcoworking.ad\/fr\/siege-social-de-lentreprise\/","url":"https:\/\/smartcoworking.ad\/fr\/siege-social-de-lentreprise\/","name":"SMART Coworking Andorra Domiciliation d'entreprise","isPartOf":{"@id":"https:\/\/smartcoworking.ad\/fr\/#website"},"datePublished":"2024-10-14T09:49:11+00:00","dateModified":"2025-04-25T13:43:29+00:00","description":"Domiciliation d'entreprise option tr\u00e8s populaire pour r\u00e9duire co\u00fbts fixes d'une entreprise, tout en b\u00e9n\u00e9ficiant d'une adresse prestigieuse.","breadcrumb":{"@id":"https:\/\/smartcoworking.ad\/fr\/siege-social-de-lentreprise\/#breadcrumb"},"inLanguage":"fr-FR","potentialAction":[{"@type":"ReadAction","target":["https:\/\/smartcoworking.ad\/fr\/siege-social-de-lentreprise\/"]}]},{"@type":"BreadcrumbList","@id":"https:\/\/smartcoworking.ad\/fr\/siege-social-de-lentreprise\/#breadcrumb","itemListElement":[{"@type":"ListItem","position":1,"name":"Maison","item":"https:\/\/smartcoworking.ad\/fr\/"},{"@type":"ListItem","position":2,"name":"Si\u00e8ge social de l&#8217;entreprise"}]},{"@type":"WebSite","@id":"https:\/\/smartcoworking.ad\/fr\/#website","url":"https:\/\/smartcoworking.ad\/fr\/","name":"SMART Coworking","description":"Coworking Spaces in Andorra","potentialAction":[{"@type":"SearchAction","target":{"@type":"EntryPoint","urlTemplate":"https:\/\/smartcoworking.ad\/fr\/?s={search_term_string}"},"query-input":{"@type":"PropertyValueSpecification","valueRequired":true,"valueName":"search_term_string"}}],"inLanguage":"fr-FR"}]}},"_links":{"self":[{"href":"https:\/\/smartcoworking.ad\/fr\/wp-json\/wp\/v2\/pages\/13073","targetHints":{"allow":["GET"]}}],"collection":[{"href":"https:\/\/smartcoworking.ad\/fr\/wp-json\/wp\/v2\/pages"}],"about":[{"href":"https:\/\/smartcoworking.ad\/fr\/wp-json\/wp\/v2\/types\/page"}],"author":[{"embeddable":true,"href":"https:\/\/smartcoworking.ad\/fr\/wp-json\/wp\/v2\/users\/2"}],"replies":[{"embeddable":true,"href":"https:\/\/smartcoworking.ad\/fr\/wp-json\/wp\/v2\/comments?post=13073"}],"version-history":[{"count":20,"href":"https:\/\/smartcoworking.ad\/fr\/wp-json\/wp\/v2\/pages\/13073\/revisions"}],"predecessor-version":[{"id":14314,"href":"https:\/\/smartcoworking.ad\/fr\/wp-json\/wp\/v2\/pages\/13073\/revisions\/14314"}],"wp:attachment":[{"href":"https:\/\/smartcoworking.ad\/fr\/wp-json\/wp\/v2\/media?parent=13073"}],"curies":[{"name":"wp","href":"https:\/\/api.w.org\/{rel}","templated":true}]}}