{"id":13102,"date":"2024-10-14T11:49:25","date_gmt":"2024-10-14T09:49:25","guid":{"rendered":"https:\/\/smartcoworking.ad\/bureau-virtuel\/"},"modified":"2026-04-16T12:34:58","modified_gmt":"2026-04-16T10:34:58","slug":"bureau-virtuel","status":"publish","type":"page","link":"https:\/\/smartcoworking.ad\/fr\/bureau-virtuel\/","title":{"rendered":"Bureau Virtuel"},"content":{"rendered":"<p>[vc_section][vc_row][vc_column]<div class=\"heading  default align-center transform-default icon-type-hidden heading-tag-h4\" id=\"like_sc_header_1353749807\"><h4 class=\"header ltx-sr-id-like_sc_header_135374980745669473 ltx-sr ltx-sr-effect-fade_in ltx-sr-el-block ltx-sr-delay-0 ltx-sr-duration-1000 ltx-sr-sequences-0\">Bureau Virtuel - <span>Andorre-la-Vieille<\/span><\/h4><\/div>[vc_separator color=\u00a0\u00bbcustom\u00a0\u00bb border_width=\u00a0\u00bb3&Prime; el_width=\u00a0\u00bb10&Prime; accent_color=\u00a0\u00bb#800d20&Prime;]<div class=\"es-resp\">\t<div class=\"visible-xl\" style=\"height: 64px;\"><\/div>\t<div class=\"hidden-xl hidden-md hidden-sm hidden-ms hidden-xs\" style=\"height: 64px;\"><\/div>\t<div class=\"visible-md\" style=\"height: 64px;\"><\/div>\t<div class=\"visible-sm \" style=\"height: 64px;\"><\/div>\t<div class=\"visible-ms\" style=\"height: 32px;\"><\/div>\t<div class=\"visible-xs\" style=\"height: 32px;\"><\/div><\/div>[vc_column_text]Un bureau virtuel vous permet de disposer d&rsquo;une adresse professionnelle, tout comme la domiciliation d&rsquo;une entreprise, mais avec l&rsquo;avantage suppl\u00e9mentaire d&rsquo;un acc\u00e8s mensuel \u00e0 des salles de r\u00e9union pour recevoir des clients et des fournisseurs. Cette option vous permet d&rsquo;enregistrer votre entreprise, mais pas votre licence commerciale.[\/vc_column_text][\/vc_column][\/vc_row][\/vc_section][vc_section css=\u00a0\u00bb.vc_custom_1729502367698{margin-top: 60px !important;}\u00a0\u00bb][vc_row][vc_column]<div class=\"heading  default align-center transform-default icon-type-hidden   vc_custom_1745501259367 heading-tag-h4\" id=\"like_sc_header_1553947309\"><h4 class=\"header ltx-sr-id-like_sc_header_15539473091884306328 ltx-sr ltx-sr-effect-fade_in ltx-sr-el-block ltx-sr-delay-0 ltx-sr-duration-1000 ltx-sr-sequences-0\">Les avantages d'un Bureau Virtuel<\/h4><\/div>[vc_separator color=\u00a0\u00bbcustom\u00a0\u00bb border_width=\u00a0\u00bb3&Prime; el_width=\u00a0\u00bb10&Prime; accent_color=\u00a0\u00bb#800d20&Prime;][\/vc_column][\/vc_row][\/vc_section][vc_row css=\u00a0\u00bb.vc_custom_1729503867410{margin-top: 40px !important;}\u00a0\u00bb][vc_column]<ul class=\"ltx-block-icon  andorra-comapny-page has-descr  icons-count-4 align-center ltx-icon-color-main ltx-icon-size-default ltx-header-color-default ltx-icon-type-circle ltx-bg-color-transparent layout-cols4 ltx-icon-top  row centered\"  id=\"like_sc_block_icon_114103125\"><li class=\" col-lg-3 col-md-6 col-sm-6 col-ms-12 col-xs-12\" ><div  data-mh=\"ltx-block-icon-in-1944\" class=\"in matchHeight\"><span class=\"ltx-icon far fa-gem bg-transparent\" data-mh=\"ltx-icon-span-like_sc_block_icon_114103125\"><\/span> <h6 class=\"header\"> Image de l'entreprise <\/h6> <div class=\"descr\">Pour que vos clients et vos fournisseurs vous consid\u00e8rent comme une entreprise consolid\u00e9e.<\/div><\/div><\/li><li class=\" col-lg-3 col-md-6 col-sm-6 col-ms-12 col-xs-12\" ><div  data-mh=\"ltx-block-icon-in-1944\" class=\"in matchHeight\"><span class=\"ltx-icon fas fa-euro-sign bg-transparent\" data-mh=\"ltx-icon-span-like_sc_block_icon_114103125\"><\/span> <h6 class=\"header\"> Abordabilit\u00e9 <\/h6> <div class=\"descr\">En optant pour un bureau virtuel, vous pouvez conserver votre entreprise \u00e0 domicile et b\u00e9n\u00e9ficier d'installations haut de gamme en cas de besoin. R\u00e9duire vos co\u00fbts fixes sans nuire \u00e0 votre r\u00e9putation.<\/div><\/div><\/li><li class=\" col-lg-3 col-md-6 col-sm-6 col-ms-12 col-xs-12\" ><div  data-mh=\"ltx-block-icon-in-1944\" class=\"in matchHeight\"><span class=\"ltx-icon icon-cabinet bg-transparent\" data-mh=\"ltx-icon-span-like_sc_block_icon_114103125\"><\/span> <h6 class=\"header\"> Flexibilit\u00e9 <\/h6> <div class=\"descr\">Pas de frais d'adh\u00e9sion ni de contrat \u00e0 long terme. Vous adaptez l'offre \u00e0 vos besoins.<\/div><\/div><\/li><li class=\" col-lg-3 col-md-6 col-sm-6 col-ms-12 col-xs-12\" ><div  data-mh=\"ltx-block-icon-in-1944\" class=\"in matchHeight\"><span class=\"ltx-icon icon-printer bg-transparent\" data-mh=\"ltx-icon-span-like_sc_block_icon_114103125\"><\/span> <h6 class=\"header\"> Acc\u00e8s \u00e0 un large \u00e9ventail d'offres <\/h6> <div class=\"descr\">Profitez de tarifs exceptionnels pour acc\u00e9der \u00e0 l'espace de coworking ou am\u00e9liorez votre forfait d'heures de salle de r\u00e9union. Vous pouvez \u00e9galement faire appel \u00e0 notre service d'assistant administratif.<\/div><\/div><\/li><\/ul>[vc_btn title=\u00a0\u00bbJe souhaite recevoir plus d&rsquo;informations\u00a0\u00bb style=\u00a0\u00bbcustom\u00a0\u00bb custom_background=\u00a0\u00bb#800d20&Prime; custom_text=\u00a0\u00bb#ffffff\u00a0\u00bb align=\u00a0\u00bbcenter\u00a0\u00bb i_icon_fontawesome=\u00a0\u00bbfar fa-arrow-alt-circle-right\u00a0\u00bb add_icon=\u00a0\u00bbtrue\u00a0\u00bb link=\u00a0\u00bburl:https%3A%2F%2Fsmartcoworking.ad%2Ffr%2Fcontact%2F|target:_blank|\u00a0\u00bb][\/vc_column][\/vc_row][vc_section css=\u00a0\u00bb.vc_custom_1729505854881{margin-top: 60px !important;margin-bottom: 60px !important;}\u00a0\u00bb][vc_row][vc_column][vc_tta_tabs alignment=\u00a0\u00bbcenter\u00a0\u00bb active_section=\u00a0\u00bb1&Prime;][vc_tta_section title=\u00a0\u00bbBureau virtuel Basic\u00a0\u00bb tab_id=\u00a0\u00bb1729505870523-474fd387-fc27&Prime;][vc_column_text]<\/p>\n<h6>Bureau virtuel Basic<\/h6>\n<div class=\"content-sub-title\">\n<p>\u00c0 partir de <span class=\"content-price\" style=\"font-size: 18px;\">50<\/span><span class=\"content-currency\" style=\"font-size: 18px;\">\u20ac<\/span> <span class=\"content-duration\" style=\"font-size: 18px;\">HT<\/span><\/p>\n<p style=\"text-align: left;\">\u2713 Si\u00e8ge social et adresse fiscale<\/p>\n<p>\u2713 2 heures de salle de r\u00e9union par mois incluses<\/p>\n<p style=\"text-align: left;\">\u2713 Utilisation de l&rsquo;adresse sur vos documents et cartes<\/p>\n<p style=\"text-align: left;\">\u2713 R\u00e9ception de la correspondance<\/p>\n<p style=\"text-align: left;\">\u2713 Notification imm\u00e9diate par e-mail de votre service de courrier express, recommand\u00e9 et colis<\/p>\n<p style=\"text-align: left;\">\u2713 Acc\u00e8s au coworking et \u00e0 d&rsquo;autres services exclusifs de SMART Coworking \u00e0 un prix r\u00e9duit<\/p>\n<p>Ne convient pas aux fins du registre du commerce<\/p>\n<\/div>\n<p>[\/vc_column_text][\/vc_tta_section][vc_tta_section title=\u00a0\u00bbBureau virtuel avanc\u00e9\u00a0\u00bb tab_id=\u00a0\u00bb1729505870523-fc773db4-b767&Prime;][vc_column_text]<\/p>\n<h6>Bureau virtuel Advanced<\/h6>\n<div class=\"content-sub-title\">\n<p>\u00c0 partir de <span class=\"content-price\" style=\"font-size: 18px;\">80<\/span><span class=\"content-currency\" style=\"font-size: 18px;\">\u20ac <\/span><span class=\"content-duration\" style=\"font-size: 18px;\">HT<\/span><\/p>\n<p style=\"text-align: left;\">\u2713 Si\u00e8ge social et adresse fiscale<\/p>\n<p>\u2713 4 heures de salle de r\u00e9union par mois incluses<\/p>\n<p style=\"text-align: left;\">\u2713 Utilisation de l&rsquo;adresse sur vos documents et cartes<\/p>\n<p style=\"text-align: left;\">\u2713 R\u00e9ception de la correspondance<\/p>\n<p style=\"text-align: left;\">\u2713 Notification imm\u00e9diate par e-mail de votre service de courrier express, recommand\u00e9 et colis<\/p>\n<p style=\"text-align: left;\">\u2713 Acc\u00e8s au coworking et autres services exclusifs SMART Coworking \u00e0 prix r\u00e9duit<\/p>\n<p>Ne convient pas aux fins du registre du commerce<\/p>\n<\/div>\n<p>[\/vc_column_text][\/vc_tta_section][\/vc_tta_tabs][\/vc_column][\/vc_row][\/vc_section][vc_section][vc_row][vc_column]<div class=\"heading  default align-center transform-default icon-type-hidden heading-tag-h4\" id=\"like_sc_header_1907634087\"><h4 class=\"header ltx-sr-id-like_sc_header_19076340871020660009 ltx-sr ltx-sr-effect-fade_in ltx-sr-el-block ltx-sr-delay-0 ltx-sr-duration-1000 ltx-sr-sequences-0\">SMART Coworking <span>Business Center<\/span><\/h4><\/div>[\/vc_column][\/vc_row][\/vc_section][vc_section full_width=\u00a0\u00bbstretch_row\u00a0\u00bb css=\u00a0\u00bb.vc_custom_1729745352385{margin-top: 0px !important;background-color: #f9f9f9 !important;}\u00a0\u00bb][vc_row gap=\u00a0\u00bb25&Prime; equal_height=\u00a0\u00bbyes\u00a0\u00bb css=\u00a0\u00bb.vc_custom_1729745384976{padding-top: 40px !important;padding-bottom: 40px !important;}\u00a0\u00bb][vc_column width=\u00a0\u00bb1\/2&Prime; el_class=\u00a0\u00bbandorra-home-col1&Prime;][vc_single_image image=\u00a0\u00bb12752&Prime; img_size=\u00a0\u00bbfull\u00a0\u00bb style=\u00a0\u00bbvc_box_outline\u00a0\u00bb][\/vc_column][vc_column width=\u00a0\u00bb1\/2&Prime; el_class=\u00a0\u00bbandorra-home-col2&Prime;]<div class=\"heading  default align-left transform-default icon-type-hidden heading-tag-h4\" id=\"like_sc_header_917138118\"><h4 class=\"header ltx-sr-id-like_sc_header_9171381181107346460 ltx-sr ltx-sr-effect-fade_in ltx-sr-el-block ltx-sr-delay-0 ltx-sr-duration-1000 ltx-sr-sequences-0\">Demandez votre bureau virtuel \u00e0 SMART Coworking<\/h4><\/div>[vc_separator color=\u00a0\u00bbcustom\u00a0\u00bb align=\u00a0\u00bbalign_left\u00a0\u00bb border_width=\u00a0\u00bb3&Prime; el_width=\u00a0\u00bb10&Prime; accent_color=\u00a0\u00bb#800d20&Prime;][vc_column_text css=\u00a0\u00bb.vc_custom_1776335692310{margin-top: 20px !important;}\u00a0\u00bb]Une fois que vous aurez enregistr\u00e9 votre compte client chez nous, vous pourrez acc\u00e9der \u00e0 tous nos services depuis notre centre d&rsquo;affaires en <strong>Andorre.<\/strong> Par exemple, vous pouvez louer un espace de travail pour pr\u00e9parer une r\u00e9union ou r\u00e9server un bureau d\u00e9di\u00e9.[\/vc_column_text][\/vc_column][\/vc_row][vc_row gap=\u00a0\u00bb25&Prime; equal_height=\u00a0\u00bbyes\u00a0\u00bb][vc_column width=\u00a0\u00bb1\/2&Prime; el_class=\u00a0\u00bbandorra-home-col2&Prime;]<div class=\"heading  default align-left transform-default icon-type-hidden heading-tag-h4\" id=\"like_sc_header_1754181645\"><h4 class=\"header ltx-sr-id-like_sc_header_175418164537442946 ltx-sr ltx-sr-effect-fade_in ltx-sr-el-block ltx-sr-delay-0 ltx-sr-duration-1000 ltx-sr-sequences-0\">R\u00e9servation de salles de r\u00e9union - <span>Bureau virtuel<\/span><\/h4><\/div>[vc_separator color=\u00a0\u00bbcustom\u00a0\u00bb align=\u00a0\u00bbalign_left\u00a0\u00bb border_width=\u00a0\u00bb3&Prime; el_width=\u00a0\u00bb10&Prime; accent_color=\u00a0\u00bb#800d20&Prime;][vc_column_text css=\u00a0\u00bb.vc_custom_1729505242195{margin-top: 20px !important;}\u00a0\u00bb]Le contrat de bureau virtuel vous donne acc\u00e8s \u00e0 un forfait d&rsquo;heures mensuelles incluses. Vous avez la possibilit\u00e9 de modifier ce contrat \u00e0 tout moment selon vos besoins.<\/p>\n<p>Pour r\u00e9server une salle de r\u00e9union, contactez-nous simplement. <strong>Nous vous recommandons de r\u00e9server \u00e0 l&rsquo;avance<\/strong> pour garantir la disponibilit\u00e9 des chambres.[\/vc_column_text][\/vc_column][vc_column width=\u00a0\u00bb1\/2&Prime; el_class=\u00a0\u00bbandorra-home-col1&Prime;][vc_single_image image=\u00a0\u00bb12597&Prime; img_size=\u00a0\u00bbfull\u00a0\u00bb style=\u00a0\u00bbvc_box_outline\u00a0\u00bb][\/vc_column][\/vc_row][vc_row gap=\u00a0\u00bb25&Prime; equal_height=\u00a0\u00bbyes\u00a0\u00bb content_placement=\u00a0\u00bbmiddle\u00a0\u00bb css=\u00a0\u00bb.vc_custom_1729509735581{margin-top: 20px !important;padding-bottom: 60px !important;}\u00a0\u00bb][vc_column width=\u00a0\u00bb1\/2&Prime; el_class=\u00a0\u00bbandorra-home-col1&Prime;][vc_single_image image=\u00a0\u00bb12592&Prime; img_size=\u00a0\u00bbfull\u00a0\u00bb style=\u00a0\u00bbvc_box_outline\u00a0\u00bb][\/vc_column][vc_column width=\u00a0\u00bb1\/2&Prime; el_class=\u00a0\u00bbandorra-home-col2&Prime;]<div class=\"heading  default align-left transform-default icon-type-hidden heading-tag-h4\" id=\"like_sc_header_1645784156\"><h4 class=\"header ltx-sr-id-like_sc_header_164578415675424834 ltx-sr ltx-sr-effect-fade_in ltx-sr-el-block ltx-sr-delay-0 ltx-sr-duration-1000 ltx-sr-sequences-0\">Tarifs des bureaux virtuels au SMART Coworking<\/h4><\/div>[vc_separator color=\u00a0\u00bbcustom\u00a0\u00bb align=\u00a0\u00bbalign_left\u00a0\u00bb border_width=\u00a0\u00bb3&Prime; el_width=\u00a0\u00bb10&Prime; accent_color=\u00a0\u00bb#800d20&Prime;][vc_column_text css=\u00a0\u00bb.vc_custom_1739985809553{margin-top: 20px !important;}\u00a0\u00bb]<\/p>\n<div class=\"kc-elm kc-css-101774 kc_text_block\">\n<p>L&#8217;emplacement et la qualit\u00e9 des installations rendent les tarifs de nos bureaux virtuels <strong>tr\u00e8s comp\u00e9titifs<\/strong>. Les contrats sont flexibles en fonction de vos besoins et vont de 6 mois \u00e0 2 ans.<\/p>\n<\/div>\n<p>[\/vc_column_text][\/vc_column][\/vc_row][\/vc_section][vc_row css=\u00a0\u00bb.vc_custom_1729510240716{margin-top: 40px !important;}\u00a0\u00bb][vc_column][vc_tta_accordion active_section=\u00a0\u00bb1&Prime;][vc_tta_section title=\u00a0\u00bbQu&rsquo;est-ce qu&rsquo;un bureau virtuel ?\u00a0\u00bb tab_id=\u00a0\u00bb1729501787020-40e61859-f9ce\u00a0\u00bb][vc_column_text]Le concept de bureau virtuel peut \u00eatre per\u00e7u diff\u00e9remment selon les pays. En Espagne comme en Andorre, le contrat de bureau virtuel pr\u00e9sente de nombreuses similitudes. Il permet aux SC de disposer d&rsquo;une adresse prestigieuse, sans avoir \u00e0 investir dans des locaux d\u00e9di\u00e9s. Vous b\u00e9n\u00e9ficierez \u00e9galement de services tels que la gestion du courrier et la r\u00e9ception de vos appels. Enfin, vous aurez acc\u00e8s aux installations du centre d&rsquo;affaires et \u00e0 d&rsquo;autres services tels qu&rsquo;un espace de coworking, des salles de r\u00e9union ou une assistance administrative.[\/vc_column_text][\/vc_tta_section][vc_tta_section title=\u00a0\u00bbQuels services sont inclus dans un bureau virtuel ?\u00a0\u00bb tab_id=\u00a0\u00bb1729501787028-815ce135-950d\u00a0\u00bb][vc_column_text]Chez SMART Coworking, les contrats de bureau virtuel sont adaptables \u00e0 vos besoins et comprennent :<\/p>\n<ul>\n<li>Adresse professionnelle en Andorre<\/li>\n<li>Utilisation de l&rsquo;adresse sur vos documents et cartes de visite<\/li>\n<li>R\u00e9ception de la correspondance<\/li>\n<li>Notification imm\u00e9diate par email de votre service courrier express, courrier certifi\u00e9 et colis<\/li>\n<li>Forfait d&rsquo;heures de salle de r\u00e9union par mois inclus<\/li>\n<li>Tarif r\u00e9duit pour les services et l&rsquo;espace de coworking<\/li>\n<li>Service t\u00e9l\u00e9phonique (facultatif)<\/li>\n<\/ul>\n<p>[\/vc_column_text][\/vc_tta_section][vc_tta_section title=\u00a0\u00bbQui peut b\u00e9n\u00e9ficier d&rsquo;un bureau virtuel ?\u00a0\u00bb tab_id=\u00a0\u00bb1729501820982-08220864-0ff1&Prime;][vc_column_text]<\/p>\n<div class=\"kc-elm kc-css-887125 kc_text_block\">\n<p>Un bureau virtuel offre une flexibilit\u00e9 et une gamme de services si large qu\u2019il peut int\u00e9resser tout type d\u2019entrepreneur. Ainsi, les personnes travaillant \u00e0 domicile, chez leurs clients ou en banlieue peuvent b\u00e9n\u00e9ficier d\u2019une image de marque sans augmenter leurs frais fixes. De mani\u00e8re g\u00e9n\u00e9rale, c&rsquo;est l&rsquo;alternative id\u00e9ale pour tout entrepreneur qui souhaite <strong>donner de la cr\u00e9dibilit\u00e9 \u00e0 son entreprise<\/strong>, sans avoir \u00e0 louer un local en centre-ville.<\/p>\n<\/div>\n<div class=\"kc-elm kc-css-556811 kc-title-wrap \"><\/div>\n<p>[\/vc_column_text][\/vc_tta_section][\/vc_tta_accordion][\/vc_column][\/vc_row][vc_section full_width=\u00a0\u00bbstretch_row\u00a0\u00bb bg_pos=\u00a0\u00bbcenter-top\u00a0\u00bb css=\u00a0\u00bb.vc_custom_1739985868488{margin-top: 0px !important;background-position: center !important;background-repeat: no-repeat !important;background-size: cover !important;}\u00a0\u00bb][vc_row][vc_column width=\u00a0\u00bb1\/4&Prime;][\/vc_column][vc_column width=\u00a0\u00bb1\/2&Prime;][vc_gallery type=\u00a0\u00bbflexslider_slide\u00a0\u00bb interval=\u00a0\u00bb3&Prime; images=\u00a0\u00bb12642,12647,12652,12687,12682,12677,12692,12667&Prime; img_size=\u00a0\u00bbfull\u00a0\u00bb][\/vc_column][vc_column width=\u00a0\u00bb1\/4&Prime;][\/vc_column][\/vc_row][\/vc_section]<\/p>\n","protected":false},"excerpt":{"rendered":"<p>[vc_section][vc_row][vc_column][vc_separator color=\u00a0\u00bbcustom\u00a0\u00bb border_width=\u00a0\u00bb3&Prime; el_width=\u00a0\u00bb10&Prime; accent_color=\u00a0\u00bb#800d20&Prime;][vc_column_text]Un bureau virtuel vous permet de disposer d&rsquo;une adresse professionnelle, tout comme la domiciliation d&rsquo;une entreprise, mais avec l&rsquo;avantage suppl\u00e9mentaire d&rsquo;un acc\u00e8s mensuel \u00e0 des salles de r\u00e9union pour recevoir des clients et des fournisseurs. Cette option vous permet d&rsquo;enregistrer votre entreprise, mais pas votre licence commerciale.[\/vc_column_text][\/vc_column][\/vc_row][\/vc_section][vc_section css=\u00a0\u00bb.vc_custom_1729502367698{margin-top: 60px !important;}\u00a0\u00bb][vc_row][vc_column][vc_separator color=\u00a0\u00bbcustom\u00a0\u00bb border_width=\u00a0\u00bb3&Prime; el_width=\u00a0\u00bb10&Prime; accent_color=\u00a0\u00bb#800d20&Prime;][\/vc_column][\/vc_row][\/vc_section][vc_row css=\u00a0\u00bb.vc_custom_1729503867410{margin-top: 40px !important;}\u00a0\u00bb][vc_column][vc_btn title=\u00a0\u00bbJe souhaite recevoir plus d&rsquo;informations\u00a0\u00bb style=\u00a0\u00bbcustom\u00a0\u00bb custom_background=\u00a0\u00bb#800d20&Prime; custom_text=\u00a0\u00bb#ffffff\u00a0\u00bb align=\u00a0\u00bbcenter\u00a0\u00bb i_icon_fontawesome=\u00a0\u00bbfar fa-arrow-alt-circle-right\u00a0\u00bb add_icon=\u00a0\u00bbtrue\u00a0\u00bb link=\u00a0\u00bburl:https%3A%2F%2Fsmartcoworking.ad%2Ffr%2Fcontact%2F|target:_blank|\u00a0\u00bb][\/vc_column][\/vc_row][vc_section css=\u00a0\u00bb.vc_custom_1729505854881{margin-top: 60px !important;margin-bottom: 60px !important;}\u00a0\u00bb][vc_row][vc_column][vc_tta_tabs alignment=\u00a0\u00bbcenter\u00a0\u00bb active_section=\u00a0\u00bb1&Prime;][vc_tta_section title=\u00a0\u00bbBureau virtuel Basic\u00a0\u00bb tab_id=\u00a0\u00bb1729505870523-474fd387-fc27&Prime;][vc_column_text] Bureau virtuel Basic \u00c0 partir de 50\u20ac HT \u2713 Si\u00e8ge social et adresse fiscale \u2713 2 heures de salle de r\u00e9union par mois incluses \u2713 Utilisation de l&rsquo;adresse sur vos documents et cartes \u2713 R\u00e9ception [&hellip;]<\/p>\n","protected":false},"author":2,"featured_media":0,"parent":0,"menu_order":0,"comment_status":"closed","ping_status":"closed","template":"page-templates\/full-width.php","meta":{"_acf_changed":false,"_coblocks_attr":"","_coblocks_dimensions":"","_coblocks_responsive_height":"","_coblocks_accordion_ie_support":"","footnotes":""},"class_list":["post-13102","page","type-page","status-publish","hentry"],"acf":[],"yoast_head":"<!-- This site is optimized with the Yoast SEO plugin v27.4 - https:\/\/yoast.com\/product\/yoast-seo-wordpress\/ -->\n<title>SMART Coworking Andorra Bureau Virtuel<\/title>\n<meta name=\"description\" content=\"Bureau virtuel vous permet disposer d&#039;une adresse professionnelle, avec l&#039;avantage suppl\u00e9mentaire d&#039;un acc\u00e8s mensuel \u00e0 salles de r\u00e9union.\" \/>\n<meta name=\"robots\" content=\"index, follow, max-snippet:-1, max-image-preview:large, max-video-preview:-1\" \/>\n<link rel=\"canonical\" href=\"https:\/\/smartcoworking.ad\/fr\/bureau-virtuel\/\" \/>\n<meta property=\"og:locale\" content=\"fr_FR\" \/>\n<meta property=\"og:type\" content=\"article\" \/>\n<meta property=\"og:title\" content=\"SMART Coworking Andorra Bureau Virtuel\" \/>\n<meta property=\"og:description\" content=\"Bureau virtuel vous permet disposer d&#039;une adresse professionnelle, avec l&#039;avantage suppl\u00e9mentaire d&#039;un acc\u00e8s mensuel \u00e0 salles de r\u00e9union.\" \/>\n<meta property=\"og:url\" content=\"https:\/\/smartcoworking.ad\/fr\/bureau-virtuel\/\" \/>\n<meta property=\"og:site_name\" content=\"SMART Coworking\" \/>\n<meta property=\"article:publisher\" content=\"https:\/\/www.facebook.com\/smartexecutiveandorra\" \/>\n<meta property=\"article:modified_time\" content=\"2026-04-16T10:34:58+00:00\" \/>\n<meta name=\"twitter:card\" content=\"summary_large_image\" \/>\n<meta name=\"twitter:site\" content=\"@smart_exe_and\" \/>\n<meta name=\"twitter:label1\" content=\"Dur\u00e9e de lecture estim\u00e9e\" \/>\n\t<meta name=\"twitter:data1\" content=\"7 minutes\" \/>\n<script type=\"application\/ld+json\" class=\"yoast-schema-graph\">{\"@context\":\"https:\\\/\\\/schema.org\",\"@graph\":[{\"@type\":\"WebPage\",\"@id\":\"https:\\\/\\\/smartcoworking.ad\\\/fr\\\/bureau-virtuel\\\/\",\"url\":\"https:\\\/\\\/smartcoworking.ad\\\/fr\\\/bureau-virtuel\\\/\",\"name\":\"SMART Coworking Andorra Bureau Virtuel\",\"isPartOf\":{\"@id\":\"https:\\\/\\\/smartcoworking.ad\\\/fr\\\/#website\"},\"datePublished\":\"2024-10-14T09:49:25+00:00\",\"dateModified\":\"2026-04-16T10:34:58+00:00\",\"description\":\"Bureau virtuel vous permet disposer d'une adresse professionnelle, avec l'avantage suppl\u00e9mentaire d'un acc\u00e8s mensuel \u00e0 salles de r\u00e9union.\",\"breadcrumb\":{\"@id\":\"https:\\\/\\\/smartcoworking.ad\\\/fr\\\/bureau-virtuel\\\/#breadcrumb\"},\"inLanguage\":\"fr-FR\",\"potentialAction\":[{\"@type\":\"ReadAction\",\"target\":[\"https:\\\/\\\/smartcoworking.ad\\\/fr\\\/bureau-virtuel\\\/\"]}]},{\"@type\":\"BreadcrumbList\",\"@id\":\"https:\\\/\\\/smartcoworking.ad\\\/fr\\\/bureau-virtuel\\\/#breadcrumb\",\"itemListElement\":[{\"@type\":\"ListItem\",\"position\":1,\"name\":\"Maison\",\"item\":\"https:\\\/\\\/smartcoworking.ad\\\/fr\\\/\"},{\"@type\":\"ListItem\",\"position\":2,\"name\":\"Bureau Virtuel\"}]},{\"@type\":\"WebSite\",\"@id\":\"https:\\\/\\\/smartcoworking.ad\\\/fr\\\/#website\",\"url\":\"https:\\\/\\\/smartcoworking.ad\\\/fr\\\/\",\"name\":\"SMART Coworking\",\"description\":\"Coworking Spaces in Andorra\",\"potentialAction\":[{\"@type\":\"SearchAction\",\"target\":{\"@type\":\"EntryPoint\",\"urlTemplate\":\"https:\\\/\\\/smartcoworking.ad\\\/fr\\\/?s={search_term_string}\"},\"query-input\":{\"@type\":\"PropertyValueSpecification\",\"valueRequired\":true,\"valueName\":\"search_term_string\"}}],\"inLanguage\":\"fr-FR\"}]}<\/script>\n<!-- \/ Yoast SEO plugin. -->","yoast_head_json":{"title":"SMART Coworking Andorra Bureau Virtuel","description":"Bureau virtuel vous permet disposer d'une adresse professionnelle, avec l'avantage suppl\u00e9mentaire d'un acc\u00e8s mensuel \u00e0 salles de r\u00e9union.","robots":{"index":"index","follow":"follow","max-snippet":"max-snippet:-1","max-image-preview":"max-image-preview:large","max-video-preview":"max-video-preview:-1"},"canonical":"https:\/\/smartcoworking.ad\/fr\/bureau-virtuel\/","og_locale":"fr_FR","og_type":"article","og_title":"SMART Coworking Andorra Bureau Virtuel","og_description":"Bureau virtuel vous permet disposer d'une adresse professionnelle, avec l'avantage suppl\u00e9mentaire d'un acc\u00e8s mensuel \u00e0 salles de r\u00e9union.","og_url":"https:\/\/smartcoworking.ad\/fr\/bureau-virtuel\/","og_site_name":"SMART Coworking","article_publisher":"https:\/\/www.facebook.com\/smartexecutiveandorra","article_modified_time":"2026-04-16T10:34:58+00:00","twitter_card":"summary_large_image","twitter_site":"@smart_exe_and","twitter_misc":{"Dur\u00e9e de lecture estim\u00e9e":"7 minutes"},"schema":{"@context":"https:\/\/schema.org","@graph":[{"@type":"WebPage","@id":"https:\/\/smartcoworking.ad\/fr\/bureau-virtuel\/","url":"https:\/\/smartcoworking.ad\/fr\/bureau-virtuel\/","name":"SMART Coworking Andorra Bureau Virtuel","isPartOf":{"@id":"https:\/\/smartcoworking.ad\/fr\/#website"},"datePublished":"2024-10-14T09:49:25+00:00","dateModified":"2026-04-16T10:34:58+00:00","description":"Bureau virtuel vous permet disposer d'une adresse professionnelle, avec l'avantage suppl\u00e9mentaire d'un acc\u00e8s mensuel \u00e0 salles de r\u00e9union.","breadcrumb":{"@id":"https:\/\/smartcoworking.ad\/fr\/bureau-virtuel\/#breadcrumb"},"inLanguage":"fr-FR","potentialAction":[{"@type":"ReadAction","target":["https:\/\/smartcoworking.ad\/fr\/bureau-virtuel\/"]}]},{"@type":"BreadcrumbList","@id":"https:\/\/smartcoworking.ad\/fr\/bureau-virtuel\/#breadcrumb","itemListElement":[{"@type":"ListItem","position":1,"name":"Maison","item":"https:\/\/smartcoworking.ad\/fr\/"},{"@type":"ListItem","position":2,"name":"Bureau Virtuel"}]},{"@type":"WebSite","@id":"https:\/\/smartcoworking.ad\/fr\/#website","url":"https:\/\/smartcoworking.ad\/fr\/","name":"SMART Coworking","description":"Coworking Spaces in Andorra","potentialAction":[{"@type":"SearchAction","target":{"@type":"EntryPoint","urlTemplate":"https:\/\/smartcoworking.ad\/fr\/?s={search_term_string}"},"query-input":{"@type":"PropertyValueSpecification","valueRequired":true,"valueName":"search_term_string"}}],"inLanguage":"fr-FR"}]}},"_links":{"self":[{"href":"https:\/\/smartcoworking.ad\/fr\/wp-json\/wp\/v2\/pages\/13102","targetHints":{"allow":["GET"]}}],"collection":[{"href":"https:\/\/smartcoworking.ad\/fr\/wp-json\/wp\/v2\/pages"}],"about":[{"href":"https:\/\/smartcoworking.ad\/fr\/wp-json\/wp\/v2\/types\/page"}],"author":[{"embeddable":true,"href":"https:\/\/smartcoworking.ad\/fr\/wp-json\/wp\/v2\/users\/2"}],"replies":[{"embeddable":true,"href":"https:\/\/smartcoworking.ad\/fr\/wp-json\/wp\/v2\/comments?post=13102"}],"version-history":[{"count":13,"href":"https:\/\/smartcoworking.ad\/fr\/wp-json\/wp\/v2\/pages\/13102\/revisions"}],"predecessor-version":[{"id":15412,"href":"https:\/\/smartcoworking.ad\/fr\/wp-json\/wp\/v2\/pages\/13102\/revisions\/15412"}],"wp:attachment":[{"href":"https:\/\/smartcoworking.ad\/fr\/wp-json\/wp\/v2\/media?parent=13102"}],"curies":[{"name":"wp","href":"https:\/\/api.w.org\/{rel}","templated":true}]}}