{"id":13288,"date":"2024-10-23T05:43:44","date_gmt":"2024-10-23T05:43:44","guid":{"rendered":"https:\/\/smartcoworking.ad\/politique-de-confidentialite\/"},"modified":"2025-04-29T15:28:39","modified_gmt":"2025-04-29T15:28:39","slug":"politique-de-confidentialite","status":"publish","type":"page","link":"https:\/\/smartcoworking.ad\/fr\/politique-de-confidentialite\/","title":{"rendered":"Politique de confidentialit\u00e9"},"content":{"rendered":"<p>[vc_row][vc_column][vc_custom_heading text=\u00a0\u00bbPolitique de confidentialit\u00e9 \u2013 Premi\u00e8re couche\u00a0\u00bb font_container=\u00a0\u00bbtag:h6|font_size:25px|text_align:left|color:%23323c4c\u00a0\u00bb google_fonts=\u00a0\u00bbfont_family:Roboto%3A100%2C100italic%2C300%2C300italic%2Cregular%2Citalic%2C500%2C500italic%2C700%2C700italic%2C900%2C900italic|font_style:500%20bold%20regular%3A500%3Anormal\u00a0\u00bb css=\u00a0\u00bb.vc_custom_1730727375040{margin-top: 2rem !important;margin-bottom: 1rem !important;}\u00a0\u00bb][\/vc_column][\/vc_row][vc_row][vc_column][vc_column_text]<\/p>\n<ul>\n<li><strong>Responsable<\/strong> : Smart Executive Centers Am, S.L.<\/li>\n<li><strong>Finalit\u00e9 <\/strong>: G\u00e9rer les consultations des UTILISATEURS du Site Internet.<\/li>\n<li><strong>Base juridique<\/strong> : Le consentement de l&rsquo;UTILISATEUR.<\/li>\n<li><strong>Cible<\/strong> : Vos donn\u00e9es ne seront pas transf\u00e9r\u00e9es.<\/li>\n<li><strong>Conservation<\/strong> : Dur\u00e9e l\u00e9gale maximale fix\u00e9e.<\/li>\n<li><strong>Droits des Int\u00e9ress\u00e9s<\/strong> : Acc\u00e9der, rectifier et supprimer les donn\u00e9es vous concernant, s&rsquo;opposer au traitement des donn\u00e9es, demander la limitation du traitement ou la portabilit\u00e9 des donn\u00e9es.<\/li>\n<\/ul>\n<p>[\/vc_column_text][\/vc_column][\/vc_row][vc_row][vc_column][vc_custom_heading text=\u00a0\u00bbPolitique de confidentialit\u00e9 \u2013 Deuxi\u00e8me couche\u00a0\u00bb font_container=\u00a0\u00bbtag:h6|font_size:25px|text_align:left|color:%23323c4c\u00a0\u00bb google_fonts=\u00a0\u00bbfont_family:Roboto%3A100%2C100italic%2C300%2C300italic%2Cregular%2Citalic%2C500%2C500italic%2C700%2C700italic%2C900%2C900italic|font_style:500%20bold%20regular%3A500%3Anormal\u00a0\u00bb css=\u00a0\u00bb.vc_custom_1729764544041{margin-top: 2rem !important;}\u00a0\u00bb][vc_custom_heading text=\u00a0\u00bbConform\u00e9ment aux dispositions de la loi 15\/2003 du 18 d\u00e9cembre, Loi qualifi\u00e9e sur la protection des donn\u00e9es (LQPD) et du r\u00e8glement de l&rsquo;Agence andorrane de protection des donn\u00e9es qui l&rsquo;\u00e9labore, ainsi que du r\u00e8glement (UE) 2016\/679 du Parlement europ\u00e9en et du Conseil, du 27 avril 2016, R\u00e8glement G\u00e9n\u00e9ral sur la Protection des Donn\u00e9es (RGPD), nous vous informons que vos donn\u00e9es personnelles collect\u00e9es via le \u00ab Formulaire de Contact \u00bb, ont \u00e9t\u00e9 incorpor\u00e9es dans les fichiers d\u00fbment enregistr\u00e9s aupr\u00e8s de l&rsquo;Agence Andorrane de Protection des Donn\u00e9es (APDA). , et seront trait\u00e9s par le responsable du traitement :\u00a0\u00bb font_container=\u00a0\u00bbtag:p|font_size:16px|text_align:left|color:%23000000&Prime; google_fonts=\u00a0\u00bbfont_family:Roboto%3A100%2C100italic%2C300%2C300italic%2Cregular%2Citalic%2C500%2C500italic%2C700%2C700italic%2C900%2C900italic|font_style:400%20regular%3A400%3Anormal\u00a0\u00bb][vc_custom_heading text=\u00a0\u00bb\u2013 Responsable du traitement : SMART EXECUTIVE CENTERS AM, S.L.\u00a0\u00bb font_container=\u00a0\u00bbtag:p|font_size:16px|text_align:left|color:%23000000&Prime; google_fonts=\u00a0\u00bbfont_family:Roboto%3A100%2C100italic%2C300%2C300italic%2Cregular%2Citalic%2C500%2C500italic%2C700%2C700italic%2C900%2C900italic|font_style:400%20regular%3A400%3Anormal\u00a0\u00bb][vc_column_text]<\/p>\n<ul>\n<li><strong>TRN<\/strong> : 712110-E<\/li>\n<li><strong>Adresse postale<\/strong> : C\/Pere d&rsquo;Urg 10, 5.<br \/>\n\u00c9difice Montducal (AD500) Andorre-la-Vieille, Principaut\u00e9 d&rsquo;Andorre.<\/li>\n<li><strong>Telephone number <\/strong>: (+376) 819 844<\/li>\n<li><strong>Adresse e-mail<\/strong> : <a href=\"mailto:info@smartcoworking.ad\">info@smartcoworking.ad<\/a><\/li>\n<\/ul>\n<p>[\/vc_column_text][vc_custom_heading text=\u00a0\u00bbVos donn\u00e9es seront trait\u00e9es afin de g\u00e9rer la demande et\/ou les requ\u00eates de l\u2019utilisateur. S&rsquo;il est n\u00e9cessaire de vous contacter, nous le ferons par email.\u00a0\u00bb font_container=\u00a0\u00bbtag:p|font_size:16px|text_align:left|color:%23000000&Prime; google_fonts=\u00a0\u00bbfont_family:Roboto%3A100%2C100italic%2C300%2C300italic%2Cregular%2Citalic%2C500%2C500italic%2C700%2C700italic%2C900%2C900italic|font_style:400%20regular%3A400%3Anormal\u00a0\u00bb css=\u00a0\u00bb.vc_custom_1729667649073{margin-top: 1rem !important;}\u00a0\u00bb][vc_custom_heading text=\u00a0\u00bbLe traitement de ces donn\u00e9es repose sur le consentement de l\u2019utilisateur. Vos donn\u00e9es ne seront pas transf\u00e9r\u00e9es \u00e0 des tiers sauf dans les cas o\u00f9 il existe une obligation l\u00e9gale de le faire. Les donn\u00e9es fournies seront conserv\u00e9es pendant une dur\u00e9e maximale de 12 mois.\u00a0\u00bb font_container=\u00a0\u00bbtag:p|font_size:16px|text_align:left|color:%23000000&Prime; google_fonts=\u00a0\u00bbfont_family:Roboto%3A100%2C100italic%2C300%2C300italic%2Cregular%2Citalic%2C500%2C500italic%2C700%2C700italic%2C900%2C900italic|font_style:400%20regular%3A400%3Anormal\u00a0\u00bb][vc_custom_heading text=\u00a0\u00bbVous \u00eates particuli\u00e8rement inform\u00e9 que SMART EXECUTIVE CENTERS AM, S.L. ne prend pas de d\u00e9cisions automatis\u00e9es sur ce type de donn\u00e9es.\u00a0\u00bb font_container=\u00a0\u00bbtag:p|font_size:16px|text_align:left|color:%23000000&Prime; google_fonts=\u00a0\u00bbfont_family:Roboto%3A100%2C100italic%2C300%2C300italic%2Cregular%2Citalic%2C500%2C500italic%2C700%2C700italic%2C900%2C900italic|font_style:400%20regular%3A400%3Anormal\u00a0\u00bb][vc_custom_heading text=\u00a0\u00bbDe m\u00eame, nous vous rappelons que vous disposez \u00e0 tout moment du droit d&rsquo;acc\u00e8s, de rectification et d&rsquo;annulation des donn\u00e9es vous concernant, ainsi que de vous opposer au traitement de ces donn\u00e9es dans les formes et dans les limites pr\u00e9vues par la loi, de demander la limitation. de la portabilit\u00e9 du traitement des donn\u00e9es, en contactant le responsable du traitement par e-mail \u00e0 info@executiveandorra.com. Il est rappel\u00e9 \u00e0 l&rsquo;utilisateur son droit de d\u00e9poser une plainte aupr\u00e8s de l&rsquo;Agence andorrane de protection des donn\u00e9es (ADPA) s&rsquo;il estime que l&rsquo;un de ses droits en vertu des dispositions l\u00e9gales en vigueur a \u00e9t\u00e9 viol\u00e9.\u00a0\u00bb font_container=\u00a0\u00bbtag:p|font_size:16px|text_align:left|color:%23000000&Prime; google_fonts=\u00a0\u00bbfont_family:Roboto%3A100%2C100italic%2C300%2C300italic%2Cregular%2Citalic%2C500%2C500italic%2C700%2C700italic%2C900%2C900italic|font_style:400%20regular%3A400%3Anormal\u00a0\u00bb][\/vc_column][\/vc_row]<\/p>\n","protected":false},"excerpt":{"rendered":"<p>[vc_row][vc_column][vc_custom_heading text=\u00a0\u00bbPolitique de confidentialit\u00e9 \u2013 Premi\u00e8re couche\u00a0\u00bb font_container=\u00a0\u00bbtag:h6|font_size:25px|text_align:left|color:%23323c4c\u00a0\u00bb google_fonts=\u00a0\u00bbfont_family:Roboto%3A100%2C100italic%2C300%2C300italic%2Cregular%2Citalic%2C500%2C500italic%2C700%2C700italic%2C900%2C900italic|font_style:500%20bold%20regular%3A500%3Anormal\u00a0\u00bb css=\u00a0\u00bb.vc_custom_1730727375040{margin-top: 2rem !important;margin-bottom: 1rem !important;}\u00a0\u00bb][\/vc_column][\/vc_row][vc_row][vc_column][vc_column_text] Responsable : Smart Executive Centers Am, S.L. Finalit\u00e9 : G\u00e9rer les consultations des UTILISATEURS du Site Internet. Base juridique : Le consentement de l&rsquo;UTILISATEUR. Cible : Vos donn\u00e9es ne seront pas transf\u00e9r\u00e9es. Conservation : Dur\u00e9e l\u00e9gale maximale fix\u00e9e. Droits des Int\u00e9ress\u00e9s : Acc\u00e9der, rectifier et supprimer les donn\u00e9es vous concernant, s&rsquo;opposer au traitement des donn\u00e9es, demander la limitation du traitement ou la portabilit\u00e9 des donn\u00e9es. [\/vc_column_text][\/vc_column][\/vc_row][vc_row][vc_column][vc_custom_heading text=\u00a0\u00bbPolitique de confidentialit\u00e9 \u2013 Deuxi\u00e8me couche\u00a0\u00bb font_container=\u00a0\u00bbtag:h6|font_size:25px|text_align:left|color:%23323c4c\u00a0\u00bb google_fonts=\u00a0\u00bbfont_family:Roboto%3A100%2C100italic%2C300%2C300italic%2Cregular%2Citalic%2C500%2C500italic%2C700%2C700italic%2C900%2C900italic|font_style:500%20bold%20regular%3A500%3Anormal\u00a0\u00bb css=\u00a0\u00bb.vc_custom_1729764544041{margin-top: 2rem !important;}\u00a0\u00bb][vc_custom_heading text=\u00a0\u00bbConform\u00e9ment aux dispositions de la loi 15\/2003 du 18 d\u00e9cembre, Loi qualifi\u00e9e sur la protection des donn\u00e9es (LQPD) et du r\u00e8glement de l&rsquo;Agence andorrane de protection des donn\u00e9es qui [&hellip;]<\/p>\n","protected":false},"author":2,"featured_media":0,"parent":0,"menu_order":0,"comment_status":"closed","ping_status":"closed","template":"page-templates\/full-width.php","meta":{"_acf_changed":false,"_coblocks_attr":"","_coblocks_dimensions":"","_coblocks_responsive_height":"","_coblocks_accordion_ie_support":"","footnotes":""},"class_list":["post-13288","page","type-page","status-publish","hentry"],"acf":[],"yoast_head":"<!-- This site is optimized with the Yoast SEO plugin v27.4 - https:\/\/yoast.com\/product\/yoast-seo-wordpress\/ -->\n<title>Politique de confidentialit\u00e9 - SMART Coworking<\/title>\n<meta name=\"robots\" content=\"index, follow, max-snippet:-1, max-image-preview:large, max-video-preview:-1\" \/>\n<link rel=\"canonical\" href=\"https:\/\/smartcoworking.ad\/fr\/politique-de-confidentialite\/\" \/>\n<meta property=\"og:locale\" content=\"fr_FR\" \/>\n<meta property=\"og:type\" content=\"article\" \/>\n<meta property=\"og:title\" content=\"Politique de confidentialit\u00e9 - SMART Coworking\" \/>\n<meta property=\"og:description\" content=\"[vc_row][vc_column][vc_custom_heading text=\u00a0\u00bbPolitique de confidentialit\u00e9 \u2013 Premi\u00e8re couche\u00a0\u00bb font_container=\u00a0\u00bbtag:h6|font_size:25px|text_align:left|color:%23323c4c\u00a0\u00bb google_fonts=\u00a0\u00bbfont_family:Roboto%3A100%2C100italic%2C300%2C300italic%2Cregular%2Citalic%2C500%2C500italic%2C700%2C700italic%2C900%2C900italic|font_style:500%20bold%20regular%3A500%3Anormal\u00a0\u00bb css=\u00a0\u00bb.vc_custom_1730727375040{margin-top: 2rem !important;margin-bottom: 1rem !important;}\u00a0\u00bb][\/vc_column][\/vc_row][vc_row][vc_column][vc_column_text] Responsable : Smart Executive Centers Am, S.L. Finalit\u00e9 : G\u00e9rer les consultations des UTILISATEURS du Site Internet. Base juridique : Le consentement de l&rsquo;UTILISATEUR. Cible : Vos donn\u00e9es ne seront pas transf\u00e9r\u00e9es. Conservation : Dur\u00e9e l\u00e9gale maximale fix\u00e9e. Droits des Int\u00e9ress\u00e9s : Acc\u00e9der, rectifier et supprimer les donn\u00e9es vous concernant, s&rsquo;opposer au traitement des donn\u00e9es, demander la limitation du traitement ou la portabilit\u00e9 des donn\u00e9es. [\/vc_column_text][\/vc_column][\/vc_row][vc_row][vc_column][vc_custom_heading text=\u00a0\u00bbPolitique de confidentialit\u00e9 \u2013 Deuxi\u00e8me couche\u00a0\u00bb font_container=\u00a0\u00bbtag:h6|font_size:25px|text_align:left|color:%23323c4c\u00a0\u00bb google_fonts=\u00a0\u00bbfont_family:Roboto%3A100%2C100italic%2C300%2C300italic%2Cregular%2Citalic%2C500%2C500italic%2C700%2C700italic%2C900%2C900italic|font_style:500%20bold%20regular%3A500%3Anormal\u00a0\u00bb css=\u00a0\u00bb.vc_custom_1729764544041{margin-top: 2rem !important;}\u00a0\u00bb][vc_custom_heading text=\u00a0\u00bbConform\u00e9ment aux dispositions de la loi 15\/2003 du 18 d\u00e9cembre, Loi qualifi\u00e9e sur la protection des donn\u00e9es (LQPD) et du r\u00e8glement de l&rsquo;Agence andorrane de protection des donn\u00e9es qui [&hellip;]\" \/>\n<meta property=\"og:url\" content=\"https:\/\/smartcoworking.ad\/fr\/politique-de-confidentialite\/\" \/>\n<meta property=\"og:site_name\" content=\"SMART Coworking\" \/>\n<meta property=\"article:publisher\" content=\"https:\/\/www.facebook.com\/smartexecutiveandorra\" \/>\n<meta property=\"article:modified_time\" content=\"2025-04-29T15:28:39+00:00\" \/>\n<meta name=\"twitter:card\" content=\"summary_large_image\" \/>\n<meta name=\"twitter:site\" content=\"@smart_exe_and\" \/>\n<meta name=\"twitter:label1\" content=\"Dur\u00e9e de lecture estim\u00e9e\" \/>\n\t<meta name=\"twitter:data1\" content=\"2 minutes\" \/>\n<script type=\"application\/ld+json\" class=\"yoast-schema-graph\">{\"@context\":\"https:\\\/\\\/schema.org\",\"@graph\":[{\"@type\":\"WebPage\",\"@id\":\"https:\\\/\\\/smartcoworking.ad\\\/fr\\\/politique-de-confidentialite\\\/\",\"url\":\"https:\\\/\\\/smartcoworking.ad\\\/fr\\\/politique-de-confidentialite\\\/\",\"name\":\"Politique de confidentialit\u00e9 - SMART Coworking\",\"isPartOf\":{\"@id\":\"https:\\\/\\\/smartcoworking.ad\\\/fr\\\/#website\"},\"datePublished\":\"2024-10-23T05:43:44+00:00\",\"dateModified\":\"2025-04-29T15:28:39+00:00\",\"breadcrumb\":{\"@id\":\"https:\\\/\\\/smartcoworking.ad\\\/fr\\\/politique-de-confidentialite\\\/#breadcrumb\"},\"inLanguage\":\"fr-FR\",\"potentialAction\":[{\"@type\":\"ReadAction\",\"target\":[\"https:\\\/\\\/smartcoworking.ad\\\/fr\\\/politique-de-confidentialite\\\/\"]}]},{\"@type\":\"BreadcrumbList\",\"@id\":\"https:\\\/\\\/smartcoworking.ad\\\/fr\\\/politique-de-confidentialite\\\/#breadcrumb\",\"itemListElement\":[{\"@type\":\"ListItem\",\"position\":1,\"name\":\"Maison\",\"item\":\"https:\\\/\\\/smartcoworking.ad\\\/fr\\\/\"},{\"@type\":\"ListItem\",\"position\":2,\"name\":\"Politique de confidentialit\u00e9\"}]},{\"@type\":\"WebSite\",\"@id\":\"https:\\\/\\\/smartcoworking.ad\\\/fr\\\/#website\",\"url\":\"https:\\\/\\\/smartcoworking.ad\\\/fr\\\/\",\"name\":\"SMART Coworking\",\"description\":\"Coworking Spaces in Andorra\",\"potentialAction\":[{\"@type\":\"SearchAction\",\"target\":{\"@type\":\"EntryPoint\",\"urlTemplate\":\"https:\\\/\\\/smartcoworking.ad\\\/fr\\\/?s={search_term_string}\"},\"query-input\":{\"@type\":\"PropertyValueSpecification\",\"valueRequired\":true,\"valueName\":\"search_term_string\"}}],\"inLanguage\":\"fr-FR\"}]}<\/script>\n<!-- \/ Yoast SEO plugin. -->","yoast_head_json":{"title":"Politique de confidentialit\u00e9 - SMART Coworking","robots":{"index":"index","follow":"follow","max-snippet":"max-snippet:-1","max-image-preview":"max-image-preview:large","max-video-preview":"max-video-preview:-1"},"canonical":"https:\/\/smartcoworking.ad\/fr\/politique-de-confidentialite\/","og_locale":"fr_FR","og_type":"article","og_title":"Politique de confidentialit\u00e9 - SMART Coworking","og_description":"[vc_row][vc_column][vc_custom_heading text=\u00a0\u00bbPolitique de confidentialit\u00e9 \u2013 Premi\u00e8re couche\u00a0\u00bb font_container=\u00a0\u00bbtag:h6|font_size:25px|text_align:left|color:%23323c4c\u00a0\u00bb google_fonts=\u00a0\u00bbfont_family:Roboto%3A100%2C100italic%2C300%2C300italic%2Cregular%2Citalic%2C500%2C500italic%2C700%2C700italic%2C900%2C900italic|font_style:500%20bold%20regular%3A500%3Anormal\u00a0\u00bb css=\u00a0\u00bb.vc_custom_1730727375040{margin-top: 2rem !important;margin-bottom: 1rem !important;}\u00a0\u00bb][\/vc_column][\/vc_row][vc_row][vc_column][vc_column_text] Responsable : Smart Executive Centers Am, S.L. Finalit\u00e9 : G\u00e9rer les consultations des UTILISATEURS du Site Internet. Base juridique : Le consentement de l&rsquo;UTILISATEUR. Cible : Vos donn\u00e9es ne seront pas transf\u00e9r\u00e9es. Conservation : Dur\u00e9e l\u00e9gale maximale fix\u00e9e. Droits des Int\u00e9ress\u00e9s : Acc\u00e9der, rectifier et supprimer les donn\u00e9es vous concernant, s&rsquo;opposer au traitement des donn\u00e9es, demander la limitation du traitement ou la portabilit\u00e9 des donn\u00e9es. [\/vc_column_text][\/vc_column][\/vc_row][vc_row][vc_column][vc_custom_heading text=\u00a0\u00bbPolitique de confidentialit\u00e9 \u2013 Deuxi\u00e8me couche\u00a0\u00bb font_container=\u00a0\u00bbtag:h6|font_size:25px|text_align:left|color:%23323c4c\u00a0\u00bb google_fonts=\u00a0\u00bbfont_family:Roboto%3A100%2C100italic%2C300%2C300italic%2Cregular%2Citalic%2C500%2C500italic%2C700%2C700italic%2C900%2C900italic|font_style:500%20bold%20regular%3A500%3Anormal\u00a0\u00bb css=\u00a0\u00bb.vc_custom_1729764544041{margin-top: 2rem !important;}\u00a0\u00bb][vc_custom_heading text=\u00a0\u00bbConform\u00e9ment aux dispositions de la loi 15\/2003 du 18 d\u00e9cembre, Loi qualifi\u00e9e sur la protection des donn\u00e9es (LQPD) et du r\u00e8glement de l&rsquo;Agence andorrane de protection des donn\u00e9es qui [&hellip;]","og_url":"https:\/\/smartcoworking.ad\/fr\/politique-de-confidentialite\/","og_site_name":"SMART Coworking","article_publisher":"https:\/\/www.facebook.com\/smartexecutiveandorra","article_modified_time":"2025-04-29T15:28:39+00:00","twitter_card":"summary_large_image","twitter_site":"@smart_exe_and","twitter_misc":{"Dur\u00e9e de lecture estim\u00e9e":"2 minutes"},"schema":{"@context":"https:\/\/schema.org","@graph":[{"@type":"WebPage","@id":"https:\/\/smartcoworking.ad\/fr\/politique-de-confidentialite\/","url":"https:\/\/smartcoworking.ad\/fr\/politique-de-confidentialite\/","name":"Politique de confidentialit\u00e9 - SMART Coworking","isPartOf":{"@id":"https:\/\/smartcoworking.ad\/fr\/#website"},"datePublished":"2024-10-23T05:43:44+00:00","dateModified":"2025-04-29T15:28:39+00:00","breadcrumb":{"@id":"https:\/\/smartcoworking.ad\/fr\/politique-de-confidentialite\/#breadcrumb"},"inLanguage":"fr-FR","potentialAction":[{"@type":"ReadAction","target":["https:\/\/smartcoworking.ad\/fr\/politique-de-confidentialite\/"]}]},{"@type":"BreadcrumbList","@id":"https:\/\/smartcoworking.ad\/fr\/politique-de-confidentialite\/#breadcrumb","itemListElement":[{"@type":"ListItem","position":1,"name":"Maison","item":"https:\/\/smartcoworking.ad\/fr\/"},{"@type":"ListItem","position":2,"name":"Politique de confidentialit\u00e9"}]},{"@type":"WebSite","@id":"https:\/\/smartcoworking.ad\/fr\/#website","url":"https:\/\/smartcoworking.ad\/fr\/","name":"SMART Coworking","description":"Coworking Spaces in Andorra","potentialAction":[{"@type":"SearchAction","target":{"@type":"EntryPoint","urlTemplate":"https:\/\/smartcoworking.ad\/fr\/?s={search_term_string}"},"query-input":{"@type":"PropertyValueSpecification","valueRequired":true,"valueName":"search_term_string"}}],"inLanguage":"fr-FR"}]}},"_links":{"self":[{"href":"https:\/\/smartcoworking.ad\/fr\/wp-json\/wp\/v2\/pages\/13288","targetHints":{"allow":["GET"]}}],"collection":[{"href":"https:\/\/smartcoworking.ad\/fr\/wp-json\/wp\/v2\/pages"}],"about":[{"href":"https:\/\/smartcoworking.ad\/fr\/wp-json\/wp\/v2\/types\/page"}],"author":[{"embeddable":true,"href":"https:\/\/smartcoworking.ad\/fr\/wp-json\/wp\/v2\/users\/2"}],"replies":[{"embeddable":true,"href":"https:\/\/smartcoworking.ad\/fr\/wp-json\/wp\/v2\/comments?post=13288"}],"version-history":[{"count":7,"href":"https:\/\/smartcoworking.ad\/fr\/wp-json\/wp\/v2\/pages\/13288\/revisions"}],"predecessor-version":[{"id":14329,"href":"https:\/\/smartcoworking.ad\/fr\/wp-json\/wp\/v2\/pages\/13288\/revisions\/14329"}],"wp:attachment":[{"href":"https:\/\/smartcoworking.ad\/fr\/wp-json\/wp\/v2\/media?parent=13288"}],"curies":[{"name":"wp","href":"https:\/\/api.w.org\/{rel}","templated":true}]}}