{"id":13303,"date":"2024-10-23T06:22:42","date_gmt":"2024-10-23T06:22:42","guid":{"rendered":"https:\/\/smartcoworking.ad\/politique-de-cookies\/"},"modified":"2024-11-18T14:02:01","modified_gmt":"2024-11-18T14:02:01","slug":"politique-de-cookies","status":"publish","type":"page","link":"https:\/\/smartcoworking.ad\/fr\/politique-de-cookies\/","title":{"rendered":"Politique de cookies"},"content":{"rendered":"<p>[vc_row][vc_column][vc_custom_heading text=\u00a0\u00bb1. D\u00e9finition des cookies\u00a0\u00bb font_container=\u00a0\u00bbtag:h5|font_size:25px|text_align:left|color:%23323c4c\u00a0\u00bb google_fonts=\u00a0\u00bbfont_family:Roboto%3A100%2C100italic%2C300%2C300italic%2Cregular%2Citalic%2C500%2C500italic%2C700%2C700italic%2C900%2C900italic|font_style:500%20bold%20regular%3A500%3Anormal\u00a0\u00bb css=\u00a0\u00bb.vc_custom_1729762189286{margin-top: 1.5rem !important;}\u00a0\u00bb][vc_custom_heading text=\u00a0\u00bbLes utilisateurs sont inform\u00e9s que ce site utilise des cookies. Un cookie est un fichier t\u00e9l\u00e9charg\u00e9 sur votre ordinateur lorsque vous acc\u00e9dez \u00e0 certaines pages Web. Les cookies permettent, entre autres, \u00e0 un site Web de stocker et de r\u00e9cup\u00e9rer des informations sur les habitudes de navigation de l&apos;utilisateur ou de son ordinateur et, en fonction des informations qu&apos;ils contiennent et de la mani\u00e8re dont votre ordinateur est utilis\u00e9, ils peuvent \u00eatre utilis\u00e9s pour reconna\u00eetre l&apos;utilisateur. .  \u00a0\u00bb font_container=\u00a0\u00bbtag:p|font_size:16px|text_align:left|color:%23000000&Prime; google_fonts=\u00a0\u00bbfont_family:Roboto%3A100%2C100italic%2C300%2C300italic%2Cregular%2Citalic%2C500%2C500italic%2C700%2C700italic%2C900%2C900italic|font_style:400%20regular%3A400%3Anormal\u00a0\u00bb][vc_custom_heading text=\u00a0\u00bb2. Types de cookies\u00a0\u00bb font_container=\u00a0\u00bbtag:h5|font_size:25px|text_align:left|color:%23323c4c\u00a0\u00bb google_fonts=\u00a0\u00bbfont_family:Roboto%3A100%2C100italic%2C300%2C300italic%2Cregular%2Citalic%2C500%2C500italic%2C700%2C700italic%2C900%2C900italic|font_style:500%20bold%20regular%3A500%3Anormal\u00a0\u00bb css=\u00a0\u00bb.vc_custom_1729762201996{margin-top: 0px !important;}\u00a0\u00bb][vc_column_text]<\/p>\n<ul>\n<li><strong data-rich-text-format-boundary=\"true\">Cookies de personnalisation de l&rsquo;interface utilisateur<\/strong> : Ce site Internet contient un cookie \u00ab pr\u00e9f\u00e9rence de langue \u00bb qui permet de m\u00e9moriser la langue s\u00e9lectionn\u00e9e. Ce type de cookie est souvent utilis\u00e9 sur les portails multilingues. <\/li>\n<li><strong>Cookies techniques <\/strong>: ce sont ceux qui permettent \u00e0 l&rsquo;utilisateur de naviguer sur le site Web ou l&rsquo;application et d&rsquo;utiliser les diff\u00e9rentes options ou services qui y existent. Par exemple, contr\u00f4ler le trafic et la communication des donn\u00e9es, identifier la session, acc\u00e9der aux composants WebPart \u00e0 acc\u00e8s restreint, m\u00e9moriser les \u00e9l\u00e9ments qui composent une commande, faire la demande d&rsquo;inscription ou de participation \u00e0 un \u00e9v\u00e9nement, utiliser les fonctionnalit\u00e9s de s\u00e9curit\u00e9 lors de la navigation et stocker du contenu pour la diffusion. des vid\u00e9os ou du son ou partager du contenu via les r\u00e9seaux sociaux. <\/li>\n<li><strong>Cookies d&rsquo;analyse<\/strong> : Il s&rsquo;agit de cookies qui permettent \u00e0 leur responsable de suivre et d&rsquo;analyser le comportement des utilisateurs des sites Internet auxquels ils sont li\u00e9s. Les informations collect\u00e9es via ce type de cookies sont utilis\u00e9es pour mesurer l&rsquo;activit\u00e9 des sites Internet, applications ou plateformes et pour l&rsquo;\u00e9laboration de profils de navigation des utilisateurs de ces sites, applications et plateformes, afin d&rsquo;introduire des am\u00e9liorations bas\u00e9es sur l&rsquo;analyse des donn\u00e9es d&rsquo;utilisation des utilisateurs du service. <\/li>\n<\/ul>\n<p>[\/vc_column_text][vc_custom_heading text=\u00a0\u00bb3. Informations sur les cookies\u00a0\u00bb font_container=\u00a0\u00bbtag:h5|font_size:25px|text_align:left|color:%23323c4c\u00a0\u00bb google_fonts=\u00a0\u00bbfont_family:Roboto%3A100%2C100italic%2C300%2C300italic%2Cregular%2Citalic%2C500%2C500italic%2C700%2C700italic%2C900%2C900italic|font_style:500%20bold%20regular%3A500%3Anormal\u00a0\u00bb css=\u00a0\u00bb.vc_custom_1729762214045{margin-top: 2rem !important;}\u00a0\u00bb][vc_raw_html]PGRpdj4KCgo8c3R5bGU+CgpAaW1wb3J0IHVybCgnaHR0cHM6Ly9mb250cy5nb29nbGVhcGlzLmNvbS9jc3MyP2ZhbWlseT1Sb2JvdG86aXRhbCx3Z2h0QDAsMTAwOzAsMzAwOzAsNDAwOzAsNTAwOzAsNzAwOzAsOTAwOzEsMTAwOzEsMzAwOzEsNDAwOzEsNTAwOzEsNzAwOzEsOTAwJmRpc3BsYXk9c3dhcCcpOwoKdGFibGUsIHRkLCB0aCB7CiAgYm9yZGVyOiAxcHggc29saWQ7Cn0KCnRhYmxlIHsKICB3aWR0aDogMTAwJTsKICBib3JkZXItY29sbGFwc2U6IGNvbGxhcHNlOwogIGZvbnQtZmFtaWx5OiAiUm9ib3RvIiwgc2Fucy1zZXJpZjsKICBmb250LXdlaWdodDogNTAwOwogIGZvbnQtc3R5bGU6IG5vcm1hbDsKICBmb250LXNpemU6MThweDsKfQo8L3N0eWxlPgoKCgo8dGFibGU+CiAgPHRyPgogICAgPHRoPk5vbTwvdGg+Cjx0aD5PcmlnaW5lPC90aD4KPHRoPkJ1dDwvdGg+Cjx0aD5JbmZvcm1hdGlvbjwvdGg+Cjx0aD5TdG9ja2FnZTwvdGg+IAogIDwvdHI+CiAgPHRyPgogICAgPHRkPl9nYTwvdGQ+Cjx0ZD5Hb29nbGU8L3RkPgogICAgPHRkPkZhaXQgcGFydGllIGRlIEdvb2dsZSBBbmFseXRpY3MuIElsIGVzdCB1dGlsaXPDqSBwb3VyIGRpc3Rpbmd1ZXIgbGVzIHV0aWxpc2F0ZXVycy4gKFBsdXMgZCdpbmZvcm1hdGlvbnMpICA8L3RkPgogICAgPHRkPlBvdXIgYW5hbHlzZS4gUGVyc2lzdGFudC4gPC90ZD4KICAgIDx0ZD4yIGFuczwvdGQ+CiAgPC90cj4KICA8dHI+CiAgICA8dGQ+X2dhdDwvdGQ+Cjx0ZD5Hb29nbGU8L3RkPgogICAgPHRkPkZhaXQgcGFydGllIGRlIEdvb2dsZSBBbmFseXRpY3MuIFV0aWxpc8OpIHBvdXIgbGltaXRlciBsZSBwb3VyY2VudGFnZSBkZSBkZW1hbmRlcy4gKFBsdXMgZCdpbmZvcm1hdGlvbnMpICA8L3RkPgogICAgPHRkPlZlcnNlciBhbmFseXNlci4gUGVyc2lzdGFudC4gPC90ZD4KICAgIDx0ZD4xMCBtaW51dGVzPC90ZD4KICA8L3RyPgogIDx0cj4KICAgIDx0ZD5fZ2lkPC90ZD4KPHRkPkdvb2dsZTwvdGQ+CiAgICA8dGQ+RmFpdCBwYXJ0aWUgZGUgR29vZ2xlIEFuYWx5dGljcy4gSWwgZXN0IHV0aWxpc8OpIHBvdXIgZGlzdGluZ3VlciBsZXMgdXRpbGlzYXRldXJzLiAoUGx1cyBkJ2luZm9ybWF0aW9ucykgIDwvdGQ+CiAgICA8dGQ+QW5hbHlzZXVyIFZlcnNlci4gUGVyc2lzdGFudC4gPC90ZD4KICAgIDx0ZD4yNCBoZXVyZXM8L3RkPgogIDwvdHI+CjwvdGFibGU+CgoKPC9kaXY+[\/vc_raw_html][vc_custom_heading text=\u00a0\u00bb4. D\u00e9sactivation des cookies\u00a0\u00bb font_container=\u00a0\u00bbtag:h5|font_size:25px|text_align:left|color:%23323c4c\u00a0\u00bb google_fonts=\u00a0\u00bbfont_family:Roboto%3A100%2C100italic%2C300%2C300italic%2Cregular%2Citalic%2C500%2C500italic%2C700%2C700italic%2C900%2C900italic|font_style:500%20bold%20regular%3A500%3Anormal\u00a0\u00bb css=\u00a0\u00bb.vc_custom_1730727610800{margin-top: 1rem !important;}\u00a0\u00bb][vc_custom_heading text=\u00a0\u00bbVous pouvez bloquer ou supprimer les cookies install\u00e9s sur votre ordinateur en configurant les options du navigateur que vous avez install\u00e9. Voici les \u00e9tapes \u00e0 suivre pour d\u00e9sactiver ou supprimer les cookies dans les principaux navigateurs : \u00a0\u00bb font_container=\u00a0\u00bbtag:p|font_size:16px|text_align:left|color:%23000000&Prime; google_fonts=\u00a0\u00bbfont_family:Roboto%3A100%2C100italic%2C300%2C300italic%2Cregular%2Citalic%2C500%2C500italic%2C700%2C700italic%2C900%2C900italic|font_style:400%20regular%3A400%3Anormal\u00a0\u00bb][vc_column_text]<\/p>\n<ul>\n<li>\n<p class=\"vc_custom_heading\">Pour configurer les autorisations li\u00e9es aux cookies install\u00e9s dans le navigateur Google Chome vous pouvez cliquer sur le lien suivant.<\/p>\n<\/li>\n<li>\n<p class=\"vc_custom_heading\">Pour configurer les autorisations li\u00e9es aux cookies install\u00e9s dans le navigateur Mozilla Firefox vous pouvez cliquer sur le lien suivant.<\/p>\n<\/li>\n<li>\n<p class=\"vc_custom_heading\">Pour configurer les autorisations li\u00e9es aux cookies install\u00e9s dans le navigateur Microsoft Internet Explorer vous pouvez cliquer sur le lien suivant.<\/p>\n<\/li>\n<li>\n<p class=\"vc_custom_heading\">Pour configurer les autorisations li\u00e9es aux cookies install\u00e9s dans le navigateur Safari vous pouvez cliquer sur le lien suivant.<\/p>\n<\/li>\n<\/ul>\n<p>[\/vc_column_text][vc_custom_heading text=\u00a0\u00bbATTENTION : Si vous bloquez les cookies dans votre navigateur, il est possible que certains services ou fonctionnalit\u00e9s du site Internet ne soient pas disponibles.\u00a0\u00bb font_container=\u00a0\u00bbtag:p|font_size:16px|text_align:left|color:%23000000&Prime; google_fonts=\u00a0\u00bbfont_family:Roboto%3A100%2C100italic%2C300%2C300italic%2Cregular%2Citalic%2C500%2C500italic%2C700%2C700italic%2C900%2C900italic|font_style:400%20regular%3A400%3Anormal\u00a0\u00bb css=\u00a0\u00bb.vc_custom_1730727599272{margin-top: 1rem !important;}\u00a0\u00bb][\/vc_column][\/vc_row]<\/p>\n","protected":false},"excerpt":{"rendered":"<p>[vc_row][vc_column][vc_custom_heading text=\u00a0\u00bb1. D\u00e9finition des cookies\u00a0\u00bb font_container=\u00a0\u00bbtag:h5|font_size:25px|text_align:left|color:%23323c4c\u00a0\u00bb google_fonts=\u00a0\u00bbfont_family:Roboto%3A100%2C100italic%2C300%2C300italic%2Cregular%2Citalic%2C500%2C500italic%2C700%2C700italic%2C900%2C900italic|font_style:500%20bold%20regular%3A500%3Anormal\u00a0\u00bb css=\u00a0\u00bb.vc_custom_1729762189286{margin-top: 1.5rem !important;}\u00a0\u00bb][vc_custom_heading text=\u00a0\u00bbLes utilisateurs sont inform\u00e9s que ce site utilise des cookies. Un cookie est un fichier t\u00e9l\u00e9charg\u00e9 sur votre ordinateur lorsque vous acc\u00e9dez \u00e0 certaines pages Web. Les cookies permettent, entre autres, \u00e0 un site Web de stocker et de r\u00e9cup\u00e9rer des informations sur les habitudes de navigation de l&apos;utilisateur ou de son ordinateur et, en fonction des informations qu&apos;ils contiennent et de la mani\u00e8re dont votre ordinateur est utilis\u00e9, ils peuvent \u00eatre utilis\u00e9s pour reconna\u00eetre l&apos;utilisateur. . \u00a0\u00bb font_container=\u00a0\u00bbtag:p|font_size:16px|text_align:left|color:%23000000&Prime; google_fonts=\u00a0\u00bbfont_family:Roboto%3A100%2C100italic%2C300%2C300italic%2Cregular%2Citalic%2C500%2C500italic%2C700%2C700italic%2C900%2C900italic|font_style:400%20regular%3A400%3Anormal\u00a0\u00bb][vc_custom_heading text=\u00a0\u00bb2. Types de cookies\u00a0\u00bb font_container=\u00a0\u00bbtag:h5|font_size:25px|text_align:left|color:%23323c4c\u00a0\u00bb google_fonts=\u00a0\u00bbfont_family:Roboto%3A100%2C100italic%2C300%2C300italic%2Cregular%2Citalic%2C500%2C500italic%2C700%2C700italic%2C900%2C900italic|font_style:500%20bold%20regular%3A500%3Anormal\u00a0\u00bb css=\u00a0\u00bb.vc_custom_1729762201996{margin-top: 0px !important;}\u00a0\u00bb][vc_column_text] Cookies de personnalisation de l&rsquo;interface utilisateur : Ce site Internet contient un cookie \u00ab pr\u00e9f\u00e9rence de langue \u00bb qui permet de [&hellip;]<\/p>\n","protected":false},"author":2,"featured_media":0,"parent":0,"menu_order":0,"comment_status":"closed","ping_status":"closed","template":"page-templates\/full-width.php","meta":{"_acf_changed":false,"_coblocks_attr":"","_coblocks_dimensions":"","_coblocks_responsive_height":"","_coblocks_accordion_ie_support":"","footnotes":""},"class_list":["post-13303","page","type-page","status-publish","hentry"],"acf":[],"yoast_head":"<!-- This site is optimized with the Yoast SEO plugin v27.4 - https:\/\/yoast.com\/product\/yoast-seo-wordpress\/ -->\n<title>Politique de cookies - SMART Coworking<\/title>\n<meta name=\"robots\" content=\"index, follow, max-snippet:-1, max-image-preview:large, max-video-preview:-1\" \/>\n<link rel=\"canonical\" href=\"https:\/\/smartcoworking.ad\/fr\/politique-de-cookies\/\" \/>\n<meta property=\"og:locale\" content=\"fr_FR\" \/>\n<meta property=\"og:type\" content=\"article\" \/>\n<meta property=\"og:title\" content=\"Politique de cookies - SMART Coworking\" \/>\n<meta property=\"og:description\" content=\"[vc_row][vc_column][vc_custom_heading text=\u00a0\u00bb1. D\u00e9finition des cookies\u00a0\u00bb font_container=\u00a0\u00bbtag:h5|font_size:25px|text_align:left|color:%23323c4c\u00a0\u00bb google_fonts=\u00a0\u00bbfont_family:Roboto%3A100%2C100italic%2C300%2C300italic%2Cregular%2Citalic%2C500%2C500italic%2C700%2C700italic%2C900%2C900italic|font_style:500%20bold%20regular%3A500%3Anormal\u00a0\u00bb css=\u00a0\u00bb.vc_custom_1729762189286{margin-top: 1.5rem !important;}\u00a0\u00bb][vc_custom_heading text=\u00a0\u00bbLes utilisateurs sont inform\u00e9s que ce site utilise des cookies. Un cookie est un fichier t\u00e9l\u00e9charg\u00e9 sur votre ordinateur lorsque vous acc\u00e9dez \u00e0 certaines pages Web. Les cookies permettent, entre autres, \u00e0 un site Web de stocker et de r\u00e9cup\u00e9rer des informations sur les habitudes de navigation de l&amp;apos;utilisateur ou de son ordinateur et, en fonction des informations qu&amp;apos;ils contiennent et de la mani\u00e8re dont votre ordinateur est utilis\u00e9, ils peuvent \u00eatre utilis\u00e9s pour reconna\u00eetre l&amp;apos;utilisateur. . \u00a0\u00bb font_container=\u00a0\u00bbtag:p|font_size:16px|text_align:left|color:%23000000&Prime; google_fonts=\u00a0\u00bbfont_family:Roboto%3A100%2C100italic%2C300%2C300italic%2Cregular%2Citalic%2C500%2C500italic%2C700%2C700italic%2C900%2C900italic|font_style:400%20regular%3A400%3Anormal\u00a0\u00bb][vc_custom_heading text=\u00a0\u00bb2. Types de cookies\u00a0\u00bb font_container=\u00a0\u00bbtag:h5|font_size:25px|text_align:left|color:%23323c4c\u00a0\u00bb google_fonts=\u00a0\u00bbfont_family:Roboto%3A100%2C100italic%2C300%2C300italic%2Cregular%2Citalic%2C500%2C500italic%2C700%2C700italic%2C900%2C900italic|font_style:500%20bold%20regular%3A500%3Anormal\u00a0\u00bb css=\u00a0\u00bb.vc_custom_1729762201996{margin-top: 0px !important;}\u00a0\u00bb][vc_column_text] Cookies de personnalisation de l&rsquo;interface utilisateur : Ce site Internet contient un cookie \u00ab pr\u00e9f\u00e9rence de langue \u00bb qui permet de [&hellip;]\" \/>\n<meta property=\"og:url\" content=\"https:\/\/smartcoworking.ad\/fr\/politique-de-cookies\/\" \/>\n<meta property=\"og:site_name\" content=\"SMART Coworking\" \/>\n<meta property=\"article:publisher\" content=\"https:\/\/www.facebook.com\/smartexecutiveandorra\" \/>\n<meta property=\"article:modified_time\" content=\"2024-11-18T14:02:01+00:00\" \/>\n<meta name=\"twitter:card\" content=\"summary_large_image\" \/>\n<meta name=\"twitter:site\" content=\"@smart_exe_and\" \/>\n<meta name=\"twitter:label1\" content=\"Dur\u00e9e de lecture estim\u00e9e\" \/>\n\t<meta name=\"twitter:data1\" content=\"5 minutes\" \/>\n<script type=\"application\/ld+json\" class=\"yoast-schema-graph\">{\"@context\":\"https:\\\/\\\/schema.org\",\"@graph\":[{\"@type\":\"WebPage\",\"@id\":\"https:\\\/\\\/smartcoworking.ad\\\/fr\\\/politique-de-cookies\\\/\",\"url\":\"https:\\\/\\\/smartcoworking.ad\\\/fr\\\/politique-de-cookies\\\/\",\"name\":\"Politique de cookies - SMART Coworking\",\"isPartOf\":{\"@id\":\"https:\\\/\\\/smartcoworking.ad\\\/fr\\\/#website\"},\"datePublished\":\"2024-10-23T06:22:42+00:00\",\"dateModified\":\"2024-11-18T14:02:01+00:00\",\"breadcrumb\":{\"@id\":\"https:\\\/\\\/smartcoworking.ad\\\/fr\\\/politique-de-cookies\\\/#breadcrumb\"},\"inLanguage\":\"fr-FR\",\"potentialAction\":[{\"@type\":\"ReadAction\",\"target\":[\"https:\\\/\\\/smartcoworking.ad\\\/fr\\\/politique-de-cookies\\\/\"]}]},{\"@type\":\"BreadcrumbList\",\"@id\":\"https:\\\/\\\/smartcoworking.ad\\\/fr\\\/politique-de-cookies\\\/#breadcrumb\",\"itemListElement\":[{\"@type\":\"ListItem\",\"position\":1,\"name\":\"Maison\",\"item\":\"https:\\\/\\\/smartcoworking.ad\\\/fr\\\/\"},{\"@type\":\"ListItem\",\"position\":2,\"name\":\"Politique de cookies\"}]},{\"@type\":\"WebSite\",\"@id\":\"https:\\\/\\\/smartcoworking.ad\\\/fr\\\/#website\",\"url\":\"https:\\\/\\\/smartcoworking.ad\\\/fr\\\/\",\"name\":\"SMART Coworking\",\"description\":\"Coworking Spaces in Andorra\",\"potentialAction\":[{\"@type\":\"SearchAction\",\"target\":{\"@type\":\"EntryPoint\",\"urlTemplate\":\"https:\\\/\\\/smartcoworking.ad\\\/fr\\\/?s={search_term_string}\"},\"query-input\":{\"@type\":\"PropertyValueSpecification\",\"valueRequired\":true,\"valueName\":\"search_term_string\"}}],\"inLanguage\":\"fr-FR\"}]}<\/script>\n<!-- \/ Yoast SEO plugin. -->","yoast_head_json":{"title":"Politique de cookies - SMART Coworking","robots":{"index":"index","follow":"follow","max-snippet":"max-snippet:-1","max-image-preview":"max-image-preview:large","max-video-preview":"max-video-preview:-1"},"canonical":"https:\/\/smartcoworking.ad\/fr\/politique-de-cookies\/","og_locale":"fr_FR","og_type":"article","og_title":"Politique de cookies - SMART Coworking","og_description":"[vc_row][vc_column][vc_custom_heading text=\u00a0\u00bb1. D\u00e9finition des cookies\u00a0\u00bb font_container=\u00a0\u00bbtag:h5|font_size:25px|text_align:left|color:%23323c4c\u00a0\u00bb google_fonts=\u00a0\u00bbfont_family:Roboto%3A100%2C100italic%2C300%2C300italic%2Cregular%2Citalic%2C500%2C500italic%2C700%2C700italic%2C900%2C900italic|font_style:500%20bold%20regular%3A500%3Anormal\u00a0\u00bb css=\u00a0\u00bb.vc_custom_1729762189286{margin-top: 1.5rem !important;}\u00a0\u00bb][vc_custom_heading text=\u00a0\u00bbLes utilisateurs sont inform\u00e9s que ce site utilise des cookies. Un cookie est un fichier t\u00e9l\u00e9charg\u00e9 sur votre ordinateur lorsque vous acc\u00e9dez \u00e0 certaines pages Web. Les cookies permettent, entre autres, \u00e0 un site Web de stocker et de r\u00e9cup\u00e9rer des informations sur les habitudes de navigation de l&apos;utilisateur ou de son ordinateur et, en fonction des informations qu&apos;ils contiennent et de la mani\u00e8re dont votre ordinateur est utilis\u00e9, ils peuvent \u00eatre utilis\u00e9s pour reconna\u00eetre l&apos;utilisateur. . \u00a0\u00bb font_container=\u00a0\u00bbtag:p|font_size:16px|text_align:left|color:%23000000&Prime; google_fonts=\u00a0\u00bbfont_family:Roboto%3A100%2C100italic%2C300%2C300italic%2Cregular%2Citalic%2C500%2C500italic%2C700%2C700italic%2C900%2C900italic|font_style:400%20regular%3A400%3Anormal\u00a0\u00bb][vc_custom_heading text=\u00a0\u00bb2. Types de cookies\u00a0\u00bb font_container=\u00a0\u00bbtag:h5|font_size:25px|text_align:left|color:%23323c4c\u00a0\u00bb google_fonts=\u00a0\u00bbfont_family:Roboto%3A100%2C100italic%2C300%2C300italic%2Cregular%2Citalic%2C500%2C500italic%2C700%2C700italic%2C900%2C900italic|font_style:500%20bold%20regular%3A500%3Anormal\u00a0\u00bb css=\u00a0\u00bb.vc_custom_1729762201996{margin-top: 0px !important;}\u00a0\u00bb][vc_column_text] Cookies de personnalisation de l&rsquo;interface utilisateur : Ce site Internet contient un cookie \u00ab pr\u00e9f\u00e9rence de langue \u00bb qui permet de [&hellip;]","og_url":"https:\/\/smartcoworking.ad\/fr\/politique-de-cookies\/","og_site_name":"SMART Coworking","article_publisher":"https:\/\/www.facebook.com\/smartexecutiveandorra","article_modified_time":"2024-11-18T14:02:01+00:00","twitter_card":"summary_large_image","twitter_site":"@smart_exe_and","twitter_misc":{"Dur\u00e9e de lecture estim\u00e9e":"5 minutes"},"schema":{"@context":"https:\/\/schema.org","@graph":[{"@type":"WebPage","@id":"https:\/\/smartcoworking.ad\/fr\/politique-de-cookies\/","url":"https:\/\/smartcoworking.ad\/fr\/politique-de-cookies\/","name":"Politique de cookies - SMART Coworking","isPartOf":{"@id":"https:\/\/smartcoworking.ad\/fr\/#website"},"datePublished":"2024-10-23T06:22:42+00:00","dateModified":"2024-11-18T14:02:01+00:00","breadcrumb":{"@id":"https:\/\/smartcoworking.ad\/fr\/politique-de-cookies\/#breadcrumb"},"inLanguage":"fr-FR","potentialAction":[{"@type":"ReadAction","target":["https:\/\/smartcoworking.ad\/fr\/politique-de-cookies\/"]}]},{"@type":"BreadcrumbList","@id":"https:\/\/smartcoworking.ad\/fr\/politique-de-cookies\/#breadcrumb","itemListElement":[{"@type":"ListItem","position":1,"name":"Maison","item":"https:\/\/smartcoworking.ad\/fr\/"},{"@type":"ListItem","position":2,"name":"Politique de cookies"}]},{"@type":"WebSite","@id":"https:\/\/smartcoworking.ad\/fr\/#website","url":"https:\/\/smartcoworking.ad\/fr\/","name":"SMART Coworking","description":"Coworking Spaces in Andorra","potentialAction":[{"@type":"SearchAction","target":{"@type":"EntryPoint","urlTemplate":"https:\/\/smartcoworking.ad\/fr\/?s={search_term_string}"},"query-input":{"@type":"PropertyValueSpecification","valueRequired":true,"valueName":"search_term_string"}}],"inLanguage":"fr-FR"}]}},"_links":{"self":[{"href":"https:\/\/smartcoworking.ad\/fr\/wp-json\/wp\/v2\/pages\/13303","targetHints":{"allow":["GET"]}}],"collection":[{"href":"https:\/\/smartcoworking.ad\/fr\/wp-json\/wp\/v2\/pages"}],"about":[{"href":"https:\/\/smartcoworking.ad\/fr\/wp-json\/wp\/v2\/types\/page"}],"author":[{"embeddable":true,"href":"https:\/\/smartcoworking.ad\/fr\/wp-json\/wp\/v2\/users\/2"}],"replies":[{"embeddable":true,"href":"https:\/\/smartcoworking.ad\/fr\/wp-json\/wp\/v2\/comments?post=13303"}],"version-history":[{"count":1,"href":"https:\/\/smartcoworking.ad\/fr\/wp-json\/wp\/v2\/pages\/13303\/revisions"}],"predecessor-version":[{"id":13304,"href":"https:\/\/smartcoworking.ad\/fr\/wp-json\/wp\/v2\/pages\/13303\/revisions\/13304"}],"wp:attachment":[{"href":"https:\/\/smartcoworking.ad\/fr\/wp-json\/wp\/v2\/media?parent=13303"}],"curies":[{"name":"wp","href":"https:\/\/api.w.org\/{rel}","templated":true}]}}